{"id":350696,"date":"2023-07-16T18:29:38","date_gmt":"2024-07-10T12:32:44","guid":{"rendered":"https:\/\/www.moskito.cz\/produkt\/cuchillo-fijo-muela-55-16\/"},"modified":"2025-05-07T11:20:32","modified_gmt":"2025-05-07T10:20:32","slug":"cuchillo-fijo-muela-55-16","status":"publish","type":"product","link":"https:\/\/www.moskito.cz\/es\/produkt\/cuchillo-fijo-muela-55-16\/","title":{"rendered":"Cuchillo Fijo Muela 55-16"},"content":{"rendered":"<p>Cuchillo Fijo <strong>Muela<\/strong> 55-16<\/p>\n<p>55-16 &#8211; cuchillo t\u00e1ctico con hoja fija de la empresa espa\u00f1ola Muela. Ideal para salidas fuera de la ciudad, como cuchillo de aleta, cuchillo de supervivencia o de caza. Funcionar\u00e1 como cuchillo t\u00e1ctico y como cuchillo de caza. La hoja fija se puede utilizar para todo tipo de trabajo, en todas las condiciones.<\/p>\n<p>Hoja: fabricada con perfil Bowie, espesor de 3,5 mil\u00edmetros, fabricada en acero inoxidable 420H duradero y resistente a la corrosi\u00f3n con alto contenido de carbono y alta resistencia al impacto, endurecida en el rango de 54-58 HRC. Esta hoja est\u00e1 cubierta con una capa de acabado satinado (semimate) no reflectante que elimina el brillo. La hoja lisa (tipo liso) y la hoja c\u00f3ncava derivada (rectificado hueco) garantizan buenas propiedades de corte. Acero en ambos lados de la hoja, protege la mano contra resbalones mientras trabaja. Se coloc\u00f3 una garra de doble cara en la base de la hoja para evitar que la mano se deslizara por la hoja.<\/p>\n<p>Empu\u00f1adura: cierre de elast\u00f3mero negro trenzado rematado con una cabeza de acero chapada en oro. El mango de goma suave se adapta c\u00f3modamente a la mano, el cuchillo no se resbala de nuestras manos incluso con las manos mojadas. Un agarre fuerte y fiable permite movimientos precisos del cuchillo. En la parte posterior del mango hay una abertura para la cuerda.<\/p>\n<p>El estuche de color negro, que se cierra con un broche, permite llevar el cuchillo con seguridad. Confeccionado en piel natural con logo de la Empresa Muela grabado. Los bordes de la funda estaban cosidos con hilo decorativo. La funda tiene un cintur\u00f3n para llevar el cuchillo en posici\u00f3n vertical.<\/p>\n<p>Especificaciones t\u00e9cnicas:<br \/>\nN\u00famero de producto: 55-16<br \/>\nTipo de acero: 420H<br \/>\nLongitud de la hoja: 16 cm<br \/>\nGrosor de la hoja: 0,35 cm.<br \/>\nLongitud total: 28,6 cm<br \/>\nPeso: 228 g\/7,90 oz<br \/>\nTipo de borde: Liso<br \/>\nTipo de hoja: Bowie<br \/>\nTipo de mango: Thermorun<br \/>\nVaina: Cuero<br \/>\nFabricante: Muela, Espa\u00f1a<\/p>\n<p>Creado por: Sharg\u00ae Company &#8211; Importador directo<\/p>\n<p>&nbsp;<\/p>\n","protected":false},"excerpt":{"rendered":"<p><strong>55-16 &#8211; cuchillo t\u00e1ctico con hoja fija de la empresa espa\u00f1ola Muela. Ideal para salidas fuera de la ciudad, como cuchillo de aleta, cuchillo de supervivencia o de caza. Funcionar\u00e1 como cuchillo t\u00e1ctico y como cuchillo de caza.<\/strong><\/p>\n","protected":false},"featured_media":350702,"comment_status":"open","ping_status":"closed","template":"","meta":[],"pwb-brand":[3908],"product_brand":[],"product_cat":[3727,3726],"product_tag":[3756],"class_list":{"0":"post-350696","1":"product","2":"type-product","3":"status-publish","4":"has-post-thumbnail","6":"pwb-brand-ella-tenia-que","7":"product_cat-cuchillos-macizos","8":"product_cat-cuchillos","9":"product_tag-b2b-es","11":"first","12":"instock","13":"taxable","14":"shipping-taxable","15":"purchasable","16":"product-type-simple"},"brands":[{"id":3908,"name":"Ella ten\u00eda que","slug":"ella-tenia-que"}],"_links":{"self":[{"href":"https:\/\/www.moskito.cz\/es\/wp-json\/wp\/v2\/product\/350696","targetHints":{"allow":["GET"]}}],"collection":[{"href":"https:\/\/www.moskito.cz\/es\/wp-json\/wp\/v2\/product"}],"about":[{"href":"https:\/\/www.moskito.cz\/es\/wp-json\/wp\/v2\/types\/product"}],"replies":[{"embeddable":true,"href":"https:\/\/www.moskito.cz\/es\/wp-json\/wp\/v2\/comments?post=350696"}],"wp:featuredmedia":[{"embeddable":true,"href":"https:\/\/www.moskito.cz\/es\/wp-json\/wp\/v2\/media\/350702"}],"wp:attachment":[{"href":"https:\/\/www.moskito.cz\/es\/wp-json\/wp\/v2\/media?parent=350696"}],"wp:term":[{"taxonomy":"pwb-brand","embeddable":true,"href":"https:\/\/www.moskito.cz\/es\/wp-json\/wp\/v2\/pwb-brand?post=350696"},{"taxonomy":"product_brand","embeddable":true,"href":"https:\/\/www.moskito.cz\/es\/wp-json\/wp\/v2\/product_brand?post=350696"},{"taxonomy":"product_cat","embeddable":true,"href":"https:\/\/www.moskito.cz\/es\/wp-json\/wp\/v2\/product_cat?post=350696"},{"taxonomy":"product_tag","embeddable":true,"href":"https:\/\/www.moskito.cz\/es\/wp-json\/wp\/v2\/product_tag?post=350696"}],"curies":[{"name":"wp","href":"https:\/\/api.w.org\/{rel}","templated":true}]}}