{"id":350752,"date":"2023-07-13T14:54:59","date_gmt":"2024-07-10T12:54:44","guid":{"rendered":"https:\/\/www.moskito.cz\/produkt\/cuchillo-fijo-muela-hunter-17r\/"},"modified":"2025-05-07T11:20:34","modified_gmt":"2025-05-07T10:20:34","slug":"cuchillo-fijo-muela-hunter-17r","status":"publish","type":"product","link":"https:\/\/www.moskito.cz\/es\/produkt\/cuchillo-fijo-muela-hunter-17r\/","title":{"rendered":"Cuchillo Fijo Muela Hunter-17R"},"content":{"rendered":"<p>Cuchillo Fijo <strong>Muela<\/strong> Hunter-17R<\/p>\n<p>Fabricante de cuchillos y navajas artesanales Manufacturas Muela presenta el cuchillo outdoor HUNTER-17R dentro de la familia de cuchillos de CAZA Y DEPORTIVOS.<\/p>\n<p>Con mango de palisandro y uso de acero inoxidable para defensa y copa. Mango ergon\u00f3mico y hoja de 170 mm de tama\u00f1o, fabricado en acero molibdeno-vanadio. \u00a1\u00a1\u00a1Cuchillo duro!!!<\/p>\n<p>La empresa Muela fue fundada por D. Eladio Muela Le\u00f3n a mediados de los a\u00f1os 50. a\u00f1os del siglo pasado, alentado por la gran respuesta que tuvo su navaja artesanal de 38 piezas entre los ingenieros alemanes de la refiner\u00eda de Empetrol, donde entonces trabajaba D. Eladio I.<\/p>\n<p>La actual instalaci\u00f3n de cuchiller\u00eda de Muela en Argamasilla de Calatrava tiene una superficie de m\u00e1s de 5.000 m2 y est\u00e1 equipada con los \u00faltimos sistemas de producci\u00f3n y mecanizado, donde se producen m\u00e1s de 350.000 piezas anualmente, de las cuales el 70% se exporta a M\u00e1s de 50 pa\u00edses en los cinco continentes.<\/p>\n<p>Actualmente, el Grupo Muela es una de las empresas de referencia en cuchiller\u00eda de caza artesanal en Espa\u00f1a y en todo el mundo, y sus cuchillos y navajas son muy valorados por su alta calidad.<\/p>\n<p>Cuchillo enterizo Muela Hunter 17R<\/p>\n<p>Mango de madera moldeado<br \/>\nEstuche de cuero refinado<br \/>\nHoja: 17 cm<br \/>\nLongitud total: 28,5 cm.<br \/>\nEspesor 4mm<br \/>\nPeso: 264 gramos<br \/>\nAcero: Molibdeno Vanadio X50CrMoV15 MOVA (1.4116)<br \/>\nDureza: 57-58 HRC<br \/>\nEl acero cl\u00e1sico de nuestros cuchillos. Excelente combinaci\u00f3n de molibdeno y vanadio para lograr un acero con excelentes propiedades de dureza y resistencia a la corrosi\u00f3n.<\/p>\n<p>Los cuchillos Muela tienen garant\u00eda de por vida contra defectos de material o fabricaci\u00f3n. Los da\u00f1os causados \u200b\u200bpor mal uso, negligencia y desgaste l\u00f3gico causado por el uso no est\u00e1n cubiertos por esta garant\u00eda)<\/p>\n<p>&nbsp;<\/p>\n<p>&nbsp;<\/p>\n","protected":false},"excerpt":{"rendered":"<p><strong>Fabricante de cuchillos y navajas artesanales Manufacturas Muela presenta el cuchillo outdoor HUNTER-17R dentro de la familia de cuchillos de CAZA Y DEPORTIVOS.<\/strong><\/p>\n","protected":false},"featured_media":350757,"comment_status":"open","ping_status":"closed","template":"","meta":[],"pwb-brand":[3908],"product_brand":[],"product_cat":[3726,3727],"product_tag":[3756],"class_list":{"0":"post-350752","1":"product","2":"type-product","3":"status-publish","4":"has-post-thumbnail","6":"pwb-brand-ella-tenia-que","7":"product_cat-cuchillos","8":"product_cat-cuchillos-macizos","9":"product_tag-b2b-es","11":"first","12":"instock","13":"taxable","14":"shipping-taxable","15":"purchasable","16":"product-type-simple"},"brands":[{"id":3908,"name":"Ella ten\u00eda que","slug":"ella-tenia-que"}],"_links":{"self":[{"href":"https:\/\/www.moskito.cz\/es\/wp-json\/wp\/v2\/product\/350752","targetHints":{"allow":["GET"]}}],"collection":[{"href":"https:\/\/www.moskito.cz\/es\/wp-json\/wp\/v2\/product"}],"about":[{"href":"https:\/\/www.moskito.cz\/es\/wp-json\/wp\/v2\/types\/product"}],"replies":[{"embeddable":true,"href":"https:\/\/www.moskito.cz\/es\/wp-json\/wp\/v2\/comments?post=350752"}],"wp:featuredmedia":[{"embeddable":true,"href":"https:\/\/www.moskito.cz\/es\/wp-json\/wp\/v2\/media\/350757"}],"wp:attachment":[{"href":"https:\/\/www.moskito.cz\/es\/wp-json\/wp\/v2\/media?parent=350752"}],"wp:term":[{"taxonomy":"pwb-brand","embeddable":true,"href":"https:\/\/www.moskito.cz\/es\/wp-json\/wp\/v2\/pwb-brand?post=350752"},{"taxonomy":"product_brand","embeddable":true,"href":"https:\/\/www.moskito.cz\/es\/wp-json\/wp\/v2\/product_brand?post=350752"},{"taxonomy":"product_cat","embeddable":true,"href":"https:\/\/www.moskito.cz\/es\/wp-json\/wp\/v2\/product_cat?post=350752"},{"taxonomy":"product_tag","embeddable":true,"href":"https:\/\/www.moskito.cz\/es\/wp-json\/wp\/v2\/product_tag?post=350752"}],"curies":[{"name":"wp","href":"https:\/\/api.w.org\/{rel}","templated":true}]}}