{"id":350812,"date":"2024-07-10T14:10:59","date_gmt":"2024-07-10T13:11:51","guid":{"rendered":"https:\/\/www.moskito.cz\/produkt\/cuchillo-macizo-muela-sarrio-19g\/"},"modified":"2025-05-07T11:20:36","modified_gmt":"2025-05-07T10:20:36","slug":"cuchillo-macizo-muela-sarrio-19g","status":"publish","type":"product","link":"https:\/\/www.moskito.cz\/es\/produkt\/cuchillo-macizo-muela-sarrio-19g\/","title":{"rendered":"Cuchillo Macizo Muela SARRIO-19G"},"content":{"rendered":"<p>Cuchillo Macizo <strong>Muela<\/strong> SARRIO-19G<\/p>\n<p>Daga de caza de tama\u00f1o mediano y alta calidad del fabricante espa\u00f1ol Muela, que tiene una larga tradici\u00f3n en la producci\u00f3n de dagas de caza.<br \/>\nMuela es una de las marcas de cuchillos espa\u00f1olas m\u00e1s conocidas y vendidas, una opci\u00f3n ideal para cazadores o para pasar tiempo en la naturaleza.<br \/>\nEl cuchillo tiene un mango de goma de forma ergon\u00f3mica para un mejor agarre, una protecci\u00f3n met\u00e1lica de doble cara para mayor seguridad, la daga viene con una funda de cuero negro.<\/p>\n<p>USAR:<br \/>\n&#8211; a la naturaleza y para un uso normal,<br \/>\n&#8211; para silvicultores, cazadores,<br \/>\n&#8211; al aire libre, camping, supervivencia.<\/p>\n<p>&nbsp;<\/p>\n<p>Material de la hoja: X50CrMoV15<br \/>\nMaterial del mango: Caucho<br \/>\nLongitud de la hoja: 19,5 cm<br \/>\nLargo total: 31cm<br \/>\nLongitud del mango: 11,5 cm<br \/>\nPeso: 300 gramos<\/p>\n<p>&nbsp;<\/p>\n","protected":false},"excerpt":{"rendered":"<p><strong>Daga de caza de tama\u00f1o mediano y alta calidad del fabricante espa\u00f1ol Muela, que tiene una larga tradici\u00f3n en la producci\u00f3n de dagas de caza.<\/strong><\/p>\n","protected":false},"featured_media":350782,"comment_status":"open","ping_status":"closed","template":"","meta":[],"pwb-brand":[3908],"product_brand":[],"product_cat":[3727,3726],"product_tag":[3756],"class_list":{"0":"post-350812","1":"product","2":"type-product","3":"status-publish","4":"has-post-thumbnail","6":"pwb-brand-ella-tenia-que","7":"product_cat-cuchillos-macizos","8":"product_cat-cuchillos","9":"product_tag-b2b-es","11":"first","12":"outofstock","13":"taxable","14":"shipping-taxable","15":"purchasable","16":"product-type-simple"},"brands":[{"id":3908,"name":"Ella ten\u00eda que","slug":"ella-tenia-que"}],"_links":{"self":[{"href":"https:\/\/www.moskito.cz\/es\/wp-json\/wp\/v2\/product\/350812","targetHints":{"allow":["GET"]}}],"collection":[{"href":"https:\/\/www.moskito.cz\/es\/wp-json\/wp\/v2\/product"}],"about":[{"href":"https:\/\/www.moskito.cz\/es\/wp-json\/wp\/v2\/types\/product"}],"replies":[{"embeddable":true,"href":"https:\/\/www.moskito.cz\/es\/wp-json\/wp\/v2\/comments?post=350812"}],"wp:featuredmedia":[{"embeddable":true,"href":"https:\/\/www.moskito.cz\/es\/wp-json\/wp\/v2\/media\/350782"}],"wp:attachment":[{"href":"https:\/\/www.moskito.cz\/es\/wp-json\/wp\/v2\/media?parent=350812"}],"wp:term":[{"taxonomy":"pwb-brand","embeddable":true,"href":"https:\/\/www.moskito.cz\/es\/wp-json\/wp\/v2\/pwb-brand?post=350812"},{"taxonomy":"product_brand","embeddable":true,"href":"https:\/\/www.moskito.cz\/es\/wp-json\/wp\/v2\/product_brand?post=350812"},{"taxonomy":"product_cat","embeddable":true,"href":"https:\/\/www.moskito.cz\/es\/wp-json\/wp\/v2\/product_cat?post=350812"},{"taxonomy":"product_tag","embeddable":true,"href":"https:\/\/www.moskito.cz\/es\/wp-json\/wp\/v2\/product_tag?post=350812"}],"curies":[{"name":"wp","href":"https:\/\/api.w.org\/{rel}","templated":true}]}}