{"id":350845,"date":"2024-07-10T14:22:29","date_gmt":"2024-07-10T13:23:25","guid":{"rendered":"https:\/\/www.moskito.cz\/produkt\/cuchillo-fijo-muela-caz-16r\/"},"modified":"2025-05-07T11:20:38","modified_gmt":"2025-05-07T10:20:38","slug":"cuchillo-fijo-muela-caz-16r","status":"publish","type":"product","link":"https:\/\/www.moskito.cz\/es\/produkt\/cuchillo-fijo-muela-caz-16r\/","title":{"rendered":"Cuchillo Fijo Muela CAZ-16R"},"content":{"rendered":"<p>Cuchillo Fijo <strong>Muela<\/strong> CAZ-16R<\/p>\n<p>Cuchillo universal para exterior y bushcraft. La hoja est\u00e1 hecha de acero inoxidable de molibdeno vanadio de calidad con una dureza de alrededor de 60 HRC. Para m\u00e1xima seguridad en el trabajo, el cuchillo est\u00e1 equipado con una enorme protecci\u00f3n met\u00e1lica de doble cara en color plateado. El mango est\u00e1 fabricado en madera laminada de Pakka, tiene forma anat\u00f3mica y en el extremo tiene un orificio para colgar un cord\u00f3n. El cuchillo viene con una funda de cuero marr\u00f3n.<\/p>\n<p>Especificaciones:<\/p>\n<p>Longitud de la hoja: 16 cm.<\/p>\n<p>Longitud del mango: 12 cm.<\/p>\n<p>Longitud total: 18 cm.<\/p>\n<p>Peso del cuchillo: 190 g.<\/p>\n<p>Material de la caja: Cuero<\/p>\n","protected":false},"excerpt":{"rendered":"<p><strong>Cuchillo universal para exterior y Bushcraft con funda de cuero.<\/strong><\/p>\n","protected":false},"featured_media":350822,"comment_status":"open","ping_status":"closed","template":"","meta":[],"pwb-brand":[3908],"product_brand":[],"product_cat":[3727,3726],"product_tag":[3756],"class_list":{"0":"post-350845","1":"product","2":"type-product","3":"status-publish","4":"has-post-thumbnail","6":"pwb-brand-ella-tenia-que","7":"product_cat-cuchillos-macizos","8":"product_cat-cuchillos","9":"product_tag-b2b-es","11":"first","12":"instock","13":"taxable","14":"shipping-taxable","15":"purchasable","16":"product-type-simple"},"brands":[{"id":3908,"name":"Ella ten\u00eda que","slug":"ella-tenia-que"}],"_links":{"self":[{"href":"https:\/\/www.moskito.cz\/es\/wp-json\/wp\/v2\/product\/350845","targetHints":{"allow":["GET"]}}],"collection":[{"href":"https:\/\/www.moskito.cz\/es\/wp-json\/wp\/v2\/product"}],"about":[{"href":"https:\/\/www.moskito.cz\/es\/wp-json\/wp\/v2\/types\/product"}],"replies":[{"embeddable":true,"href":"https:\/\/www.moskito.cz\/es\/wp-json\/wp\/v2\/comments?post=350845"}],"wp:featuredmedia":[{"embeddable":true,"href":"https:\/\/www.moskito.cz\/es\/wp-json\/wp\/v2\/media\/350822"}],"wp:attachment":[{"href":"https:\/\/www.moskito.cz\/es\/wp-json\/wp\/v2\/media?parent=350845"}],"wp:term":[{"taxonomy":"pwb-brand","embeddable":true,"href":"https:\/\/www.moskito.cz\/es\/wp-json\/wp\/v2\/pwb-brand?post=350845"},{"taxonomy":"product_brand","embeddable":true,"href":"https:\/\/www.moskito.cz\/es\/wp-json\/wp\/v2\/product_brand?post=350845"},{"taxonomy":"product_cat","embeddable":true,"href":"https:\/\/www.moskito.cz\/es\/wp-json\/wp\/v2\/product_cat?post=350845"},{"taxonomy":"product_tag","embeddable":true,"href":"https:\/\/www.moskito.cz\/es\/wp-json\/wp\/v2\/product_tag?post=350845"}],"curies":[{"name":"wp","href":"https:\/\/api.w.org\/{rel}","templated":true}]}}