{"id":350916,"date":"2024-07-10T14:59:04","date_gmt":"2024-07-10T13:59:04","guid":{"rendered":"https:\/\/www.moskito.cz\/produkt\/cuchillo-fijo-muela-criollo-17-ol\/"},"modified":"2025-05-07T11:20:40","modified_gmt":"2025-05-07T10:20:40","slug":"cuchillo-fijo-muela-criollo-17-ol","status":"publish","type":"product","link":"https:\/\/www.moskito.cz\/es\/produkt\/cuchillo-fijo-muela-criollo-17-ol\/","title":{"rendered":"Cuchillo Fijo Muela CRIOLLO-17.OL"},"content":{"rendered":"<p>Cuchillo Fijo <strong>Muela<\/strong> CRIOLLO-17.OL<\/p>\n<p>Cuchillo de caza Muela CRIOLLO-17.OL, acero MoVa, madera de olivo + funda de piel<\/p>\n<p><strong>CRIOLLO-17.OL<\/strong> es un cuchillo dise\u00f1ado para actividades al aire libre fabricado por la famosa empresa Muela en Ciudad de Real, Espa\u00f1a. El cuchillo ideal para aficionados a la caza y personas que aprecian la supervivencia activa en la naturaleza. Es duradero, robusto y puede soportar todas las condiciones sin sufrir da\u00f1os. Cuchillos Muela, que empez\u00f3 a fabricar en una peque\u00f1a habitaci\u00f3n en los a\u00f1os 50. a\u00f1os 20 Familia Muela del siglo XIX, hoy se exportan a m\u00e1s de 50 pa\u00edses en los 5 continentes. Muela, que tiene una capacidad de producci\u00f3n anual de 350.000 cuchillos, vende el 70% de su producci\u00f3n al exterior y el resto al mercado interior.<\/p>\n<p>La hoja est\u00e1 rectificada por ambas caras y est\u00e1 fabricada con una combinaci\u00f3n de molibdeno y vanadio, dando como resultado acero inoxidable MoVa X50CrMoV15 forjado a mano, con un grado de dureza Brinell HB 55-57 RC, lo que le confiere una alt\u00edsima resistencia a la corrosi\u00f3n y tener puesto. La robusta hoja lleva grabado el modelo del cuchillo y el logo de Muela, testimonio de la originalidad y calidad del producto. El mango est\u00e1 hecho de madera de olivo, una madera dura ex\u00f3tica procedente de \u00e1rboles nativos de la cuenca mediterr\u00e1nea, que se utiliza principalmente para art\u00edculos decorativos debido a su aspecto sorprendentemente rico y colorido y al hecho de que la superficie de la madera se puede lijar f\u00e1cilmente en alto grado. El mango tiene una forma ergon\u00f3mica, lo que lo convierte en un excelente agarre, incluso si tienes la mano mojada. Tiene un protector de lat\u00f3n dise\u00f1ado para aumentar la seguridad y evitar el riesgo de que la palma se deslice hacia la hoja durante el uso, y tiene un orificio en el extremo del mango donde se puede montar un cable de seguridad.<\/p>\n<p>El cuchillo se entrega en una caja de cart\u00f3n junto con una funda protectora de cuero marr\u00f3n hecha a mano por \u00abQuercur Leathercraft\u00bb, un certificado de autenticidad y una tarjeta de garant\u00eda. La funda tiene un sistema de cierre de clip y lleva grabado el logo de Muela. Se puede acoplar a un cintur\u00f3n. Todos los cuchillos Muela pasan por las manos de experimentados maestros cuchilleros que elaboran, afilan, pulen e inspeccionan cada pieza con un alto nivel de control de calidad.<\/p>\n<p>Funci\u00f3n:<\/p>\n<p>Longitud de la hoja: 17 cm;<br \/>\nGrosor de la hoja: 0,4 cm;<br \/>\nLongitud del mango: 12 cm;<br \/>\nLongitud total: 29 cm;<br \/>\nMaterial de la hoja: acero MoVa X50CrMoV15;<br \/>\nMango: madera de olivo;<br \/>\nColor del mango: Marr\u00f3n;<br \/>\nPeso: 200g<\/p>\n<p>&nbsp;<\/p>\n","protected":false},"excerpt":{"rendered":"<p><strong>CRIOLLO-17.OL es un cuchillo dise\u00f1ado para actividades al aire libre fabricado por la famosa empresa Muela en Ciudad de Real, Espa\u00f1a. El cuchillo ideal para aficionados a la caza y personas que aprecian la supervivencia activa en la naturaleza. Es duradero, robusto y puede soportar todas las condiciones sin sufrir da\u00f1os.<\/strong><\/p>\n","protected":false},"featured_media":350887,"comment_status":"open","ping_status":"closed","template":"","meta":[],"pwb-brand":[3908],"product_brand":[],"product_cat":[3727,3726],"product_tag":[3756],"class_list":{"0":"post-350916","1":"product","2":"type-product","3":"status-publish","4":"has-post-thumbnail","6":"pwb-brand-ella-tenia-que","7":"product_cat-cuchillos-macizos","8":"product_cat-cuchillos","9":"product_tag-b2b-es","11":"first","12":"instock","13":"taxable","14":"shipping-taxable","15":"purchasable","16":"product-type-simple"},"brands":[{"id":3908,"name":"Ella ten\u00eda que","slug":"ella-tenia-que"}],"_links":{"self":[{"href":"https:\/\/www.moskito.cz\/es\/wp-json\/wp\/v2\/product\/350916","targetHints":{"allow":["GET"]}}],"collection":[{"href":"https:\/\/www.moskito.cz\/es\/wp-json\/wp\/v2\/product"}],"about":[{"href":"https:\/\/www.moskito.cz\/es\/wp-json\/wp\/v2\/types\/product"}],"replies":[{"embeddable":true,"href":"https:\/\/www.moskito.cz\/es\/wp-json\/wp\/v2\/comments?post=350916"}],"wp:featuredmedia":[{"embeddable":true,"href":"https:\/\/www.moskito.cz\/es\/wp-json\/wp\/v2\/media\/350887"}],"wp:attachment":[{"href":"https:\/\/www.moskito.cz\/es\/wp-json\/wp\/v2\/media?parent=350916"}],"wp:term":[{"taxonomy":"pwb-brand","embeddable":true,"href":"https:\/\/www.moskito.cz\/es\/wp-json\/wp\/v2\/pwb-brand?post=350916"},{"taxonomy":"product_brand","embeddable":true,"href":"https:\/\/www.moskito.cz\/es\/wp-json\/wp\/v2\/product_brand?post=350916"},{"taxonomy":"product_cat","embeddable":true,"href":"https:\/\/www.moskito.cz\/es\/wp-json\/wp\/v2\/product_cat?post=350916"},{"taxonomy":"product_tag","embeddable":true,"href":"https:\/\/www.moskito.cz\/es\/wp-json\/wp\/v2\/product_tag?post=350916"}],"curies":[{"name":"wp","href":"https:\/\/api.w.org\/{rel}","templated":true}]}}