{"id":351029,"date":"2024-07-10T20:45:37","date_gmt":"2024-07-10T19:45:37","guid":{"rendered":"https:\/\/www.moskito.cz\/produkt\/cuchillo-de-tiro-microtech-combat-troodon-gen-iii-tactico-1143-2t\/"},"modified":"2026-02-16T18:31:08","modified_gmt":"2026-02-16T17:31:08","slug":"cuchillo-de-tiro-microtech-combat-troodon-gen-iii-tactico-1143-2t","status":"publish","type":"product","link":"https:\/\/www.moskito.cz\/es\/produkt\/cuchillo-de-tiro-microtech-combat-troodon-gen-iii-tactico-1143-2t\/","title":{"rendered":"Cuchillo de Tiro Microtech Combat Troodon Gen III T\u00e1ctico 1143-2T"},"content":{"rendered":"<p data-start=\"165\" data-end=\"218\"><strong data-start=\"165\" data-end=\"218\">Microtech Combat Troodon Gen III T\u00e1ctico 1143-2T<\/strong><\/p>\n<p data-start=\"220\" data-end=\"583\">Una vez que cojas el Microtech Combat Troodon Gen III Tactical 1143-2T, sentir\u00e1s la mec\u00e1nica precisa, la poderosa presencia y el robusto car\u00e1cter t\u00e1ctico que caracterizan a este modelo. Este cuchillo representa una de las variantes t\u00e1cticas m\u00e1s distintivas del legendario modelo OTF, con una potencia agresiva, un enorme potencial y un dise\u00f1o enfocado al uso profesional. <\/p>\n<p data-start=\"585\" data-end=\"668\">Dise\u00f1ado por Anthony (Tony) Marfion y fabricado y ensamblado completamente en <strong data-start=\"655\" data-end=\"662\">EE.UU.<\/strong> \ud83c\uddfa\ud83c\uddf8.<\/p>\n<p data-start=\"670\" data-end=\"698\">\ud83d\udd25 <strong data-start=\"673\" data-end=\"698\">Car\u00e1cter y filosof\u00eda<\/strong><\/p>\n<p data-start=\"700\" data-end=\"893\">Combat Troodon es sin\u00f3nimo de resistencia y fiabilidad en mecanismos OTF. La versi\u00f3n T\u00e1ctica hace hincapi\u00e9 en la versatilidad t\u00e1ctica, ideal tanto para uso profesional como para el usuario exigente de EDC. <\/p>\n<p data-start=\"895\" data-end=\"1137\">La corredera lateral empotrada est\u00e1 dise\u00f1ada para un funcionamiento intuitivo y un manejo suave, para una extensi\u00f3n r\u00e1pida de la hoja y una retracci\u00f3n segura de la misma. El mecanismo es din\u00e1mico, pero a\u00fan as\u00ed controlable y de funcionamiento seguro gracias a la precisa resistencia del muelle. <\/p>\n<p data-start=\"1139\" data-end=\"1155\">\ud83c\udfed <strong data-start=\"1142\" data-end=\"1155\">Sobre el productor<\/strong><\/p>\n<p data-start=\"1157\" data-end=\"1294\">Microtech Knives es una marca estadounidense con m\u00e1s de 30 a\u00f1os de tradici\u00f3n en la producci\u00f3n de cuchillos autom\u00e1ticos y OTF de gama alta. Entre sus caracter\u00edsticas t\u00edpicas se incluyen: <\/p>\n<ul data-start=\"1296\" data-end=\"1472\">\n<li data-start=\"1296\" data-end=\"1321\">\n<p data-start=\"1298\" data-end=\"1321\">Mecanizado CNC de precisi\u00f3n<\/p>\n<\/li>\n<li data-start=\"1322\" data-end=\"1356\">\n<p data-start=\"1324\" data-end=\"1356\">Mecanismos internos patentados<\/p>\n<\/li>\n<li data-start=\"1357\" data-end=\"1386\">\n<p data-start=\"1359\" data-end=\"1386\">Control de calidad coherente<\/p>\n<\/li>\n<li data-start=\"1387\" data-end=\"1428\">\n<p data-start=\"1389\" data-end=\"1428\">Materiales y acabados robustos<\/p>\n<\/li>\n<li data-start=\"1429\" data-end=\"1472\">\n<p data-start=\"1431\" data-end=\"1472\">Dise\u00f1o ic\u00f3nico con \u00e9nfasis en la tactilidad<\/p>\n<\/li>\n<\/ul>\n<p data-start=\"1474\" data-end=\"1550\">Cada pieza se fabrica y ensambla a mano en EE.UU. bajo la direcci\u00f3n de Anthony Marfione.<\/p>\n<p data-start=\"1552\" data-end=\"1587\">\ud83d\udde1\ufe0f <strong data-start=\"1556\" data-end=\"1587\">Hoja &#8211; Punta ca\u00edda t\u00e1ctica<\/strong><\/p>\n<p data-start=\"1589\" data-end=\"1871\">Este modelo suele estar equipado con una hoja Drop Point t\u00e1ctica o de perfil similar, optimizada para un rendimiento polivalente, que combina la resistencia de la punta y un potencial de corte vers\u00e1til. El acabado mate lavado a la piedra oculta el desgaste y confiere a la navaja un aspecto discreto y profesional. <\/p>\n<p data-start=\"1873\" data-end=\"1897\">El corte alto garantiza:<\/p>\n<ul data-start=\"1899\" data-end=\"1995\">\n<li data-start=\"1899\" data-end=\"1927\">\n<p data-start=\"1901\" data-end=\"1927\">Excelentes propiedades de corte<\/p>\n<\/li>\n<li data-start=\"1928\" data-end=\"1953\">\n<p data-start=\"1930\" data-end=\"1953\">Alto control de corte<\/p>\n<\/li>\n<li data-start=\"1954\" data-end=\"1971\">\n<p data-start=\"1956\" data-end=\"1971\">Fuerza de la punta<\/p>\n<\/li>\n<li data-start=\"1972\" data-end=\"1995\">\n<p data-start=\"1974\" data-end=\"1995\">Reflejos con poca luz<\/p>\n<\/li>\n<\/ul>\n<p data-start=\"1997\" data-end=\"2033\"><strong data-start=\"2000\" data-end=\"2033\">\ud83d\udd2c Acero &#8211; Acero inoxidable de primera calidad<\/strong><\/p>\n<p data-start=\"2035\" data-end=\"2114\">Combat Troodon Gen III suele utilizar el mejor acero para cuchillos que ofrecen:<\/p>\n<ul data-start=\"2116\" data-end=\"2215\">\n<li data-start=\"2116\" data-end=\"2144\">\n<p data-start=\"2118\" data-end=\"2144\">Excelente retenci\u00f3n de la hoja<\/p>\n<\/li>\n<li data-start=\"2145\" data-end=\"2177\">\n<p data-start=\"2147\" data-end=\"2177\">Buena resistencia a la corrosi\u00f3n<\/p>\n<\/li>\n<li data-start=\"2178\" data-end=\"2215\">\n<p data-start=\"2180\" data-end=\"2215\">Alta resistencia al desgaste<\/p>\n<\/li>\n<\/ul>\n<p data-start=\"2217\" data-end=\"2372\">Los usuarios y las rese\u00f1as mencionan a menudo el uso de aceros pulvimetal\u00fargicos de alta gama que combinan rendimiento y durabilidad para tareas exigentes y el uso diario.<\/p>\n<p data-start=\"2374\" data-end=\"2422\">\ud83e\udde9 E <strong data-start=\"2377\" data-end=\"2422\">mpu\u00f1adura &#8211; Construcci\u00f3n t\u00e1ctica texturizada<\/strong><\/p>\n<p data-start=\"2424\" data-end=\"2505\">El mango est\u00e1 dise\u00f1ado para un agarre firme y ergon\u00f3mico durante el uso activo:<\/p>\n<ul data-start=\"2507\" data-end=\"2659\">\n<li data-start=\"2507\" data-end=\"2552\">\n<p data-start=\"2509\" data-end=\"2552\">Superficie antideslizante de textura profunda<\/p>\n<\/li>\n<li data-start=\"2553\" data-end=\"2601\">\n<p data-start=\"2555\" data-end=\"2601\">Deslizador empotrado para un funcionamiento controlado<\/p>\n<\/li>\n<li data-start=\"2602\" data-end=\"2635\">\n<p data-start=\"2604\" data-end=\"2635\">Clip de transporte profundo ambidiestro<\/p>\n<\/li>\n<li data-start=\"2636\" data-end=\"2659\">\n<p data-start=\"2638\" data-end=\"2659\">Construcci\u00f3n robusta<\/p>\n<\/li>\n<\/ul>\n<p data-start=\"2661\" data-end=\"2726\">Esta variante da una impresi\u00f3n claramente t\u00e1ctica, con \u00e9nfasis en el rendimiento.<\/p>\n<p data-start=\"2728\" data-end=\"2769\">\u2699\ufe0f <strong data-start=\"2731\" data-end=\"2769\">Especificaciones t\u00e9cnicas (indicativas)<\/strong><\/p>\n<p data-start=\"2771\" data-end=\"2820\"><em data-start=\"2771\" data-end=\"2820\">Los par\u00e1metros pueden variar seg\u00fan la serie concreta.<\/em><\/p>\n<div class=\"TyagGW_tableContainer\">\n<div class=\"group TyagGW_tableWrapper flex flex-col-reverse w-fit\" tabindex=\"-1\">\n<table class=\"w-fit min-w-(--thread-content-width)\" data-start=\"2822\" data-end=\"3374\">\n<thead data-start=\"2822\" data-end=\"2840\">\n<tr data-start=\"2822\" data-end=\"2840\">\n<th class=\"\" data-start=\"2822\" data-end=\"2831\" data-col-size=\"sm\">Par\u00e1metro<\/th>\n<th class=\"\" data-start=\"2831\" data-end=\"2840\" data-col-size=\"sm\">Valor<\/th>\n<\/tr>\n<\/thead>\n<tbody data-start=\"2851\" data-end=\"3374\">\n<tr data-start=\"2851\" data-end=\"2892\">\n<td data-start=\"2851\" data-end=\"2857\" data-col-size=\"sm\">Modelo<\/td>\n<td data-col-size=\"sm\" data-start=\"2857\" data-end=\"2892\">Combat Troodon Gen III T\u00e1ctico<\/td>\n<\/tr>\n<tr data-start=\"2893\" data-end=\"2921\">\n<td data-start=\"2893\" data-end=\"2910\" data-col-size=\"sm\">N\u00famero del producto<\/td>\n<td data-col-size=\"sm\" data-start=\"2910\" data-end=\"2921\">1143-2T<\/td>\n<\/tr>\n<tr data-start=\"2922\" data-end=\"2954\">\n<td data-start=\"2922\" data-end=\"2936\" data-col-size=\"sm\">Longitud total<\/td>\n<td data-start=\"2936\" data-end=\"2954\" data-col-size=\"sm\">aprox. 230-240 mm<\/td>\n<\/tr>\n<tr data-start=\"2955\" data-end=\"2985\">\n<td data-start=\"2955\" data-end=\"2968\" data-col-size=\"sm\">Longitud de la hoja<\/td>\n<td data-start=\"2968\" data-end=\"2985\" data-col-size=\"sm\">aprox. 95-100 mm<\/td>\n<\/tr>\n<tr data-start=\"2986\" data-end=\"3020\">\n<td data-start=\"2986\" data-end=\"3002\" data-col-size=\"sm\">Grosor de la hoja<\/td>\n<td data-start=\"3002\" data-end=\"3020\" data-col-size=\"sm\">aprox. 3,0-3,5 mm<\/td>\n<\/tr>\n<tr data-start=\"3021\" data-end=\"3054\">\n<td data-start=\"3021\" data-end=\"3036\" data-col-size=\"sm\">Longitud del mango<\/td>\n<td data-start=\"3036\" data-end=\"3054\" data-col-size=\"sm\">aprox. 135-140 mm<\/td>\n<\/tr>\n<tr data-start=\"3055\" data-end=\"3081\">\n<td data-start=\"3055\" data-end=\"3064\" data-col-size=\"sm\">Peso<\/td>\n<td data-start=\"3064\" data-end=\"3081\" data-col-size=\"sm\">aprox. 150-160 g<\/td>\n<\/tr>\n<tr data-start=\"3082\" data-end=\"3117\">\n<td data-start=\"3082\" data-end=\"3092\" data-col-size=\"sm\">Tipo de hoja<\/td>\n<td data-start=\"3092\" data-end=\"3117\" data-col-size=\"sm\">Punta ca\u00edda \/ T\u00e1ctica<\/td>\n<\/tr>\n<tr data-start=\"3118\" data-end=\"3155\">\n<td data-start=\"3118\" data-end=\"3132\" data-col-size=\"sm\">Superficie de la hoja<\/td>\n<td data-start=\"3132\" data-end=\"3155\" data-col-size=\"sm\">Lavado a la piedra \/ Mate<\/td>\n<\/tr>\n<tr data-start=\"3156\" data-end=\"3209\">\n<td data-start=\"3156\" data-end=\"3174\" data-col-size=\"sm\">Material del mango<\/td>\n<td data-start=\"3174\" data-end=\"3209\" data-col-size=\"sm\">Aluminio CNC \/ superficie anodizada<\/td>\n<\/tr>\n<tr data-start=\"3210\" data-end=\"3246\">\n<td data-start=\"3210\" data-end=\"3222\" data-col-size=\"sm\">Mecanismo<\/td>\n<td data-start=\"3222\" data-end=\"3246\" data-col-size=\"sm\">D\/A OTF &#8211; Bloqueo de la corredera<\/td>\n<\/tr>\n<tr data-start=\"3247\" data-end=\"3289\">\n<td data-start=\"3247\" data-end=\"3257\" data-col-size=\"sm\">Apertura<\/td>\n<td data-col-size=\"sm\" data-start=\"3257\" data-end=\"3289\">Autom\u00e1tica &#8211; corredera lateral<\/td>\n<\/tr>\n<tr data-start=\"3290\" data-end=\"3324\">\n<td data-start=\"3290\" data-end=\"3295\" data-col-size=\"sm\">Clip<\/td>\n<td data-start=\"3295\" data-end=\"3324\" data-col-size=\"sm\">Ambidiestro, para portar en profundidad<\/td>\n<\/tr>\n<tr data-start=\"3325\" data-end=\"3354\">\n<td data-start=\"3325\" data-end=\"3334\" data-col-size=\"sm\">Dise\u00f1ador<\/td>\n<td data-start=\"3334\" data-end=\"3354\" data-col-size=\"sm\">Anthony Marfione<\/td>\n<\/tr>\n<tr data-start=\"3355\" data-end=\"3374\">\n<td data-start=\"3355\" data-end=\"3367\" data-col-size=\"sm\">Pa\u00eds de origen<\/td>\n<td data-start=\"3367\" data-end=\"3374\" data-col-size=\"sm\">EE.UU.<\/td>\n<\/tr>\n<\/tbody>\n<\/table>\n<\/div>\n<\/div>\n<p data-start=\"3376\" data-end=\"3395\">\u2705 <strong data-start=\"3378\" data-end=\"3395\">Beneficios principales<\/strong><\/p>\n<ul data-start=\"3397\" data-end=\"3601\">\n<li data-start=\"3397\" data-end=\"3442\">\n<p data-start=\"3399\" data-end=\"3442\">Mecanismo D\/A OTF robusto y fiable<\/p>\n<\/li>\n<li data-start=\"3443\" data-end=\"3490\">\n<p data-start=\"3445\" data-end=\"3490\">Dise\u00f1o t\u00e1ctico de uso universal<\/p>\n<\/li>\n<li data-start=\"3491\" data-end=\"3515\">\n<p data-start=\"3493\" data-end=\"3515\">Hoja resistente y duradera<\/p>\n<\/li>\n<li data-start=\"3516\" data-end=\"3557\">\n<p data-start=\"3518\" data-end=\"3557\">Materiales y acabados de primera calidad<\/p>\n<\/li>\n<li data-start=\"3558\" data-end=\"3601\">\n<p data-start=\"3560\" data-end=\"3601\">Mango ergon\u00f3mico con textura de calidad<\/p>\n<\/li>\n<\/ul>\n<p data-start=\"3603\" data-end=\"3623\">\u26a0\ufe0f <strong data-start=\"3606\" data-end=\"3623\">Posibles restricciones<\/strong><\/p>\n<ul data-start=\"3625\" data-end=\"3850\">\n<li data-start=\"3625\" data-end=\"3681\">\n<p data-start=\"3627\" data-end=\"3681\">Nivel de precios m\u00e1s alto correspondiente a la categor\u00eda superior<\/p>\n<\/li>\n<li data-start=\"3682\" data-end=\"3730\">\n<p data-start=\"3684\" data-end=\"3730\">Las dimensiones m\u00e1s grandes pueden no convenir a todo el mundo como EDC<\/p>\n<\/li>\n<li data-start=\"3731\" data-end=\"3850\">\n<p data-start=\"3733\" data-end=\"3850\">Algunos usuarios recomiendan modificar el mecanismo para que funcione m\u00e1s suavemente (aceite, mantenimiento) &#8211; esto es habitual en los nuevos modelos Gen III<\/p>\n<\/li>\n<\/ul>\n<p data-start=\"3852\" data-end=\"3873\">\ud83d\udee0\ufe0f <strong data-start=\"3856\" data-end=\"3873\">Mantenimiento y cuidado<\/strong><\/p>\n<ul data-start=\"3875\" data-end=\"4049\">\n<li data-start=\"3875\" data-end=\"3910\">\n<p data-start=\"3877\" data-end=\"3910\">Limpia y seca la cuchilla despu\u00e9s de usarla<\/p>\n<\/li>\n<li data-start=\"3911\" data-end=\"3942\">\n<p data-start=\"3913\" data-end=\"3942\">Mant\u00e9n el mango libre de suciedad<\/p>\n<\/li>\n<li data-start=\"3943\" data-end=\"3996\">\n<p data-start=\"3945\" data-end=\"3996\">Comprueba continuamente el mecanismo y elimina el polvo\/suciedad<\/p>\n<\/li>\n<li data-start=\"3997\" data-end=\"4049\">\n<p data-start=\"3999\" data-end=\"4049\">Lubrica ligeramente las piezas m\u00f3viles durante la inactividad prolongada<\/p>\n<\/li>\n<\/ul>\n<p data-start=\"4051\" data-end=\"4102\">Un cuidado adecuado mantendr\u00e1 el mecanismo suave y fiable.<\/p>\n<p data-start=\"4104\" data-end=\"4125\">\ud83c\udfaf <strong data-start=\"4107\" data-end=\"4125\">Recomendado para<\/strong><\/p>\n<ul data-start=\"4127\" data-end=\"4281\">\n<li data-start=\"4127\" data-end=\"4161\">\n<p data-start=\"4129\" data-end=\"4161\">Uso t\u00e1ctico profesional<\/p>\n<\/li>\n<li data-start=\"4162\" data-end=\"4187\">\n<p data-start=\"4164\" data-end=\"4187\">Usuarios exigentes de EDC<\/p>\n<\/li>\n<li data-start=\"4188\" data-end=\"4223\">\n<p data-start=\"4190\" data-end=\"4223\">Coleccionistas de modelos OTF premium<\/p>\n<\/li>\n<li data-start=\"4224\" data-end=\"4281\">\n<p data-start=\"4226\" data-end=\"4281\">Usuarios que prefieren un cuchillo autom\u00e1tico robusto y de gran tama\u00f1o<\/p>\n<\/li>\n<\/ul>\n<p data-start=\"4283\" data-end=\"4308\">\u2b50 <strong data-start=\"4285\" data-end=\"4308\">Calificaci\u00f3n final<\/strong><\/p>\n<p data-start=\"4310\" data-end=\"4571\">El Microtech Combat Troodon Gen III Tactical 1143-2T es un cuchillo t\u00e1ctico OTF de gama alta con un dise\u00f1o robusto, un mecanismo r\u00e1pido y un rendimiento vers\u00e1til. Es la elecci\u00f3n para quienes desean la m\u00e1xima fiabilidad, potencia y car\u00e1cter profesional sin concesiones \ud83d\udd2a\ud83d\udd25. <\/p>\n<p>&nbsp;<\/p>\n<p><iframe title=\"Microtech Combat Troodon Torture Test\" width=\"800\" height=\"450\" src=\"https:\/\/www.youtube.com\/embed\/xE9TeOFYEjg?feature=oembed\" frameborder=\"0\" allow=\"accelerometer; autoplay; clipboard-write; encrypted-media; gyroscope; picture-in-picture; web-share\" referrerpolicy=\"strict-origin-when-cross-origin\" allowfullscreen><\/iframe><\/p>\n<p>&nbsp;<\/p>\n","protected":false},"excerpt":{"rendered":"<p><strong>A lo largo de los a\u00f1os, Microtech\u00ae Knives ha llenado los cuchillos con pasi\u00f3n y habilidad para crear casi obras de arte que son el pin\u00e1culo de la funcionalidad. Todas las piezas se fabrican en los EE. UU.<\/strong><br \/>\n <strong>Todos los cuchillos Microtech vienen con una garant\u00eda de por vida.<\/strong><\/p>\n<p> <strong>Env\u00edo gratis.<\/strong><\/p>\n","protected":false},"featured_media":350987,"comment_status":"open","ping_status":"closed","template":"","meta":[],"pwb-brand":[3752],"product_brand":[],"product_cat":[3729,3726],"product_tag":[3756],"class_list":{"0":"post-351029","1":"product","2":"type-product","3":"status-publish","4":"has-post-thumbnail","6":"pwb-brand-microtecnologia","7":"product_cat-cuchillos-de-tiro","8":"product_cat-cuchillos","9":"product_tag-b2b-es","11":"first","12":"instock","13":"taxable","14":"shipping-taxable","15":"purchasable","16":"product-type-simple"},"brands":[{"id":3752,"name":"microtecnolog\u00eda","slug":"microtecnologia"}],"_links":{"self":[{"href":"https:\/\/www.moskito.cz\/es\/wp-json\/wp\/v2\/product\/351029","targetHints":{"allow":["GET"]}}],"collection":[{"href":"https:\/\/www.moskito.cz\/es\/wp-json\/wp\/v2\/product"}],"about":[{"href":"https:\/\/www.moskito.cz\/es\/wp-json\/wp\/v2\/types\/product"}],"replies":[{"embeddable":true,"href":"https:\/\/www.moskito.cz\/es\/wp-json\/wp\/v2\/comments?post=351029"}],"wp:featuredmedia":[{"embeddable":true,"href":"https:\/\/www.moskito.cz\/es\/wp-json\/wp\/v2\/media\/350987"}],"wp:attachment":[{"href":"https:\/\/www.moskito.cz\/es\/wp-json\/wp\/v2\/media?parent=351029"}],"wp:term":[{"taxonomy":"pwb-brand","embeddable":true,"href":"https:\/\/www.moskito.cz\/es\/wp-json\/wp\/v2\/pwb-brand?post=351029"},{"taxonomy":"product_brand","embeddable":true,"href":"https:\/\/www.moskito.cz\/es\/wp-json\/wp\/v2\/product_brand?post=351029"},{"taxonomy":"product_cat","embeddable":true,"href":"https:\/\/www.moskito.cz\/es\/wp-json\/wp\/v2\/product_cat?post=351029"},{"taxonomy":"product_tag","embeddable":true,"href":"https:\/\/www.moskito.cz\/es\/wp-json\/wp\/v2\/product_tag?post=351029"}],"curies":[{"name":"wp","href":"https:\/\/api.w.org\/{rel}","templated":true}]}}