{"id":351206,"date":"2024-07-11T10:09:52","date_gmt":"2024-07-11T09:11:56","guid":{"rendered":"https:\/\/www.moskito.cz\/produkt\/cuchillo-macizo-muela-pioneer-14-ol\/"},"modified":"2025-05-07T11:20:46","modified_gmt":"2025-05-07T10:20:46","slug":"cuchillo-macizo-muela-pioneer-14-ol","status":"publish","type":"product","link":"https:\/\/www.moskito.cz\/es\/produkt\/cuchillo-macizo-muela-pioneer-14-ol\/","title":{"rendered":"Cuchillo Macizo Muela PIONEER-14.OL"},"content":{"rendered":"<p>Cuchillo Macizo <strong>Muela<\/strong> PIONEER-14.OL<\/p>\n<p>Los cuchillos <strong>Muela<\/strong> son producidos por una empresa espa\u00f1ola que produce cuchillos de caza, navajas, cuchillos de lujo y muchos otros asequibles y de alta calidad.<\/p>\n<p>El cuchillo de la empresa espa\u00f1ola <strong>Muela es<\/strong> apto para cazar y pasar tiempo en la naturaleza. Gracias a su construcci\u00f3n, es extremadamente duradero y fiable incluso en condiciones exigentes. El cuchillo est\u00e1 hecho de una sola pieza de acero al molibdeno vanadio con una dureza de 58 &#8211; 61 HRC. El mango tiene una buena forma anat\u00f3mica y se adapta perfectamente a la mano, las empu\u00f1aduras son de madera de olivo con un bonito dise\u00f1o. Al final del mango hay un agujero para colgar un cord\u00f3n. El cuchillo viene con una funda de cuero marr\u00f3n.<\/p>\n<p>Material de la hoja: MoVa<br \/>\nMaterial del mango: Madera<br \/>\nMaterial de la caja: Cuero<br \/>\nLongitud de la hoja: 13,5 cm<br \/>\nLongitud total: 26,5 cm.<br \/>\nLongitud del mango: 13 cm<br \/>\nPeso: 230 gramos<br \/>\nTipo de hoja: Punto de ca\u00edda<\/p>\n","protected":false},"excerpt":{"rendered":"<p><strong>Un cuchillo de la empresa espa\u00f1ola Muela, apto para la caza y pasar tiempo en la naturaleza. Gracias a su construcci\u00f3n, es extremadamente duradero y fiable incluso en condiciones exigentes.<\/strong><\/p>\n","protected":false},"featured_media":351162,"comment_status":"open","ping_status":"closed","template":"","meta":[],"pwb-brand":[3908],"product_brand":[],"product_cat":[3726,3727],"product_tag":[3756],"class_list":{"0":"post-351206","1":"product","2":"type-product","3":"status-publish","4":"has-post-thumbnail","6":"pwb-brand-ella-tenia-que","7":"product_cat-cuchillos","8":"product_cat-cuchillos-macizos","9":"product_tag-b2b-es","11":"first","12":"outofstock","13":"taxable","14":"shipping-taxable","15":"purchasable","16":"product-type-simple"},"brands":[{"id":3908,"name":"Ella ten\u00eda que","slug":"ella-tenia-que"}],"_links":{"self":[{"href":"https:\/\/www.moskito.cz\/es\/wp-json\/wp\/v2\/product\/351206","targetHints":{"allow":["GET"]}}],"collection":[{"href":"https:\/\/www.moskito.cz\/es\/wp-json\/wp\/v2\/product"}],"about":[{"href":"https:\/\/www.moskito.cz\/es\/wp-json\/wp\/v2\/types\/product"}],"replies":[{"embeddable":true,"href":"https:\/\/www.moskito.cz\/es\/wp-json\/wp\/v2\/comments?post=351206"}],"wp:featuredmedia":[{"embeddable":true,"href":"https:\/\/www.moskito.cz\/es\/wp-json\/wp\/v2\/media\/351162"}],"wp:attachment":[{"href":"https:\/\/www.moskito.cz\/es\/wp-json\/wp\/v2\/media?parent=351206"}],"wp:term":[{"taxonomy":"pwb-brand","embeddable":true,"href":"https:\/\/www.moskito.cz\/es\/wp-json\/wp\/v2\/pwb-brand?post=351206"},{"taxonomy":"product_brand","embeddable":true,"href":"https:\/\/www.moskito.cz\/es\/wp-json\/wp\/v2\/product_brand?post=351206"},{"taxonomy":"product_cat","embeddable":true,"href":"https:\/\/www.moskito.cz\/es\/wp-json\/wp\/v2\/product_cat?post=351206"},{"taxonomy":"product_tag","embeddable":true,"href":"https:\/\/www.moskito.cz\/es\/wp-json\/wp\/v2\/product_tag?post=351206"}],"curies":[{"name":"wp","href":"https:\/\/api.w.org\/{rel}","templated":true}]}}