{"id":351229,"date":"2024-07-11T10:26:06","date_gmt":"2024-07-11T09:31:53","guid":{"rendered":"https:\/\/www.moskito.cz\/produkt\/cuchillo-macizo-muela-pioneer-14nl\/"},"modified":"2025-05-07T11:20:48","modified_gmt":"2025-05-07T10:20:48","slug":"cuchillo-macizo-muela-pioneer-14nl","status":"publish","type":"product","link":"https:\/\/www.moskito.cz\/es\/produkt\/cuchillo-macizo-muela-pioneer-14nl\/","title":{"rendered":"Cuchillo Macizo Muela PIONEER-14NL"},"content":{"rendered":"<p>Cuchillo Macizo <strong>Muela<\/strong> PIONEER-14NL.<\/p>\n<p>Los cuchillos <strong>Muela<\/strong> son producidos por una empresa espa\u00f1ola que produce cuchillos de caza, navajas, cuchillos de lujo y muchos otros asequibles y de alta calidad.<\/p>\n<p>Cuchillo de caza universal con funda de piel de la empresa espa\u00f1ola <strong>Muela<\/strong> . Est\u00e1 hecho de una sola pieza de acero al molibdeno vanadio y se utiliz\u00f3 palisandro para el diapas\u00f3n. Al final del mango hay un orificio para pasar el cord\u00f3n de mu\u00f1eca. Los cuchillos de este dise\u00f1o son muy duraderos y resistentes. Junto con el cuchillo se suministra una funda de cuero.<\/p>\n<p>Material de la hoja: MoVa<br \/>\nMaterial del mango: Madera<br \/>\nMaterial de la caja: Cuero<br \/>\nLongitud de la hoja: 14,5 cm<br \/>\nLongitud total: 27 cm<br \/>\nLongitud del mango: 12,5 cm<br \/>\nPeso: 240 gramos<br \/>\nTipo de hoja: Punto de ca\u00edda<\/p>\n<p>&nbsp;<\/p>\n","protected":false},"excerpt":{"rendered":"<p><strong>Cuchillo de caza universal con funda de piel de la empresa espa\u00f1ola Muela.<\/strong><\/p>\n","protected":false},"featured_media":351226,"comment_status":"open","ping_status":"closed","template":"","meta":[],"pwb-brand":[3908],"product_brand":[],"product_cat":[3726,3727],"product_tag":[3756],"class_list":{"0":"post-351229","1":"product","2":"type-product","3":"status-publish","4":"has-post-thumbnail","6":"pwb-brand-ella-tenia-que","7":"product_cat-cuchillos","8":"product_cat-cuchillos-macizos","9":"product_tag-b2b-es","11":"first","12":"instock","13":"taxable","14":"shipping-taxable","15":"purchasable","16":"product-type-simple"},"brands":[{"id":3908,"name":"Ella ten\u00eda que","slug":"ella-tenia-que"}],"_links":{"self":[{"href":"https:\/\/www.moskito.cz\/es\/wp-json\/wp\/v2\/product\/351229","targetHints":{"allow":["GET"]}}],"collection":[{"href":"https:\/\/www.moskito.cz\/es\/wp-json\/wp\/v2\/product"}],"about":[{"href":"https:\/\/www.moskito.cz\/es\/wp-json\/wp\/v2\/types\/product"}],"replies":[{"embeddable":true,"href":"https:\/\/www.moskito.cz\/es\/wp-json\/wp\/v2\/comments?post=351229"}],"wp:featuredmedia":[{"embeddable":true,"href":"https:\/\/www.moskito.cz\/es\/wp-json\/wp\/v2\/media\/351226"}],"wp:attachment":[{"href":"https:\/\/www.moskito.cz\/es\/wp-json\/wp\/v2\/media?parent=351229"}],"wp:term":[{"taxonomy":"pwb-brand","embeddable":true,"href":"https:\/\/www.moskito.cz\/es\/wp-json\/wp\/v2\/pwb-brand?post=351229"},{"taxonomy":"product_brand","embeddable":true,"href":"https:\/\/www.moskito.cz\/es\/wp-json\/wp\/v2\/product_brand?post=351229"},{"taxonomy":"product_cat","embeddable":true,"href":"https:\/\/www.moskito.cz\/es\/wp-json\/wp\/v2\/product_cat?post=351229"},{"taxonomy":"product_tag","embeddable":true,"href":"https:\/\/www.moskito.cz\/es\/wp-json\/wp\/v2\/product_tag?post=351229"}],"curies":[{"name":"wp","href":"https:\/\/api.w.org\/{rel}","templated":true}]}}