{"id":351304,"date":"2024-07-11T11:13:49","date_gmt":"2024-07-11T11:37:22","guid":{"rendered":"https:\/\/www.moskito.cz\/produkt\/cuchillo-fijo-muela-criollo-17\/"},"modified":"2025-05-07T11:20:51","modified_gmt":"2025-05-07T10:20:51","slug":"cuchillo-fijo-muela-criollo-17","status":"publish","type":"product","link":"https:\/\/www.moskito.cz\/es\/produkt\/cuchillo-fijo-muela-criollo-17\/","title":{"rendered":"Cuchillo Fijo Muela CRIOLLO-17"},"content":{"rendered":"<p>Cuchillo Fijo <strong>Muela<\/strong> CRIOLLO-17.<\/p>\n<p><strong>CRIOLLO-17<\/strong> el m\u00e1s grande de los dos cuchillos universales de la serie CRIOLLO con construcci\u00f3n de espiga completa. Fabricado en acero molibdeno vanadio MoVa. Dise\u00f1ado para supervivientes, ideal para viajes fuera de la ciudad y como cuchillo de caza.<\/p>\n<p>Cabezal &#8211; con perfil Drop Point modificado, espesor 4 mm con buen enfoque duradero, recubierto con acabado satinado antirreflectante (semimate) que elimina el deslumbramiento. Hecho de acero inoxidable duradero de molibdeno-vanadio X50CrMoV15 endurecido en el rango de 57-58 HRC. La hoja lisa (tipo liso) se fabric\u00f3 con Full Flat Grind para un excelente rendimiento de corte. Este corte redujo el peso del cuchillo y mejor\u00f3 las caracter\u00edsticas de corte.<\/p>\n<p>El mango, perfilado bajo la mano, proporciona un agarre seguro y est\u00e1 recubierto con almohadillas de color marr\u00f3n natural hechas de laminado de coral (coral pakkawood). Finger Choil perfilado entre el mango y la hoja (aumenta el control sobre el cuchillo). El cuchillo se adapta muy bien a la mano, no resbala y se puede controlar f\u00e1cilmente en todas las condiciones. Hay un orificio para cable en la parte posterior del mango.<\/p>\n<p>Estuche perfilado debajo del asa, fabricado en cuero marr\u00f3n con el logo de Muela en relieve y cierre de pestillo. Los bordes de la funda estaban cosidos con hilo decorativo. El accesorio de cintur\u00f3n o engranaje permite transportar el cuchillo en posici\u00f3n vertical.<\/p>\n<p>Especificaciones t\u00e9cnicas:<br \/>\nN\u00famero de producto: CRIOLLO-17<\/p>\n<p>Longitud de la hoja: 17 cm\/6,69&#8243;<br \/>\nGrosor de la hoja: 0,4 cm\/0,16&#8243;<br \/>\nLongitud total: 28 cm\/11,34&#8243;<br \/>\nPeso: 170,0 g\/6,0 oz<\/p>\n<p>Material de la hoja: 1.4116 (X50CrMoV15)<br \/>\nDureza de la hoja: 57-58 HRC<br \/>\nTipo de borde: Liso<br \/>\nTipo de hoja: Punto de ca\u00edda<br \/>\nTipo de corte: Plano Completo<\/p>\n<p>Mango: secoya, palo de rosa, pakkawood<\/p>\n<p>Vaina: Cuero<br \/>\nFabricante: Muela, Espa\u00f1a<\/p>\n<p>&nbsp;<\/p>\n","protected":false},"excerpt":{"rendered":"<p><strong>CRIOLLO-17 el m\u00e1s grande de los dos cuchillos universales de la serie CRIOLLO con construcci\u00f3n de espiga completa. Fabricado en acero molibdeno vanadio MoVa. Dise\u00f1ado para amantes de la supervivencia, ideal para viajes fuera de la ciudad y como cuchillo de caza.<\/strong><\/p>\n","protected":false},"featured_media":351293,"comment_status":"open","ping_status":"closed","template":"","meta":[],"pwb-brand":[3908],"product_brand":[],"product_cat":[3726,3727],"product_tag":[3756],"class_list":{"0":"post-351304","1":"product","2":"type-product","3":"status-publish","4":"has-post-thumbnail","6":"pwb-brand-ella-tenia-que","7":"product_cat-cuchillos","8":"product_cat-cuchillos-macizos","9":"product_tag-b2b-es","11":"first","12":"instock","13":"taxable","14":"shipping-taxable","15":"purchasable","16":"product-type-simple"},"brands":[{"id":3908,"name":"Ella ten\u00eda que","slug":"ella-tenia-que"}],"_links":{"self":[{"href":"https:\/\/www.moskito.cz\/es\/wp-json\/wp\/v2\/product\/351304","targetHints":{"allow":["GET"]}}],"collection":[{"href":"https:\/\/www.moskito.cz\/es\/wp-json\/wp\/v2\/product"}],"about":[{"href":"https:\/\/www.moskito.cz\/es\/wp-json\/wp\/v2\/types\/product"}],"replies":[{"embeddable":true,"href":"https:\/\/www.moskito.cz\/es\/wp-json\/wp\/v2\/comments?post=351304"}],"wp:featuredmedia":[{"embeddable":true,"href":"https:\/\/www.moskito.cz\/es\/wp-json\/wp\/v2\/media\/351293"}],"wp:attachment":[{"href":"https:\/\/www.moskito.cz\/es\/wp-json\/wp\/v2\/media?parent=351304"}],"wp:term":[{"taxonomy":"pwb-brand","embeddable":true,"href":"https:\/\/www.moskito.cz\/es\/wp-json\/wp\/v2\/pwb-brand?post=351304"},{"taxonomy":"product_brand","embeddable":true,"href":"https:\/\/www.moskito.cz\/es\/wp-json\/wp\/v2\/product_brand?post=351304"},{"taxonomy":"product_cat","embeddable":true,"href":"https:\/\/www.moskito.cz\/es\/wp-json\/wp\/v2\/product_cat?post=351304"},{"taxonomy":"product_tag","embeddable":true,"href":"https:\/\/www.moskito.cz\/es\/wp-json\/wp\/v2\/product_tag?post=351304"}],"curies":[{"name":"wp","href":"https:\/\/api.w.org\/{rel}","templated":true}]}}