{"id":351317,"date":"2022-09-20T22:08:49","date_gmt":"2024-07-11T12:52:38","guid":{"rendered":"https:\/\/www.moskito.cz\/produkt\/cuchillo-de-cierre-tolerancia-cero-blackwash-0357bw\/"},"modified":"2025-05-07T11:20:52","modified_gmt":"2025-05-07T10:20:52","slug":"cuchillo-de-cierre-tolerancia-cero-blackwash-0357bw","status":"publish","type":"product","link":"https:\/\/www.moskito.cz\/es\/produkt\/cuchillo-de-cierre-tolerancia-cero-blackwash-0357bw\/","title":{"rendered":"Cuchillo de Cierre Tolerancia Cero BLACKWASH 0357BW"},"content":{"rendered":"<p>Cuchillo de Cierre <strong>Tolerancia Cero<\/strong> BLACKWASH 0357BW.<\/p>\n<p>0357BW es un cuchillo de trabajo premium simple construido para condiciones exigentes. La hoja de borde puntiagudo de 3,25 pulgadas ofrece a los usuarios muchas opciones de corte. El acero superior de la hoja CPM 20CV proporciona una retenci\u00f3n confiable de los bordes y resistencia a la corrosi\u00f3n. Los rayones se mezclan con el acabado de la hoja BlackWash\u2122. El G10 negro est\u00e1 mecanizado en la parte delantera y trasera del mango. 0357BW est\u00e1 equipado con sistema de apertura asistida ZT. Simplemente tira de la aleta para abrir el cuchillo f\u00e1cilmente cada vez. La hoja se bloquea en su lugar con un bloqueo de inserci\u00f3n s\u00f3lido. Un clip de doble cara en el bolsillo profundo permite usar ambos lados en posici\u00f3n plegada. Todas estas caracter\u00edsticas se fabrican con precisi\u00f3n en la f\u00e1brica de ZT en Tualatin, Oreg\u00f3n, EE. UU. Ya sea que reci\u00e9n est\u00e9 comenzando su viaje ZT o est\u00e9 buscando agregar algo a su colecci\u00f3n, cuente con el 0357BW para hacer el trabajo.<\/p>\n<p>Funci\u00f3n<\/p>\n<p>Hecho en EE.UU<br \/>\nMango negro G10<br \/>\nEl acero de hoja CPM 20CV ofrece dureza, resistencia al desgaste y retenci\u00f3n de bordes excepcionales; El acabado negro ayuda a ocultar los rayones causados \u200b\u200bpor el uso.<br \/>\nLa apertura asistida ofrece un despliegue r\u00e1pido y fiable con la ayuda de una aleta.<\/p>\n<p>Tipo asistido, carpeta<br \/>\n\u00daselo todos los d\u00edas, al aire libre, en el trabajo.<br \/>\nNavaja de bolsillo con estilo<br \/>\nDise\u00f1ado por ZT Originals<br \/>\nPunto de ca\u00edda estilo hoja<br \/>\nBorde de la hoja liso<br \/>\nAcci\u00f3n de apertura asistida<br \/>\nSe abre con Flipper<br \/>\nTipo de bloqueo Bloqueo de l\u00ednea<br \/>\nClip de bolsillo Transporte profundo reversible (derecha\/izquierda, flip)<br \/>\nHecho en los EE.UU. S\u00ed<br \/>\nHardware Pasador de acero, tornillos, clip<\/p>\n<p>Hoja acero CPM 20CV<br \/>\nLongitud de la hoja 3,25 pulgadas (8,25 cm)<br \/>\nHRC 60-62<br \/>\nTratamiento de superficie de la hoja\/Tratamiento de superficie de revestimiento BlackWash\u2122<br \/>\nGrosor de la hoja 0,31 cm (0,121 pulg.)<br \/>\nLongitud cuando est\u00e1 cerrado 4,4 pulgadas (11,2 cm)<br \/>\nMaterial del mango G10<br \/>\nColor del mango Negro<br \/>\nGrosor del mango 0,47 pulg. (11,2 mm)<br \/>\nLongitud total 7,625 pulgadas (19,4 cm)<br \/>\nPeso 4,3 onzas. (122g)<\/p>\n","protected":false},"excerpt":{"rendered":"<p>\u00a1Seguiremos fabricando cuchillos profesionales de primera calidad en los que nuestros clientes puedan confiar todos los d\u00edas!<\/p>\n<p><strong>\u00a1\u00a1Eso es Tolerancia Cero!!<\/strong><\/p>\n<p><strong>Transporte gratuito.<\/strong><\/p>\n","protected":false},"featured_media":351318,"comment_status":"open","ping_status":"closed","template":"","meta":[],"pwb-brand":[3925],"product_brand":[],"product_cat":[3730,3726],"product_tag":[],"class_list":{"0":"post-351317","1":"product","2":"type-product","3":"status-publish","4":"has-post-thumbnail","6":"pwb-brand-tolerancia-cero","7":"product_cat-cuchillas-de-cierre","8":"product_cat-cuchillos","10":"first","11":"outofstock","12":"taxable","13":"shipping-taxable","14":"purchasable","15":"product-type-simple"},"brands":[{"id":3925,"name":"Tolerancia cero","slug":"tolerancia-cero"}],"_links":{"self":[{"href":"https:\/\/www.moskito.cz\/es\/wp-json\/wp\/v2\/product\/351317","targetHints":{"allow":["GET"]}}],"collection":[{"href":"https:\/\/www.moskito.cz\/es\/wp-json\/wp\/v2\/product"}],"about":[{"href":"https:\/\/www.moskito.cz\/es\/wp-json\/wp\/v2\/types\/product"}],"replies":[{"embeddable":true,"href":"https:\/\/www.moskito.cz\/es\/wp-json\/wp\/v2\/comments?post=351317"}],"wp:featuredmedia":[{"embeddable":true,"href":"https:\/\/www.moskito.cz\/es\/wp-json\/wp\/v2\/media\/351318"}],"wp:attachment":[{"href":"https:\/\/www.moskito.cz\/es\/wp-json\/wp\/v2\/media?parent=351317"}],"wp:term":[{"taxonomy":"pwb-brand","embeddable":true,"href":"https:\/\/www.moskito.cz\/es\/wp-json\/wp\/v2\/pwb-brand?post=351317"},{"taxonomy":"product_brand","embeddable":true,"href":"https:\/\/www.moskito.cz\/es\/wp-json\/wp\/v2\/product_brand?post=351317"},{"taxonomy":"product_cat","embeddable":true,"href":"https:\/\/www.moskito.cz\/es\/wp-json\/wp\/v2\/product_cat?post=351317"},{"taxonomy":"product_tag","embeddable":true,"href":"https:\/\/www.moskito.cz\/es\/wp-json\/wp\/v2\/product_tag?post=351317"}],"curies":[{"name":"wp","href":"https:\/\/api.w.org\/{rel}","templated":true}]}}