{"id":351485,"date":"2024-07-12T12:30:49","date_gmt":"2024-07-12T11:31:20","guid":{"rendered":"https:\/\/www.moskito.cz\/produkt\/cuchillo-fijo-muela-caz-16\/"},"modified":"2025-05-07T11:20:55","modified_gmt":"2025-05-07T10:20:55","slug":"cuchillo-fijo-muela-caz-16","status":"publish","type":"product","link":"https:\/\/www.moskito.cz\/es\/produkt\/cuchillo-fijo-muela-caz-16\/","title":{"rendered":"Cuchillo Fijo Muela CAZ-16"},"content":{"rendered":"<p>Navaja Fija <strong>Muela<\/strong> CAZ-16.<\/p>\n<p>1.4116 (X50CrMoV15): acero inoxidable martens\u00edtico con alto contenido de carbono y molibdeno-vanadio, altamente resistente a la corrosi\u00f3n y al desgaste. Se utiliza en la fabricaci\u00f3n de cuchillos, cubiertos de \u00faltima generaci\u00f3n e instrumentos quir\u00fargicos. Se caracteriza por una dureza relativamente alta para los aceros inoxidables de 57-58 HRC. La composici\u00f3n qu\u00edmica del acero se enriquece con una mezcla de 15,0% de cromo, 0,80% de molibdeno y 0,20% de vanadio.<\/p>\n<p>Hoja: tipo Clip Point (Bowie) con un vientre de la hoja claramente marcado. La hoja plana se deriva del Flat Grind, que proporciona excelentes propiedades de corte combinadas con una excelente durabilidad. Una empu\u00f1adura de acero de doble cara en la base de la hoja protege la mano contra resbalones sobre la hoja.<\/p>\n<p>Mango &#8211; Asta<\/p>\n<p>Vaina: hecha de piel de vaca natural bien curtida. Logotipo del fabricante grabado en la superficie. Los bordes de la funda estaban cosidos con hilo decorativo. Adjuntarlo a su cintur\u00f3n o a su equipo le permite llevar el cuchillo en posici\u00f3n vertical.<\/p>\n<p>Material de la hoja: 440C<br \/>\nMaterial del mango: Asta, Metal<br \/>\nMaterial de la caja: Cuero<br \/>\nLongitud de la hoja: 16 cm<br \/>\nLongitud total: 29,5 cm.<br \/>\nLongitud del mango: 13,5 cm<br \/>\nPeso: 260 gramos<br \/>\nUso: Caza<\/p>\n<p>&nbsp;<\/p>\n","protected":false},"excerpt":{"rendered":"<p><strong>Cuchillo de caza Muela CAZ-16 de hoja fija fabricado en acero inoxidable 440C con guarda met\u00e1lica maciza de doble cara y funda de cuero.<\/strong><\/p>\n","protected":false},"featured_media":351453,"comment_status":"open","ping_status":"closed","template":"","meta":[],"pwb-brand":[3908],"product_brand":[],"product_cat":[3726,3727],"product_tag":[3756],"class_list":{"0":"post-351485","1":"product","2":"type-product","3":"status-publish","4":"has-post-thumbnail","6":"pwb-brand-ella-tenia-que","7":"product_cat-cuchillos","8":"product_cat-cuchillos-macizos","9":"product_tag-b2b-es","11":"first","12":"outofstock","13":"taxable","14":"shipping-taxable","15":"purchasable","16":"product-type-simple"},"brands":[{"id":3908,"name":"Ella ten\u00eda que","slug":"ella-tenia-que"}],"_links":{"self":[{"href":"https:\/\/www.moskito.cz\/es\/wp-json\/wp\/v2\/product\/351485","targetHints":{"allow":["GET"]}}],"collection":[{"href":"https:\/\/www.moskito.cz\/es\/wp-json\/wp\/v2\/product"}],"about":[{"href":"https:\/\/www.moskito.cz\/es\/wp-json\/wp\/v2\/types\/product"}],"replies":[{"embeddable":true,"href":"https:\/\/www.moskito.cz\/es\/wp-json\/wp\/v2\/comments?post=351485"}],"wp:featuredmedia":[{"embeddable":true,"href":"https:\/\/www.moskito.cz\/es\/wp-json\/wp\/v2\/media\/351453"}],"wp:attachment":[{"href":"https:\/\/www.moskito.cz\/es\/wp-json\/wp\/v2\/media?parent=351485"}],"wp:term":[{"taxonomy":"pwb-brand","embeddable":true,"href":"https:\/\/www.moskito.cz\/es\/wp-json\/wp\/v2\/pwb-brand?post=351485"},{"taxonomy":"product_brand","embeddable":true,"href":"https:\/\/www.moskito.cz\/es\/wp-json\/wp\/v2\/product_brand?post=351485"},{"taxonomy":"product_cat","embeddable":true,"href":"https:\/\/www.moskito.cz\/es\/wp-json\/wp\/v2\/product_cat?post=351485"},{"taxonomy":"product_tag","embeddable":true,"href":"https:\/\/www.moskito.cz\/es\/wp-json\/wp\/v2\/product_tag?post=351485"}],"curies":[{"name":"wp","href":"https:\/\/api.w.org\/{rel}","templated":true}]}}