{"id":351509,"date":"2024-07-12T12:44:07","date_gmt":"2024-07-12T11:48:42","guid":{"rendered":"https:\/\/www.moskito.cz\/produkt\/cuchillo-fijo-muela-ranger-14r\/"},"modified":"2025-05-07T11:20:56","modified_gmt":"2025-05-07T10:20:56","slug":"cuchillo-fijo-muela-ranger-14r","status":"publish","type":"product","link":"https:\/\/www.moskito.cz\/es\/produkt\/cuchillo-fijo-muela-ranger-14r\/","title":{"rendered":"Cuchillo Fijo Muela RANGER-14R"},"content":{"rendered":"<p>Cuchillo Fijo <strong>Muela<\/strong> RANGER-14R<\/p>\n<p>Ranger Bowie Pakkawood, Satin es un cuchillo universal con hoja fija de la empresa espa\u00f1ola Muela, fabricado en acero molibdeno-vanadio (MoVa). Esta hoja s\u00f3lida se puede utilizar para todo tipo de trabajo, en todas las condiciones, sin sufrir da\u00f1os. Este cuchillo ser\u00e1 ideal para viajes de supervivencia, capeo y tambi\u00e9n para viajes fuera de la ciudad.<\/p>\n<p>X50CrMoV15 (1.4116): acero inoxidable martens\u00edtico con alto contenido de carbono y molibdeno-vanadio, altamente resistente a la corrosi\u00f3n y al desgaste. Se utiliza en la fabricaci\u00f3n de cuchillos, cubiertos de \u00faltima generaci\u00f3n e instrumentos quir\u00fargicos. Se caracteriza por una dureza relativamente alta para los aceros inoxidables de 56-58 HRC. La composici\u00f3n qu\u00edmica del acero se enriqueci\u00f3 dopando con 15,0% de cromo, 0,80% de molibdeno y 0,20% de vanadio.<\/p>\n<p>Hoja afilada tipo Bowie de 3,6 mm de espesor, cubierta con una capa satinada no reflectante (semimate) que elimina los reflejos. Hoja lisa (Llaura). La hoja fue hecha con un afilado c\u00f3ncavo (Hollow Grind). asegurando buenas propiedades de corte. En el tal\u00f3n de la hoja hay una protecci\u00f3n unilateral de lat\u00f3n para evitar que la mano se deslice por la hoja.<\/p>\n<p>Mango &#8211; recubierto con pakka (laminado) de madera natural en color marr\u00f3n, acabado con una cabeza de lat\u00f3n. El mango perfilado proporciona un agarre seguro. El cuchillo se adapta muy bien a la mano, no resbala y se puede controlar f\u00e1cilmente en todas las condiciones.<\/p>\n<p>Funda: cosida a mano, de piel de vacuno marr\u00f3n de alta calidad con el logotipo del fabricante en relieve. Los bordes del estuche est\u00e1n cosidos con hilo decorativo. Cierre a presi\u00f3n tipo Prym. El accesorio para cintur\u00f3n permite transportar el cuchillo en posici\u00f3n vertical.<\/p>\n<p>Especificaciones t\u00e9cnicas:<br \/>\nN\u00famero de producto: RANGER-14R<\/p>\n<p>Longitud total: 25,8 cm\/10,16&#8243;<br \/>\nLongitud de la hoja: 14,5 cm \/ 5,71\u201d<br \/>\nGrosor de la hoja: 0,36 cm\/0,14&#8243;<br \/>\nPeso: 195,0 g\/6,88 oz<\/p>\n<p>Material de la hoja: X50CrMoV15<br \/>\nDureza de la hoja: 56-58 HRc<br \/>\nRectificado de la hoja: Plano<br \/>\nTratamiento superficial de la hoja: satinado.<\/p>\n<p>Material del mango: Madera de Pakka (Coral pakkawood)<br \/>\nColor del acabado del mango: Marr\u00f3n<\/p>\n<p>Vaina (funda): Cuero<br \/>\nOtros accesorios: Ninguno<\/p>\n<p>Dise\u00f1ador: Muela<br \/>\nNombre de la marca: Muela<br \/>\nFabricante: Manufacturas Muela, SA<br \/>\nPa\u00eds de origen: Espa\u00f1a<\/p>\n<p>&nbsp;<\/p>\n<p>&nbsp;<\/p>\n","protected":false},"excerpt":{"rendered":"<p><strong>Ranger Bowie Pakkawood, Satin es un cuchillo universal con hoja fija de la empresa espa\u00f1ola Muela con funda de piel.<\/strong><\/p>\n","protected":false},"featured_media":351494,"comment_status":"open","ping_status":"closed","template":"","meta":[],"pwb-brand":[3908],"product_brand":[],"product_cat":[3727,3726],"product_tag":[3756],"class_list":{"0":"post-351509","1":"product","2":"type-product","3":"status-publish","4":"has-post-thumbnail","6":"pwb-brand-ella-tenia-que","7":"product_cat-cuchillos-macizos","8":"product_cat-cuchillos","9":"product_tag-b2b-es","11":"first","12":"outofstock","13":"taxable","14":"shipping-taxable","15":"purchasable","16":"product-type-simple"},"brands":[{"id":3908,"name":"Ella ten\u00eda que","slug":"ella-tenia-que"}],"_links":{"self":[{"href":"https:\/\/www.moskito.cz\/es\/wp-json\/wp\/v2\/product\/351509","targetHints":{"allow":["GET"]}}],"collection":[{"href":"https:\/\/www.moskito.cz\/es\/wp-json\/wp\/v2\/product"}],"about":[{"href":"https:\/\/www.moskito.cz\/es\/wp-json\/wp\/v2\/types\/product"}],"replies":[{"embeddable":true,"href":"https:\/\/www.moskito.cz\/es\/wp-json\/wp\/v2\/comments?post=351509"}],"wp:featuredmedia":[{"embeddable":true,"href":"https:\/\/www.moskito.cz\/es\/wp-json\/wp\/v2\/media\/351494"}],"wp:attachment":[{"href":"https:\/\/www.moskito.cz\/es\/wp-json\/wp\/v2\/media?parent=351509"}],"wp:term":[{"taxonomy":"pwb-brand","embeddable":true,"href":"https:\/\/www.moskito.cz\/es\/wp-json\/wp\/v2\/pwb-brand?post=351509"},{"taxonomy":"product_brand","embeddable":true,"href":"https:\/\/www.moskito.cz\/es\/wp-json\/wp\/v2\/product_brand?post=351509"},{"taxonomy":"product_cat","embeddable":true,"href":"https:\/\/www.moskito.cz\/es\/wp-json\/wp\/v2\/product_cat?post=351509"},{"taxonomy":"product_tag","embeddable":true,"href":"https:\/\/www.moskito.cz\/es\/wp-json\/wp\/v2\/product_tag?post=351509"}],"curies":[{"name":"wp","href":"https:\/\/api.w.org\/{rel}","templated":true}]}}