{"id":351550,"date":"2024-07-12T13:04:16","date_gmt":"2024-07-12T12:06:27","guid":{"rendered":"https:\/\/www.moskito.cz\/produkt\/cuchillo-cerrador-muela-gavilan-m\/"},"modified":"2025-05-07T11:20:58","modified_gmt":"2025-05-07T10:20:58","slug":"cuchillo-cerrador-muela-gavilan-m","status":"publish","type":"product","link":"https:\/\/www.moskito.cz\/es\/produkt\/cuchillo-cerrador-muela-gavilan-m\/","title":{"rendered":"Cuchillo Cerrador Muela GAVILAN-M"},"content":{"rendered":"<p>Cuchillo Cerrador <strong>Muela<\/strong> GAVILAN-M<\/p>\n<p>Navaja universal <strong>GAVILAN<\/strong> -M y dise\u00f1o de espiga entera con hoja fija, fabricada en acero MoVa molibdeno-vanadio. Mejor equilibrio con peso reducido, una excelente herramienta que funcionar\u00e1 en una amplia gama de aplicaciones, caza, expediciones de supervivencia, camping. Un aut\u00e9ntico veh\u00edculo 4&#215;4 entre los cuchillos.<\/p>\n<p>El acero era criog\u00e9nico (tratado t\u00e9rmicamente a temperaturas bajo cero), llamado CRYO-T, tambi\u00e9n llamado escarcha. Gracias a CRYO-T obtenemos una estructura interna homog\u00e9nea del acero, lo que se refleja en un aumento significativo de la resistencia de la pala, un aumento de la resistencia al impacto, la tensi\u00f3n y la torsi\u00f3n.<\/p>\n<p>Hoja &#8211; con perfil Drop Point y un espesor de 4,5 mm recubierta con un acabado Satin Finish antirreflectante (semimate). Hecho de acero inoxidable duradero de molibdeno-vanadio X50CrMoV15 endurecido en el rango de 57-58 HRC. La hoja se caracteriza por buenas propiedades mec\u00e1nicas y un afilado duradero. La hoja lisa (tipo Plain) fue hecha con un afilado plano (Flat Grind).<\/p>\n<p>Mango: perfilado, cubierto con forro de micarta impermeable antideslizante en color negro, proporciona un agarre excelente y seguro. El saliente ampliado act\u00faa como guardamanos y protege la mano de resbalones involuntarios durante el trabajo. En la parte posterior del mango se coloc\u00f3 un espacio con un cord\u00f3n de paracord trenzado.<\/p>\n<p>Estuche &#8211; extendido, protege la cabeza con parte del mango. Confeccionada en piel de vacuno de color negro de m\u00e1xima calidad con el logo del fabricante en relieve. Los bordes de la funda estaban cosidos con hilo decorativo. La fijaci\u00f3n a un cintur\u00f3n o dispositivo permite transportar el cuchillo en posici\u00f3n vertical.<\/p>\n<p>Especificaciones t\u00e9cnicas:<br \/>\nN\u00famero de producto: GAVILAN-M<\/p>\n<p>Tipo de acero: 1.4116 (X50CrMoV15)<br \/>\nLongitud de la hoja: 12,5 cm\/4,92&#8243;<br \/>\nGrosor de la hoja: 0,45 cm\/0,16&#8243;<br \/>\nLongitud total: 25,3 cm\/9,96&#8243;<br \/>\nPeso: 290 g\/10,23 oz<br \/>\nTipo de borde: Liso<br \/>\nTipo de hoja: Punto de ca\u00edda<br \/>\nTipo de corte: Plano<\/p>\n<p>Material mango: Micarta Negra<br \/>\nVaina: Cuero<br \/>\nFabricante: Muela, Espa\u00f1a<\/p>\n<p>&nbsp;<\/p>\n","protected":false},"excerpt":{"rendered":"<p><strong>Una excelente herramienta que funcionar\u00e1 en una amplia gama de aplicaciones, caza, expediciones de supervivencia, acampada. Un aut\u00e9ntico veh\u00edculo 4&#215;4 entre los cuchillos.<\/strong><\/p>\n","protected":false},"featured_media":351519,"comment_status":"open","ping_status":"closed","template":"","meta":[],"pwb-brand":[3908],"product_brand":[],"product_cat":[3726,3727],"product_tag":[3756],"class_list":{"0":"post-351550","1":"product","2":"type-product","3":"status-publish","4":"has-post-thumbnail","6":"pwb-brand-ella-tenia-que","7":"product_cat-cuchillos","8":"product_cat-cuchillos-macizos","9":"product_tag-b2b-es","11":"first","12":"instock","13":"taxable","14":"shipping-taxable","15":"purchasable","16":"product-type-simple"},"brands":[{"id":3908,"name":"Ella ten\u00eda que","slug":"ella-tenia-que"}],"_links":{"self":[{"href":"https:\/\/www.moskito.cz\/es\/wp-json\/wp\/v2\/product\/351550","targetHints":{"allow":["GET"]}}],"collection":[{"href":"https:\/\/www.moskito.cz\/es\/wp-json\/wp\/v2\/product"}],"about":[{"href":"https:\/\/www.moskito.cz\/es\/wp-json\/wp\/v2\/types\/product"}],"replies":[{"embeddable":true,"href":"https:\/\/www.moskito.cz\/es\/wp-json\/wp\/v2\/comments?post=351550"}],"wp:featuredmedia":[{"embeddable":true,"href":"https:\/\/www.moskito.cz\/es\/wp-json\/wp\/v2\/media\/351519"}],"wp:attachment":[{"href":"https:\/\/www.moskito.cz\/es\/wp-json\/wp\/v2\/media?parent=351550"}],"wp:term":[{"taxonomy":"pwb-brand","embeddable":true,"href":"https:\/\/www.moskito.cz\/es\/wp-json\/wp\/v2\/pwb-brand?post=351550"},{"taxonomy":"product_brand","embeddable":true,"href":"https:\/\/www.moskito.cz\/es\/wp-json\/wp\/v2\/product_brand?post=351550"},{"taxonomy":"product_cat","embeddable":true,"href":"https:\/\/www.moskito.cz\/es\/wp-json\/wp\/v2\/product_cat?post=351550"},{"taxonomy":"product_tag","embeddable":true,"href":"https:\/\/www.moskito.cz\/es\/wp-json\/wp\/v2\/product_tag?post=351550"}],"curies":[{"name":"wp","href":"https:\/\/api.w.org\/{rel}","templated":true}]}}