{"id":351574,"date":"2024-07-12T13:48:10","date_gmt":"2024-07-12T12:57:11","guid":{"rendered":"https:\/\/www.moskito.cz\/produkt\/cuchillo-fijo-buceo-muela-sub-14-3\/"},"modified":"2025-05-07T11:20:59","modified_gmt":"2025-05-07T10:20:59","slug":"cuchillo-fijo-buceo-muela-sub-14-3","status":"publish","type":"product","link":"https:\/\/www.moskito.cz\/es\/produkt\/cuchillo-fijo-buceo-muela-sub-14-3\/","title":{"rendered":"Cuchillo Fijo Buceo Muela SUB-14.3"},"content":{"rendered":"<p>Cuchillo Fijo Buceo <strong>Muela<\/strong> SUB-14.3<\/p>\n<p>Perfecto cuchillo de buceo <strong>SUB-14.3<\/strong> fabricado en acero inoxidable molibdeno-vanadio. Es producido por la reconocida empresa espa\u00f1ola Muela, que cuenta con m\u00e1s de 50 a\u00f1os de experiencia en la producci\u00f3n de cuchillos.<\/p>\n<p>Hoja: espesor aprox. 3,4 mm, fabricada en acero inoxidable de molibdeno-vanadio duradero y pulido a espejo. Se coloc\u00f3 una sierra universal en la cresta de la hoja para realizar cortes agresivos de materiales fibrosos.<\/p>\n<p>El tipo Edge-about Combo fue realizado con un corte c\u00f3ncavo (Hollow Grind). 20% es una hoja dentada que se utiliza para cortar, entre otras cosas, cuerdas, redes, cinturones, y 80% es una hoja lisa cl\u00e1sica (tipo Plain) dise\u00f1ada para un corte preciso.<\/p>\n<p>Mango: ergon\u00f3mico, texturizado con muescas dentadas debajo de la palma para un buen agarre. El cuchillo cabe en la palma de la mano y no se desliza gracias al revestimiento de material pl\u00e1stico blando (PDV) de color azul. Respaldo dentado bajo el pulgar (Ramp), evitando el deslizamiento accidental de las manos durante el trabajo.<\/p>\n<p>Caja &#8211; hecha de material ABS en color azul. El estuche tiene un clip que asegura el cuchillo contra ca\u00eddas. El juego incluye dos correas de goma ajustables resistentes a los rayos UV para sujetar la vagina a la pierna o al muslo.<br \/>\nEspecificaciones t\u00e9cnicas:<br \/>\nN\u00famero de producto: SUB-14.3 (negro-azul)<br \/>\nTipo de acero: Molibdeno-Vanadio<br \/>\nLongitud de la hoja: 14 cm\/5,51&#8243;<br \/>\nGrosor de la hoja: 0,35 cm\/0,14&#8243;<br \/>\nLongitud total: 25,5 cm\/10,04&#8243;<br \/>\nPeso: 133 g\/4,69 oz<br \/>\nHoja: Combinada<br \/>\nTipo de corte: C\u00f3ncavo<br \/>\nTipo de mango: pol\u00edmero PDV<br \/>\nCarcasa: ABS<br \/>\nFabricante: Muela, Espa\u00f1a<\/p>\n<p>&nbsp;<\/p>\n","protected":false},"excerpt":{"rendered":"<p><strong>Perfecto cuchillo de buceo SUB-14.3 fabricado en acero inoxidable molibdeno-vanadio. Es producido por la reconocida empresa espa\u00f1ola Muela, que cuenta con m\u00e1s de 50 a\u00f1os de experiencia en la producci\u00f3n de cuchillos.<\/strong><\/p>\n","protected":false},"featured_media":351559,"comment_status":"open","ping_status":"closed","template":"","meta":[],"pwb-brand":[3908],"product_brand":[],"product_cat":[3726,3727],"product_tag":[3756],"class_list":{"0":"post-351574","1":"product","2":"type-product","3":"status-publish","4":"has-post-thumbnail","6":"pwb-brand-ella-tenia-que","7":"product_cat-cuchillos","8":"product_cat-cuchillos-macizos","9":"product_tag-b2b-es","11":"first","12":"instock","13":"taxable","14":"shipping-taxable","15":"purchasable","16":"product-type-simple"},"brands":[{"id":3908,"name":"Ella ten\u00eda que","slug":"ella-tenia-que"}],"_links":{"self":[{"href":"https:\/\/www.moskito.cz\/es\/wp-json\/wp\/v2\/product\/351574","targetHints":{"allow":["GET"]}}],"collection":[{"href":"https:\/\/www.moskito.cz\/es\/wp-json\/wp\/v2\/product"}],"about":[{"href":"https:\/\/www.moskito.cz\/es\/wp-json\/wp\/v2\/types\/product"}],"replies":[{"embeddable":true,"href":"https:\/\/www.moskito.cz\/es\/wp-json\/wp\/v2\/comments?post=351574"}],"wp:featuredmedia":[{"embeddable":true,"href":"https:\/\/www.moskito.cz\/es\/wp-json\/wp\/v2\/media\/351559"}],"wp:attachment":[{"href":"https:\/\/www.moskito.cz\/es\/wp-json\/wp\/v2\/media?parent=351574"}],"wp:term":[{"taxonomy":"pwb-brand","embeddable":true,"href":"https:\/\/www.moskito.cz\/es\/wp-json\/wp\/v2\/pwb-brand?post=351574"},{"taxonomy":"product_brand","embeddable":true,"href":"https:\/\/www.moskito.cz\/es\/wp-json\/wp\/v2\/product_brand?post=351574"},{"taxonomy":"product_cat","embeddable":true,"href":"https:\/\/www.moskito.cz\/es\/wp-json\/wp\/v2\/product_cat?post=351574"},{"taxonomy":"product_tag","embeddable":true,"href":"https:\/\/www.moskito.cz\/es\/wp-json\/wp\/v2\/product_tag?post=351574"}],"curies":[{"name":"wp","href":"https:\/\/api.w.org\/{rel}","templated":true}]}}