{"id":351590,"date":"2023-07-16T18:17:54","date_gmt":"2024-07-12T12:59:29","guid":{"rendered":"https:\/\/www.moskito.cz\/?post_type=product&p=351590"},"modified":"2025-05-07T11:21:00","modified_gmt":"2025-05-07T10:21:00","slug":"cuchillo-fijo-muela-gred-17","status":"publish","type":"product","link":"https:\/\/www.moskito.cz\/es\/produkt\/cuchillo-fijo-muela-gred-17\/","title":{"rendered":"Cuchillo Fijo Muela GRED-17"},"content":{"rendered":"<p>Cuchillo Fijo <strong>Muela<\/strong> GRED-17<\/p>\n<p>Cuchillo de caza masivo GRED-17 GREDOS de la empresa espa\u00f1ola Muela con hoja fija. Fabricado en acero al molibdeno vanadio (MoVa). Elaborado con esmero, destinado a los cazadores, tambi\u00e9n servir\u00e1 para la supervivencia y el vivac.<\/p>\n<p>Bade &#8211; espesor 4,5 mm con perfil Bowie, recubierto con una capa Satin Finish (semimate) no reflectante que elimina el deslumbramiento. Hecho de acero inoxidable duradero de molibdeno-vanadio X50CrMoV15 endurecido en el rango de 57-58 HRC. La hoja se caracteriza por buenas propiedades mec\u00e1nicas y un afilado duradero. La hoja lisa (tipo Plain) fue fabricada con un afilado c\u00f3ncavo (Hollow Grind), lo que permite un corte preciso de la superficie de corte y una punta ultrafina.<\/p>\n<p>El mango, cubierto con costuras naturales antiru (asta de ciervo), proporciona un aspecto exclusivo y un agarre c\u00f3modo y seguro.<\/p>\n<p>Estuche de cuero marr\u00f3n natural. Funda con logo del fabricante en relieve. Cierre a presi\u00f3n Prym con escudo de la empresa. La funda est\u00e1 cosida en los bordes con hilo decorativo. El accesorio de cintur\u00f3n o engranaje permite transportar el cuchillo en posici\u00f3n vertical.<\/p>\n<p>Especificaciones t\u00e9cnicas:<br \/>\nN\u00famero de producto: GRED-17<br \/>\nTipo de acero: X50CrMoV15<br \/>\nLongitud de la hoja: 16,5 cm<br \/>\nGrosor de la hoja: 0,45 cm.<br \/>\nLongitud total: 26,8 cm<br \/>\nPeso: 250,0 g\/8,82 oz<br \/>\nTipo de borde: Liso<br \/>\nTipo de hoja: Bowie<br \/>\nTipo de corte: C\u00f3ncavo<br \/>\nPu\u00f1os: Ciervo (astas de ciervo)<br \/>\nVaina: Cuero<br \/>\nFabricante: Muela, Espa\u00f1a<\/p>\n<p>&nbsp;<\/p>\n<p>&nbsp;<\/p>\n","protected":false},"excerpt":{"rendered":"<p><strong>Cuchillo de caza masivo GRED-17 GREDOS de la empresa espa\u00f1ola Muela con hoja fija. Fabricado en acero al molibdeno vanadio (MoVa). Cuidadosamente elaborado, destinado a los cazadores, tambi\u00e9n servir\u00e1 para la supervivencia y el vivac.<\/strong><\/p>\n","protected":false},"featured_media":351596,"comment_status":"open","ping_status":"closed","template":"","meta":[],"pwb-brand":[3908],"product_brand":[],"product_cat":[3726,3727],"product_tag":[3756],"class_list":{"0":"post-351590","1":"product","2":"type-product","3":"status-publish","4":"has-post-thumbnail","6":"pwb-brand-ella-tenia-que","7":"product_cat-cuchillos","8":"product_cat-cuchillos-macizos","9":"product_tag-b2b-es","11":"first","12":"instock","13":"taxable","14":"shipping-taxable","15":"purchasable","16":"product-type-simple"},"brands":[{"id":3908,"name":"Ella ten\u00eda que","slug":"ella-tenia-que"}],"_links":{"self":[{"href":"https:\/\/www.moskito.cz\/es\/wp-json\/wp\/v2\/product\/351590","targetHints":{"allow":["GET"]}}],"collection":[{"href":"https:\/\/www.moskito.cz\/es\/wp-json\/wp\/v2\/product"}],"about":[{"href":"https:\/\/www.moskito.cz\/es\/wp-json\/wp\/v2\/types\/product"}],"replies":[{"embeddable":true,"href":"https:\/\/www.moskito.cz\/es\/wp-json\/wp\/v2\/comments?post=351590"}],"wp:featuredmedia":[{"embeddable":true,"href":"https:\/\/www.moskito.cz\/es\/wp-json\/wp\/v2\/media\/351596"}],"wp:attachment":[{"href":"https:\/\/www.moskito.cz\/es\/wp-json\/wp\/v2\/media?parent=351590"}],"wp:term":[{"taxonomy":"pwb-brand","embeddable":true,"href":"https:\/\/www.moskito.cz\/es\/wp-json\/wp\/v2\/pwb-brand?post=351590"},{"taxonomy":"product_brand","embeddable":true,"href":"https:\/\/www.moskito.cz\/es\/wp-json\/wp\/v2\/product_brand?post=351590"},{"taxonomy":"product_cat","embeddable":true,"href":"https:\/\/www.moskito.cz\/es\/wp-json\/wp\/v2\/product_cat?post=351590"},{"taxonomy":"product_tag","embeddable":true,"href":"https:\/\/www.moskito.cz\/es\/wp-json\/wp\/v2\/product_tag?post=351590"}],"curies":[{"name":"wp","href":"https:\/\/api.w.org\/{rel}","templated":true}]}}