{"id":351651,"date":"2024-07-12T14:20:45","date_gmt":"2024-07-12T13:22:05","guid":{"rendered":"https:\/\/www.moskito.cz\/produkt\/cuchillo-fijo-muela-con-caja-regalo-buffalo-16bf\/"},"modified":"2025-05-07T11:21:02","modified_gmt":"2025-05-07T10:21:02","slug":"cuchillo-fijo-muela-con-caja-regalo-buffalo-16bf","status":"publish","type":"product","link":"https:\/\/www.moskito.cz\/es\/produkt\/cuchillo-fijo-muela-con-caja-regalo-buffalo-16bf\/","title":{"rendered":"Cuchillo Fijo Muela con Caja Regalo BUFFALO-16BF"},"content":{"rendered":"<p>Cuchillo Fijo <strong>Muela<\/strong> con Caja Regalo BUFFALO-16BF<\/p>\n<p><strong>BUFFALO-16BF<\/strong> , un cuchillo bien hecho de la empresa espa\u00f1ola Muela de alguna que otra serie Big Five. Cinco cuchillos con cabezas de b\u00fafalo, le\u00f3n, rinoceronte, leopardo y elefante. Cada cuchillo se ofrece en una elegante caja de regalo. La alta calidad de los materiales utilizados enfatiza la belleza y precisi\u00f3n del detalle. Un manjar para coleccionistas, aficionados a la caza y personas que aprecian un estilo de vida activo.<\/p>\n<p>Hoja &#8211; Perfil Bowie, espesor 4,5 mm con buenas propiedades mec\u00e1nicas y filo duradero. Hecho de acero inoxidable duradero molibdeno-vanadio X50CrMoV15 (1.4116), endurecido en el rango de 57-58 HRC. La hoja lisa (tipo Plain) se hizo con un afilado c\u00f3ncavo (Hollow Grind). El acabado Satin Finish (semimate) elimina los reflejos. En la base de la hoja se coloc\u00f3 lat\u00f3n pulido de doble cara para proteger la mano.<\/p>\n<p>Mango &#8211; ciervo natural, rematado con un medall\u00f3n con motivo de caza, cabeza de b\u00fafalo fabricada en lat\u00f3n pulido.<\/p>\n<p>Estuche: cuero natural de color marr\u00f3n oscuro con el logo del fabricante en relieve. Los bordes de la funda estaban cosidos con hilo decorativo. El accesorio de cintur\u00f3n o engranaje permite transportar el cuchillo en posici\u00f3n vertical.<\/p>\n<p>Especificaciones t\u00e9cnicas::<br \/>\nN\u00famero de producto: BUFFALO-16BF<\/p>\n<p>Tipo de acero: 1.4116 (X50CrMoV15)<br \/>\nLongitud de la hoja: 16 cm\/6,30 pulgadas<br \/>\nGrosor de la hoja: 0,45 cm\/0,178&#8243;<br \/>\nLongitud total: 28,8 cm\/11,34&#8243;<br \/>\nPeso: 274,0 g\/9,66 oz<br \/>\nTipo de borde: Liso<br \/>\nTipo de hoja: Bowie<br \/>\nTipo de corte: C\u00f3ncavo<\/p>\n<p>Material del mango: ciervo<br \/>\nVaina: Cuero<\/p>\n<p>Fabricante: Muela, Espa\u00f1a<\/p>\n<p>&nbsp;<\/p>\n","protected":false},"excerpt":{"rendered":"<p><strong>BUFFALO-16BF, un cuchillo bien hecho de la empresa espa\u00f1ola Muela de alguna que otra serie Big Five. Cinco cuchillos con cabezas de b\u00fafalo, le\u00f3n, rinoceronte, leopardo y elefante. Cada cuchillo se ofrece en una elegante caja de regalo. La alta calidad de los materiales utilizados enfatiza la belleza y precisi\u00f3n del detalle. Un manjar para coleccionistas, aficionados a la caza y personas que aprecian un estilo de vida activo.<\/strong><\/p>\n","protected":false},"featured_media":351620,"comment_status":"open","ping_status":"closed","template":"","meta":[],"pwb-brand":[3908],"product_brand":[],"product_cat":[3726,3727],"product_tag":[3756],"class_list":{"0":"post-351651","1":"product","2":"type-product","3":"status-publish","4":"has-post-thumbnail","6":"pwb-brand-ella-tenia-que","7":"product_cat-cuchillos","8":"product_cat-cuchillos-macizos","9":"product_tag-b2b-es","11":"first","12":"instock","13":"taxable","14":"shipping-taxable","15":"purchasable","16":"product-type-simple"},"brands":[{"id":3908,"name":"Ella ten\u00eda que","slug":"ella-tenia-que"}],"_links":{"self":[{"href":"https:\/\/www.moskito.cz\/es\/wp-json\/wp\/v2\/product\/351651","targetHints":{"allow":["GET"]}}],"collection":[{"href":"https:\/\/www.moskito.cz\/es\/wp-json\/wp\/v2\/product"}],"about":[{"href":"https:\/\/www.moskito.cz\/es\/wp-json\/wp\/v2\/types\/product"}],"replies":[{"embeddable":true,"href":"https:\/\/www.moskito.cz\/es\/wp-json\/wp\/v2\/comments?post=351651"}],"wp:featuredmedia":[{"embeddable":true,"href":"https:\/\/www.moskito.cz\/es\/wp-json\/wp\/v2\/media\/351620"}],"wp:attachment":[{"href":"https:\/\/www.moskito.cz\/es\/wp-json\/wp\/v2\/media?parent=351651"}],"wp:term":[{"taxonomy":"pwb-brand","embeddable":true,"href":"https:\/\/www.moskito.cz\/es\/wp-json\/wp\/v2\/pwb-brand?post=351651"},{"taxonomy":"product_brand","embeddable":true,"href":"https:\/\/www.moskito.cz\/es\/wp-json\/wp\/v2\/product_brand?post=351651"},{"taxonomy":"product_cat","embeddable":true,"href":"https:\/\/www.moskito.cz\/es\/wp-json\/wp\/v2\/product_cat?post=351651"},{"taxonomy":"product_tag","embeddable":true,"href":"https:\/\/www.moskito.cz\/es\/wp-json\/wp\/v2\/product_tag?post=351651"}],"curies":[{"name":"wp","href":"https:\/\/api.w.org\/{rel}","templated":true}]}}