{"id":351717,"date":"2024-07-12T14:44:41","date_gmt":"2024-07-12T13:44:41","guid":{"rendered":"https:\/\/www.moskito.cz\/produkt\/cuchillo-muela-fijo-con-estuche-tejon-16\/"},"modified":"2025-05-07T11:21:03","modified_gmt":"2025-05-07T10:21:03","slug":"cuchillo-muela-fijo-con-estuche-tejon-16","status":"publish","type":"product","link":"https:\/\/www.moskito.cz\/es\/produkt\/cuchillo-muela-fijo-con-estuche-tejon-16\/","title":{"rendered":"Cuchillo Muela Fijo con Estuche TEJON-16"},"content":{"rendered":"<p>Cuchillo <strong>Muela<\/strong> Fijo con Estuche TEJON-16<\/p>\n<p>Cuchillo de caza artesanal TEJON-16 de la empresa espa\u00f1ola Muela con asta y hoja fija. Fabricado en acero al molibdeno vanadio (MoVa). Dise\u00f1ado para los amantes de la caza, tambi\u00e9n funcionar\u00e1 para la supervivencia y los viajes fuera de la ciudad.<\/p>\n<p>Hoja: espesor 3,6 mm con perfil Bowie modificado, recubierta con una capa antirreflectante Satin Finish (semimate) que elimina el deslumbramiento. Hecho de acero inoxidable duradero de molibdeno-vanadio X50CrMoV15 endurecido en el rango de 57-58 HRC. La hoja se caracteriza por buenas propiedades mec\u00e1nicas y un afilado duradero. La hoja lisa (tipo Plain) fue realizada con un corte plano (Flat Grind), permitiendo cortar con una fuerza considerable.<\/p>\n<p>Mango: acabado con una cabeza de lat\u00f3n, recubierto con chapas de madera natural de ciervo, que proporciona un aspecto exclusivo y un agarre c\u00f3modo.<\/p>\n<p>Estuche de cuero marr\u00f3n natural. Funda con logo del fabricante en relieve. Cierre a presi\u00f3n Prym con escudo de la empresa. La funda est\u00e1 cosida en los bordes con hilo decorativo. El accesorio de cintur\u00f3n o engranaje permite transportar el cuchillo en posici\u00f3n vertical.<\/p>\n<p>Especificaciones t\u00e9cnicas:<br \/>\nN\u00famero de producto: TEJON-16<br \/>\nTipo de acero: X50CrMoV15<br \/>\nLongitud de la hoja: 16 cm\/6,3&#8243;<br \/>\nGrosor de la hoja: 0,36 cm\/0,14&#8243;<br \/>\nLongitud total: 29 cm\/11,42 pulgadas<br \/>\nPeso: 189,0 g\/6,67 oz<br \/>\nTipo de borde: Liso<br \/>\nTipo de hoja: Bowie<br \/>\nTipo de corte: Plano<br \/>\nForro del mango: Ciervo (astas de ciervo)<br \/>\nVaina: Cuero<br \/>\nFabricante: Muela, Espa\u00f1a<\/p>\n<p>&nbsp;<\/p>\n","protected":false},"excerpt":{"rendered":"<p><strong>Cuchillo de caza artesanal TEJON-16 de la empresa espa\u00f1ola Muela con asta y hoja fija. Fabricado en acero al molibdeno vanadio (MoVa). Dise\u00f1ado para los amantes de la caza, tambi\u00e9n funcionar\u00e1 para la supervivencia y los viajes fuera de la ciudad.<\/strong><\/p>\n","protected":false},"featured_media":421035,"comment_status":"open","ping_status":"closed","template":"","meta":[],"pwb-brand":[3908],"product_brand":[],"product_cat":[3727,3726],"product_tag":[3756],"class_list":{"0":"post-351717","1":"product","2":"type-product","3":"status-publish","4":"has-post-thumbnail","6":"pwb-brand-ella-tenia-que","7":"product_cat-cuchillos-macizos","8":"product_cat-cuchillos","9":"product_tag-b2b-es","11":"first","12":"outofstock","13":"taxable","14":"shipping-taxable","15":"purchasable","16":"product-type-simple"},"brands":[{"id":3908,"name":"Ella ten\u00eda que","slug":"ella-tenia-que"}],"_links":{"self":[{"href":"https:\/\/www.moskito.cz\/es\/wp-json\/wp\/v2\/product\/351717","targetHints":{"allow":["GET"]}}],"collection":[{"href":"https:\/\/www.moskito.cz\/es\/wp-json\/wp\/v2\/product"}],"about":[{"href":"https:\/\/www.moskito.cz\/es\/wp-json\/wp\/v2\/types\/product"}],"replies":[{"embeddable":true,"href":"https:\/\/www.moskito.cz\/es\/wp-json\/wp\/v2\/comments?post=351717"}],"wp:featuredmedia":[{"embeddable":true,"href":"https:\/\/www.moskito.cz\/es\/wp-json\/wp\/v2\/media\/421035"}],"wp:attachment":[{"href":"https:\/\/www.moskito.cz\/es\/wp-json\/wp\/v2\/media?parent=351717"}],"wp:term":[{"taxonomy":"pwb-brand","embeddable":true,"href":"https:\/\/www.moskito.cz\/es\/wp-json\/wp\/v2\/pwb-brand?post=351717"},{"taxonomy":"product_brand","embeddable":true,"href":"https:\/\/www.moskito.cz\/es\/wp-json\/wp\/v2\/product_brand?post=351717"},{"taxonomy":"product_cat","embeddable":true,"href":"https:\/\/www.moskito.cz\/es\/wp-json\/wp\/v2\/product_cat?post=351717"},{"taxonomy":"product_tag","embeddable":true,"href":"https:\/\/www.moskito.cz\/es\/wp-json\/wp\/v2\/product_tag?post=351717"}],"curies":[{"name":"wp","href":"https:\/\/api.w.org\/{rel}","templated":true}]}}