{"id":351835,"date":"2024-07-13T10:34:41","date_gmt":"2024-07-13T09:35:13","guid":{"rendered":"https:\/\/www.moskito.cz\/produkt\/microtech-dc-munroe-cypher-ii-cuchillo-de-tiro-lavado-a-la-piedra-1241-11\/"},"modified":"2025-05-07T11:21:08","modified_gmt":"2025-05-07T10:21:08","slug":"microtech-dc-munroe-cypher-ii-cuchillo-de-tiro-lavado-a-la-piedra-1241-11","status":"publish","type":"product","link":"https:\/\/www.moskito.cz\/es\/produkt\/microtech-dc-munroe-cypher-ii-cuchillo-de-tiro-lavado-a-la-piedra-1241-11\/","title":{"rendered":"Microtech\/DC Munroe Cypher II Cuchillo de tiro lavado a la piedra 1241-11"},"content":{"rendered":"<p><strong>Microtech<\/strong> \/DC Munroe Cypher II Cuchillo de tiro lavado a la piedra 1241-11<\/p>\n<p><strong>Deryk DC Munroe<\/strong> es la principal fuente de ingenier\u00eda y mano de obra para MunroeKnives. Una fascinaci\u00f3n de toda la vida por las armas lo llev\u00f3 a crear su primer cuchillo en 1984. En 1997, tom\u00f3 un camino bastante complicado para convertirse en fabricante de cuchillos a tiempo completo. Explor\u00f3 y desarroll\u00f3 varios aspectos del oficio que lo han impulsado desde entonces. Su estilo es \u00fanico y la calidad de sus ingredientes es simplemente sobresaliente. Por lo tanto, fue una elecci\u00f3n obvia para Tony trabajar con Deryk en este segundo cuchillo de colaboraci\u00f3n Munroe\/Marfione, el Cypher.<\/p>\n<p><strong>Microtech Cypher<\/strong> ve el regreso del OTF favorito de los fan\u00e1ticos con mejoras de \u00faltima generaci\u00f3n en el dise\u00f1o original. El cl\u00e1sico Cypher ha sido redise\u00f1ado por dentro y por fuera, estableciendo un nuevo est\u00e1ndar para la tecnolog\u00eda moderna. La \u00faltima e innovadora transmisi\u00f3n de combustible dual de Microtech proporciona un manejo sin esfuerzo y la acci\u00f3n m\u00e1s suave jam\u00e1s vista en un OTF.<\/p>\n<p>Las ranuras en el chasis agregan un elemento elegante al mismo tiempo que brindan el m\u00e1ximo agarre, y el clip de bolsillo de titanio 6Al4V con tap\u00f3n de cer\u00e1mica brinda al usuario opciones de transporte seguras y asequibles. El cuerpo sin tornillos y el rompevidrios integrado le dan una apariencia m\u00e1s estilizada, y el dise\u00f1o actualizado del bolsillo con botones reduce la fricci\u00f3n y facilita el movimiento de escombros. Con su tama\u00f1o relativamente compacto y su facilidad de implementaci\u00f3n, el <strong>Cypher<\/strong> redise\u00f1ado establece el punto de referencia para la reconocida combinaci\u00f3n de estilo y utilidad de <strong>Microtech<\/strong> en nuestra l\u00ednea premium.<\/p>\n<p>Especificaciones:<br \/>\nLongitud de la hoja: 8,75 cm<br \/>\nLargo cerrado: 12,5 cm<br \/>\nLongitud total: 21,25 cm.<br \/>\nAcero de la hoja: acero inoxidable Bohler M390MK<br \/>\nEstilo de hoja: Tanto inverso<br \/>\nRectificado de la hoja: Plano<br \/>\nTratamiento superficial de la hoja: Stonewash<br \/>\nMaterial del mango: Aluminio negro fresado<br \/>\nMecanismo de bloqueo: Deslizante<br \/>\nClip de bolsillo: Titanio con bola de cer\u00e1mica (plegable hacia abajo, derecha\/izquierda)<br \/>\nPeso: 3,88 onzas.<br \/>\nDise\u00f1adores: Deryk Munroe y Tony Marfione<br \/>\nHecho en EE.UU<\/p>\n<p><iframe title=\"Microtech Combat Troodon Torture Test\" width=\"800\" height=\"450\" src=\"https:\/\/www.youtube.com\/embed\/xE9TeOFYEjg?feature=oembed\" frameborder=\"0\" allow=\"accelerometer; autoplay; clipboard-write; encrypted-media; gyroscope; picture-in-picture; web-share\" referrerpolicy=\"strict-origin-when-cross-origin\" allowfullscreen><\/iframe><\/p>\n<p>&nbsp;<\/p>\n","protected":false},"excerpt":{"rendered":"<p><strong>A lo largo de los a\u00f1os, Microtech\u00ae Knives ha llenado los cuchillos con pasi\u00f3n y habilidad para crear casi obras de arte que son el pin\u00e1culo de la funcionalidad. Todas las piezas se fabrican en los EE. UU.<\/strong><br \/>\n<strong>Todas las cuchillas Microtech est\u00e1n garantizadas de por vida (m\u00edn. 80.000 ciclos, apertura y cierre)<\/strong><\/p>\n<p><strong>Transporte gratuito.<\/strong><\/p>\n","protected":false},"featured_media":351792,"comment_status":"open","ping_status":"closed","template":"","meta":[],"pwb-brand":[3752],"product_brand":[],"product_cat":[3726,3729],"product_tag":[3756],"class_list":{"0":"post-351835","1":"product","2":"type-product","3":"status-publish","4":"has-post-thumbnail","6":"pwb-brand-microtecnologia","7":"product_cat-cuchillos","8":"product_cat-cuchillos-de-tiro","9":"product_tag-b2b-es","11":"first","12":"instock","13":"taxable","14":"shipping-taxable","15":"purchasable","16":"product-type-simple"},"brands":[{"id":3752,"name":"microtecnolog\u00eda","slug":"microtecnologia"}],"_links":{"self":[{"href":"https:\/\/www.moskito.cz\/es\/wp-json\/wp\/v2\/product\/351835","targetHints":{"allow":["GET"]}}],"collection":[{"href":"https:\/\/www.moskito.cz\/es\/wp-json\/wp\/v2\/product"}],"about":[{"href":"https:\/\/www.moskito.cz\/es\/wp-json\/wp\/v2\/types\/product"}],"replies":[{"embeddable":true,"href":"https:\/\/www.moskito.cz\/es\/wp-json\/wp\/v2\/comments?post=351835"}],"wp:featuredmedia":[{"embeddable":true,"href":"https:\/\/www.moskito.cz\/es\/wp-json\/wp\/v2\/media\/351792"}],"wp:attachment":[{"href":"https:\/\/www.moskito.cz\/es\/wp-json\/wp\/v2\/media?parent=351835"}],"wp:term":[{"taxonomy":"pwb-brand","embeddable":true,"href":"https:\/\/www.moskito.cz\/es\/wp-json\/wp\/v2\/pwb-brand?post=351835"},{"taxonomy":"product_brand","embeddable":true,"href":"https:\/\/www.moskito.cz\/es\/wp-json\/wp\/v2\/product_brand?post=351835"},{"taxonomy":"product_cat","embeddable":true,"href":"https:\/\/www.moskito.cz\/es\/wp-json\/wp\/v2\/product_cat?post=351835"},{"taxonomy":"product_tag","embeddable":true,"href":"https:\/\/www.moskito.cz\/es\/wp-json\/wp\/v2\/product_tag?post=351835"}],"curies":[{"name":"wp","href":"https:\/\/api.w.org\/{rel}","templated":true}]}}