{"id":352479,"date":"2024-07-15T12:16:41","date_gmt":"2024-07-15T11:17:52","guid":{"rendered":"https:\/\/www.moskito.cz\/produkt\/cuchillo-fijo-muela-rhino-16bf\/"},"modified":"2025-05-07T11:21:26","modified_gmt":"2025-05-07T10:21:26","slug":"cuchillo-fijo-muela-rhino-16bf","status":"publish","type":"product","link":"https:\/\/www.moskito.cz\/es\/produkt\/cuchillo-fijo-muela-rhino-16bf\/","title":{"rendered":"Cuchillo Fijo Muela RHINO-16BF"},"content":{"rendered":"<p>Cuchillo Fijo <strong>Muela<\/strong> RHINO-16BF.<\/p>\n<p><strong>El cuchillo deportivo Muela Rhino-16BF<\/strong> , ideal para los amantes de la cuchiller\u00eda, es un cuchillo de edici\u00f3n limitada\/colecci\u00f3n. Con mango de asta de ciervo de 13 cm (5&#8243;) y hoja de acero 1.4116 de 160 mm, que es una combinaci\u00f3n de molibdeno y vanadio.<\/p>\n<p><strong>El cuchillo deportivo Muela Rhino-16BF<\/strong> es un cuchillo de edici\u00f3n limitada\/colecci\u00f3n, dise\u00f1ado y fabricado espec\u00edficamente para los amantes de los cuchillos con materiales exquisitos y exclusivos, como la asta de ciervo, utilizada para el mango.<\/p>\n<p>El mango del cuchillo deportivo <strong>Muela Rhino-16BF<\/strong> est\u00e1 hecho de asta de ciervo, un material incre\u00edblemente detallado y duradero. Los cuernos de los ciervos se caen en invierno y vuelven a crecer en primavera, por lo que no hay crueldad en el uso de este material, que se ha utilizado durante mucho tiempo en la fabricaci\u00f3n de cuchillos de mano.<\/p>\n<p>La punta de la hoja es curva, lo que evita perforar la piel del animal al cortar y facilita la extracci\u00f3n de la piel. Su hoja est\u00e1 fabricada en X50CrMoV15 \u00abMOVA\u00bb (1.4116), un material cl\u00e1sico de los cuchillos Muela, que es una excelente combinaci\u00f3n de molibdeno y vanadio, formando un acero con excelente dureza y resistencia a la corrosi\u00f3n.<\/p>\n<p><strong>Muela<\/strong> fabrica cuchillos, navajas y navajas exclusivas desde 1950 en Espa\u00f1a y es un referente en cuchiller\u00eda a nivel mundial. Gracias a materiales especialmente seleccionados como el acero martens\u00edtico utilizado en las hojas y las astas de ciervo utilizadas en algunos modelos, se moldean y acaban con un excelente trabajo que combina maquinaria moderna con un m\u00e9todo artesanal. Todos los productos son manipulados por cortadores experimentados que terminan cada pieza a mano.<\/p>\n<p>Descripci\u00f3n t\u00e9cnica:<\/p>\n<p>C\u00f3digo: RHINO-16BF<\/p>\n<p>Marca: Muela<\/p>\n<p>Modelo: Edici\u00f3n Limitada \/ Colecci\u00f3n &#8211; Rhino-16BF<\/p>\n<p>Material del mango: cuerno de ciervo<\/p>\n<p>Material de la hoja: 1.4116<\/p>\n<p>Longitud de la hoja: 16 cm<\/p>\n<p>Longitud del cable: 13 cm (5&#8243;)<\/p>\n<p>Dureza del acero: 56 &#8211; 58 HRC<\/p>\n<p>&nbsp;<\/p>\n","protected":false},"excerpt":{"rendered":"<p><strong>El cuchillo deportivo Muela Rhino-16BF es un cuchillo de edici\u00f3n\/colecci\u00f3n limitada, dise\u00f1ado y fabricado especialmente para los amantes de los cuchillos con excelentes y exclusivos materiales como la asta de ciervo utilizada para el mango.<\/strong><\/p>\n","protected":false},"featured_media":352461,"comment_status":"open","ping_status":"closed","template":"","meta":[],"pwb-brand":[3908],"product_brand":[],"product_cat":[3726,3727],"product_tag":[3756],"class_list":{"0":"post-352479","1":"product","2":"type-product","3":"status-publish","4":"has-post-thumbnail","6":"pwb-brand-ella-tenia-que","7":"product_cat-cuchillos","8":"product_cat-cuchillos-macizos","9":"product_tag-b2b-es","11":"first","12":"instock","13":"taxable","14":"shipping-taxable","15":"purchasable","16":"product-type-simple"},"brands":[{"id":3908,"name":"Ella ten\u00eda que","slug":"ella-tenia-que"}],"_links":{"self":[{"href":"https:\/\/www.moskito.cz\/es\/wp-json\/wp\/v2\/product\/352479","targetHints":{"allow":["GET"]}}],"collection":[{"href":"https:\/\/www.moskito.cz\/es\/wp-json\/wp\/v2\/product"}],"about":[{"href":"https:\/\/www.moskito.cz\/es\/wp-json\/wp\/v2\/types\/product"}],"replies":[{"embeddable":true,"href":"https:\/\/www.moskito.cz\/es\/wp-json\/wp\/v2\/comments?post=352479"}],"wp:featuredmedia":[{"embeddable":true,"href":"https:\/\/www.moskito.cz\/es\/wp-json\/wp\/v2\/media\/352461"}],"wp:attachment":[{"href":"https:\/\/www.moskito.cz\/es\/wp-json\/wp\/v2\/media?parent=352479"}],"wp:term":[{"taxonomy":"pwb-brand","embeddable":true,"href":"https:\/\/www.moskito.cz\/es\/wp-json\/wp\/v2\/pwb-brand?post=352479"},{"taxonomy":"product_brand","embeddable":true,"href":"https:\/\/www.moskito.cz\/es\/wp-json\/wp\/v2\/product_brand?post=352479"},{"taxonomy":"product_cat","embeddable":true,"href":"https:\/\/www.moskito.cz\/es\/wp-json\/wp\/v2\/product_cat?post=352479"},{"taxonomy":"product_tag","embeddable":true,"href":"https:\/\/www.moskito.cz\/es\/wp-json\/wp\/v2\/product_tag?post=352479"}],"curies":[{"name":"wp","href":"https:\/\/api.w.org\/{rel}","templated":true}]}}