{"id":352511,"date":"2024-07-15T12:39:27","date_gmt":"2024-07-15T11:39:27","guid":{"rendered":"https:\/\/www.moskito.cz\/produkt\/cuchillo-fijo-muela-ibex-8r\/"},"modified":"2025-05-07T11:21:27","modified_gmt":"2025-05-07T10:21:27","slug":"cuchillo-fijo-muela-ibex-8r","status":"publish","type":"product","link":"https:\/\/www.moskito.cz\/es\/produkt\/cuchillo-fijo-muela-ibex-8r\/","title":{"rendered":"Cuchillo Fijo Muela IBEX-8R"},"content":{"rendered":"<p>Cuchillo Fijo <strong>Muela<\/strong> IBEX-8R.<\/p>\n<p>Cuchillo compacto artesanal IBEX-8R de la manufactura espa\u00f1ola <strong>Muela<\/strong> . El objetivo era crear un cuchillo pr\u00e1ctico pero fiable y ligero para cualquier uso en exteriores. Vers\u00e1til, perfectamente equilibrado con un dise\u00f1o integral con una hoja fabricada en acero X50CrMoV15, ofrece un rendimiento de corte tremendo. Dirigido a amantes del bushcraft, la supervivencia y la caza.<\/p>\n<p>X50CrMoV15 (1.4116): acero inoxidable martens\u00edtico con alto contenido de carbono y molibdeno-vanadio, altamente resistente a la corrosi\u00f3n y al desgaste. Se utiliza en la fabricaci\u00f3n de cuchillos, cubiertos de \u00faltima generaci\u00f3n e instrumentos quir\u00fargicos. Se caracteriza por una dureza relativamente alta para los aceros inoxidables de 56-58 HRC. La composici\u00f3n qu\u00edmica del acero se enriqueci\u00f3 dopando con 15,0% de cromo, 0,80% de molibdeno y 0,20% de vanadio.<\/p>\n<p>Hoja: forma Drop Point extremadamente afilada, ideal para todo tipo de trabajos de caza. Hoja lisa satinada con fondo hueco para menor peso y excelente rendimiento de corte. Una gran proyecci\u00f3n para los dedos facilita la gu\u00eda del cuchillo para un trabajo preciso. Las puntas de los dedos y parte del dorso de la hoja se han ensanchado para un mejor agarre.<\/p>\n<p>Mango &#8211; hecho de madera de coral natural (Sequoia)<\/p>\n<p>Funda: cosida a mano, de piel de vacuno negra de alta calidad con el logotipo del fabricante en relieve. Los bordes del estuche est\u00e1n cosidos con hilo decorativo. Cierre a presi\u00f3n tipo Prym. El accesorio para cintur\u00f3n permite transportar el cuchillo en posici\u00f3n vertical.<\/p>\n<p>Grupo <strong>Muela<\/strong> es hoy una de las empresas l\u00edderes en el sector de los cuchillos de caza artesanales en Espa\u00f1a y a nivel mundial, y sus cuchillos y navajas gozan de gran prestigio por su calidad superior en su elaboraci\u00f3n.<br \/>\nDatos t\u00e9cnicos:<\/p>\n<p>N\u00famero de producto: IBEX-8R<br \/>\nLongitud total: 16,5 cm\/6,5&#8243;<br \/>\nLongitud de la hoja: 7,5 cm\/2,95&#8243;<br \/>\nLongitud del mango: 90,0 mm\/3,46&#8243;<br \/>\nGrosor de la hoja: 0,36 cm\/0,14&#8243;<br \/>\nGrosor del mango: na<br \/>\nPeso: 129,0 g\/4,55 oz<\/p>\n<p>Material de la hoja: X50CrMoV15<br \/>\nDureza de la hoja: n.d.<br \/>\nRectificado de cuchillas: hueca<\/p>\n<p>&nbsp;<\/p>\n<p>&nbsp;<\/p>\n<p>&nbsp;<\/p>\n","protected":false},"excerpt":{"rendered":"<p><strong>  Cuchillo compacto artesanal IBEX-8R de la manufactura espa\u00f1ola Muela. El objetivo era crear un cuchillo pr\u00e1ctico pero fiable y ligero para cualquier uso en exteriores.<\/strong><\/p>\n","protected":false},"featured_media":352493,"comment_status":"open","ping_status":"closed","template":"","meta":[],"pwb-brand":[3908],"product_brand":[],"product_cat":[3727,3726],"product_tag":[3756],"class_list":{"0":"post-352511","1":"product","2":"type-product","3":"status-publish","4":"has-post-thumbnail","6":"pwb-brand-ella-tenia-que","7":"product_cat-cuchillos-macizos","8":"product_cat-cuchillos","9":"product_tag-b2b-es","11":"first","12":"outofstock","13":"taxable","14":"shipping-taxable","15":"purchasable","16":"product-type-simple"},"brands":[{"id":3908,"name":"Ella ten\u00eda que","slug":"ella-tenia-que"}],"_links":{"self":[{"href":"https:\/\/www.moskito.cz\/es\/wp-json\/wp\/v2\/product\/352511","targetHints":{"allow":["GET"]}}],"collection":[{"href":"https:\/\/www.moskito.cz\/es\/wp-json\/wp\/v2\/product"}],"about":[{"href":"https:\/\/www.moskito.cz\/es\/wp-json\/wp\/v2\/types\/product"}],"replies":[{"embeddable":true,"href":"https:\/\/www.moskito.cz\/es\/wp-json\/wp\/v2\/comments?post=352511"}],"wp:featuredmedia":[{"embeddable":true,"href":"https:\/\/www.moskito.cz\/es\/wp-json\/wp\/v2\/media\/352493"}],"wp:attachment":[{"href":"https:\/\/www.moskito.cz\/es\/wp-json\/wp\/v2\/media?parent=352511"}],"wp:term":[{"taxonomy":"pwb-brand","embeddable":true,"href":"https:\/\/www.moskito.cz\/es\/wp-json\/wp\/v2\/pwb-brand?post=352511"},{"taxonomy":"product_brand","embeddable":true,"href":"https:\/\/www.moskito.cz\/es\/wp-json\/wp\/v2\/product_brand?post=352511"},{"taxonomy":"product_cat","embeddable":true,"href":"https:\/\/www.moskito.cz\/es\/wp-json\/wp\/v2\/product_cat?post=352511"},{"taxonomy":"product_tag","embeddable":true,"href":"https:\/\/www.moskito.cz\/es\/wp-json\/wp\/v2\/product_tag?post=352511"}],"curies":[{"name":"wp","href":"https:\/\/api.w.org\/{rel}","templated":true}]}}