{"id":352519,"date":"2023-07-16T17:40:19","date_gmt":"2024-07-15T11:44:47","guid":{"rendered":"https:\/\/www.moskito.cz\/produkt\/cuchillo-fijo-muela-urial-19co\/"},"modified":"2025-05-07T11:21:28","modified_gmt":"2025-05-07T10:21:28","slug":"cuchillo-fijo-muela-urial-19co","status":"publish","type":"product","link":"https:\/\/www.moskito.cz\/es\/produkt\/cuchillo-fijo-muela-urial-19co\/","title":{"rendered":"Cuchillo Fijo Muela URIAL-19CO"},"content":{"rendered":"<p>Cuchillo Fijo <strong>Muela<\/strong> URIAL-19CO<\/p>\n<p>El cuchillo Urial es de la reconocida Muela, marca conocida mundialmente como una de las mejores marcas de cuchillos. Ya sea para la colecci\u00f3n o para el uso diario, el cuchillo Urial cumple con todos los requisitos de calidad y durabilidad.<\/p>\n<p>\u00a1Muela es una marca espa\u00f1ola conocida mundialmente como uno de los mejores proveedores de cuberter\u00eda fina del mundo! Produce m\u00e1s de 350.000 unidades anuales, de las cuales el 70% se exporta a m\u00e1s de 50 pa\u00edses de los cinco continentes.<\/p>\n<p>Los productos de Muela incluyen cuchillos artesanales, cuchillos de lujo, cuchillos de caza, cuchillos deportivos y cuchillos t\u00e1cticos.<\/p>\n<p>Con una hoja fabricada en acero al molibdeno vanadio, uno de los mejores materiales utilizados en cuchiller\u00eda, el acero al molibdeno vanadio es uno de los materiales m\u00e1s buscados por los cuchilleros y coleccionistas por ser m\u00e1s f\u00e1cil de tratar, forjar, templar y cuidar, permitiendo una variedad de acabados, dejando las hojas con una apariencia pulida de alta calidad.<\/p>\n<p>\u00bfQu\u00e9 es el acero al molibdeno vanadio? Es un acero de media aleaci\u00f3n de alta calidad, su composici\u00f3n qu\u00edmica ofrece una buena combinaci\u00f3n de dureza y resistencia al desgaste. Se utiliza ampliamente para herramientas de corte como cuchillos y navajas de bolsillo.<\/p>\n<p>Adem\u00e1s, su hoja tiene una superficie pulida, innovadora en dise\u00f1o r\u00fastico y moderno.<\/p>\n<p>Su hoja lisa tiene rigidez en su estructura, lo que permite cortes m\u00e1s finos hasta cortes m\u00e1s gruesos y satisface eficazmente todas las necesidades.<\/p>\n<p>Este modelo de cuchillo es exclusivo de Muel y fue fabricado en Espa\u00f1a.<\/p>\n<p>Este modelo dispone adem\u00e1s de un mango de madera con un acabado de alta calidad con una superficie lisa de gran finura.<\/p>\n<p>Adem\u00e1s cuenta con recubrimientos a base de PTFE, este recubrimiento no permite que los residuos se adhieran e impregnen, aportando mayor durabilidad a tu cuchillo.<\/p>\n<p>Su mango negro permite un c\u00f3modo manejo del cuchillo y, al ser ergon\u00f3mico, no permite que el cuchillo se resbale en la mano durante su uso.<\/p>\n<p>Adem\u00e1s cuentan con una funda marr\u00f3n fabricada en cuero de alta calidad, con cierre de correa, la mayor ventaja de esta funda es su practicidad y calidad, permitiendo un manejo y transporte seguro de tu cuchillo Urial.<\/p>\n<p>Al ser un modelo deportivo y de caza, est\u00e1 preparado para afrontar retos de alto rendimiento. Admite cortes m\u00e1s finos, incluso cortes como cuerdas, pieles y ramas, perfecto para caminar o acampar.<\/p>\n<p>Afilado: Para una mejor conservaci\u00f3n de la hoja de tu cuchillo Urial, te recomendamos utilizar acero liso, manteniendo la alineaci\u00f3n y prolongando el poder de corte, si es necesario se puede utilizar piedra o lija al agua de grano muy fino.<\/p>\n<p>Marca: Muela<br \/>\nModelo: Cuchillo Urial-19CO<br \/>\nColor del mango: Madera<br \/>\nColor de la hoja: Plata<br \/>\nMaterial de la hoja: acero molibdeno-vanadio<br \/>\nMaterial del mango: Madera<br \/>\nRecubrimiento: PTFE<br \/>\nColor de la carcasa: Marr\u00f3n<br \/>\nMaterial de la caja: Cuero<br \/>\nFunci\u00f3n: Cuchillo deportivo\/de caza<br \/>\nLongitud de la hoja: 19 cm<br \/>\nAncho de la hoja: 3,5 cm<br \/>\nGrosor de la hoja: 4 mm<br \/>\nLongitud total del cuchillo: 31 cm.<br \/>\nDimensiones de la caja: 29 cm x 5 cm x 2 cm<br \/>\nDimensiones del cuchillo con funda: 33 cm x 5 cm x 3,5 cm<br \/>\nPeso: 278 g<br \/>\nPeso del cuchillo con funda: 354 g<br \/>\nPeso del paquete: 500 g<br \/>\nDimensiones del paquete: 35 cm x 9 cm x 5,3 cm<\/p>\n<p>&nbsp;<\/p>\n<p>&nbsp;<\/p>\n","protected":false},"excerpt":{"rendered":"<p><strong>El cuchillo Urial es de la reconocida Muela, marca conocida mundialmente como una de las mejores marcas de cuchillos. Ya sea para la colecci\u00f3n o para el uso diario, el cuchillo Urial cumple con todos los requisitos de calidad y durabilidad.<\/strong><\/p>\n","protected":false},"featured_media":352521,"comment_status":"open","ping_status":"closed","template":"","meta":[],"pwb-brand":[3908],"product_brand":[],"product_cat":[3727,3726],"product_tag":[3756],"class_list":{"0":"post-352519","1":"product","2":"type-product","3":"status-publish","4":"has-post-thumbnail","6":"pwb-brand-ella-tenia-que","7":"product_cat-cuchillos-macizos","8":"product_cat-cuchillos","9":"product_tag-b2b-es","11":"first","12":"instock","13":"taxable","14":"shipping-taxable","15":"purchasable","16":"product-type-simple"},"brands":[{"id":3908,"name":"Ella ten\u00eda que","slug":"ella-tenia-que"}],"_links":{"self":[{"href":"https:\/\/www.moskito.cz\/es\/wp-json\/wp\/v2\/product\/352519","targetHints":{"allow":["GET"]}}],"collection":[{"href":"https:\/\/www.moskito.cz\/es\/wp-json\/wp\/v2\/product"}],"about":[{"href":"https:\/\/www.moskito.cz\/es\/wp-json\/wp\/v2\/types\/product"}],"replies":[{"embeddable":true,"href":"https:\/\/www.moskito.cz\/es\/wp-json\/wp\/v2\/comments?post=352519"}],"wp:featuredmedia":[{"embeddable":true,"href":"https:\/\/www.moskito.cz\/es\/wp-json\/wp\/v2\/media\/352521"}],"wp:attachment":[{"href":"https:\/\/www.moskito.cz\/es\/wp-json\/wp\/v2\/media?parent=352519"}],"wp:term":[{"taxonomy":"pwb-brand","embeddable":true,"href":"https:\/\/www.moskito.cz\/es\/wp-json\/wp\/v2\/pwb-brand?post=352519"},{"taxonomy":"product_brand","embeddable":true,"href":"https:\/\/www.moskito.cz\/es\/wp-json\/wp\/v2\/product_brand?post=352519"},{"taxonomy":"product_cat","embeddable":true,"href":"https:\/\/www.moskito.cz\/es\/wp-json\/wp\/v2\/product_cat?post=352519"},{"taxonomy":"product_tag","embeddable":true,"href":"https:\/\/www.moskito.cz\/es\/wp-json\/wp\/v2\/product_tag?post=352519"}],"curies":[{"name":"wp","href":"https:\/\/api.w.org\/{rel}","templated":true}]}}