{"id":352558,"date":"2024-07-15T12:53:02","date_gmt":"2024-07-15T11:55:45","guid":{"rendered":"https:\/\/www.moskito.cz\/produkt\/cuchillo-fijo-muela-gaucho-20m\/"},"modified":"2025-05-07T11:21:30","modified_gmt":"2025-05-07T10:21:30","slug":"cuchillo-fijo-muela-gaucho-20m","status":"publish","type":"product","link":"https:\/\/www.moskito.cz\/es\/produkt\/cuchillo-fijo-muela-gaucho-20m\/","title":{"rendered":"Cuchillo Fijo Muela GAUCHO-20M"},"content":{"rendered":"<p>Cuchillo Fijo <strong>Muela<\/strong> GAUCHO-20M<\/p>\n<p>Los cuchillos <strong>Muela<\/strong> son una de las marcas de referencia en el mundo de la cuchiller\u00eda deportiva. Sus productos est\u00e1n hechos a mano con materiales seleccionados, siempre con la m\u00e1xima atenci\u00f3n al detalle por artesanos y cuchilleros experimentados.<\/p>\n<p>Cuchillo de caza <strong>Muela<\/strong> <strong>Gaucho de 20M<\/strong> de largo, mango ergon\u00f3mico de micarta oscura, pie del mango de metal, se entrega con funda. Cuchillo de caza Slim Un cuchillo de caza de la empresa espa\u00f1ola Muela con un dise\u00f1o sencillo y sencillo. Todos los cazadores y cazadoras utilizan en su trabajo su larga y delgada hoja de acero. Datos t\u00e9cnicos Para la fabricaci\u00f3n de la hoja se utiliz\u00f3 acero inoxidable de molibdeno vanadio de calidad con una dureza de aprox. El recorrido de la cuchilla sirve como protecci\u00f3n para la seguridad en el trabajo. Los herrajes y el pie del mango son de metal en color plata. El mango es de micarta oscura, tiene forma anat\u00f3mica y es c\u00f3modo de sujetar. El cuchillo viene con una funda de cuero negra.<\/p>\n<p>Los cuchillos Muela son una de las marcas de referencia en el mundo de la cuchiller\u00eda deportiva. Sus productos est\u00e1n hechos a mano con materiales seleccionados, siempre con la m\u00e1xima atenci\u00f3n al detalle por artesanos y cuchilleros experimentados.<\/p>\n<p>Especificaciones t\u00e9cnicas:<\/p>\n<p>Acero: X50CrMoV15 (MOVA)<br \/>\nDureza del acero: 57-58 HRC<br \/>\nForma de la hoja: Cl\u00e1sica<br \/>\nMango: micarta negra<br \/>\nFunda: Estuche de cuero negro incluido<br \/>\nConstrucci\u00f3n del cuchillo: entero<br \/>\nLongitud de la hoja: 200 mm<br \/>\nLongitud del mango: 125 mm<br \/>\nLongitud total: 325 mm<br \/>\nPeso: 250 g<\/p>\n<p>&nbsp;<\/p>\n","protected":false},"excerpt":{"rendered":"<p><strong>Los cuchillos Muela son una de las marcas de referencia en el mundo de la cuchiller\u00eda deportiva. Sus productos est\u00e1n hechos a mano con materiales seleccionados, siempre con la m\u00e1xima atenci\u00f3n al detalle por artesanos y cuchilleros experimentados.<\/strong><\/p>\n","protected":false},"featured_media":352549,"comment_status":"open","ping_status":"closed","template":"","meta":[],"pwb-brand":[3908],"product_brand":[],"product_cat":[3726,3727],"product_tag":[3756],"class_list":{"0":"post-352558","1":"product","2":"type-product","3":"status-publish","4":"has-post-thumbnail","6":"pwb-brand-ella-tenia-que","7":"product_cat-cuchillos","8":"product_cat-cuchillos-macizos","9":"product_tag-b2b-es","11":"first","12":"instock","13":"taxable","14":"shipping-taxable","15":"purchasable","16":"product-type-simple"},"brands":[{"id":3908,"name":"Ella ten\u00eda que","slug":"ella-tenia-que"}],"_links":{"self":[{"href":"https:\/\/www.moskito.cz\/es\/wp-json\/wp\/v2\/product\/352558","targetHints":{"allow":["GET"]}}],"collection":[{"href":"https:\/\/www.moskito.cz\/es\/wp-json\/wp\/v2\/product"}],"about":[{"href":"https:\/\/www.moskito.cz\/es\/wp-json\/wp\/v2\/types\/product"}],"replies":[{"embeddable":true,"href":"https:\/\/www.moskito.cz\/es\/wp-json\/wp\/v2\/comments?post=352558"}],"wp:featuredmedia":[{"embeddable":true,"href":"https:\/\/www.moskito.cz\/es\/wp-json\/wp\/v2\/media\/352549"}],"wp:attachment":[{"href":"https:\/\/www.moskito.cz\/es\/wp-json\/wp\/v2\/media?parent=352558"}],"wp:term":[{"taxonomy":"pwb-brand","embeddable":true,"href":"https:\/\/www.moskito.cz\/es\/wp-json\/wp\/v2\/pwb-brand?post=352558"},{"taxonomy":"product_brand","embeddable":true,"href":"https:\/\/www.moskito.cz\/es\/wp-json\/wp\/v2\/product_brand?post=352558"},{"taxonomy":"product_cat","embeddable":true,"href":"https:\/\/www.moskito.cz\/es\/wp-json\/wp\/v2\/product_cat?post=352558"},{"taxonomy":"product_tag","embeddable":true,"href":"https:\/\/www.moskito.cz\/es\/wp-json\/wp\/v2\/product_tag?post=352558"}],"curies":[{"name":"wp","href":"https:\/\/api.w.org\/{rel}","templated":true}]}}