{"id":352600,"date":"2024-07-15T13:09:08","date_gmt":"2024-07-15T12:10:05","guid":{"rendered":"https:\/\/www.moskito.cz\/produkt\/cuchillo-fijo-muela-scorpion-26n\/"},"modified":"2025-05-07T11:21:31","modified_gmt":"2025-05-07T10:21:31","slug":"cuchillo-fijo-muela-scorpion-26n","status":"publish","type":"product","link":"https:\/\/www.moskito.cz\/es\/produkt\/cuchillo-fijo-muela-scorpion-26n\/","title":{"rendered":"Cuchillo Fijo Muela SCORPION-26N"},"content":{"rendered":"<p>Cuchillo Fijo <strong>Muela<\/strong> SCORPION-26N.<\/p>\n<p><strong>SCORPION-26N<\/strong> es el cuchillo m\u00e1s grande de la serie SCORPION de la empresa espa\u00f1ola Muela, \u00a1del que te enamorar\u00e1s a primera vista! La hoja larga y maciza se puede utilizar para todo tipo de trabajos, en todas las condiciones, sin sufrir da\u00f1os. Perfecto para viajes fuera de la ciudad, tambi\u00e9n te servir\u00e1 como cuchillo de supervivencia y cuchillo para cazadores, EDC.<\/p>\n<p>Hoja &#8211; hoja equipada con una hoja \u00abfalsa\u00bb (perfil Spear Point), de 4,5 mm de espesor, recubierta con un revestimiento de PTFE antirreflectante negro mate resistente a los ara\u00f1azos. Mande fabricado en acero inoxidable 420H con alto contenido de carbono y alta resistencia al impacto, endurecido en el rango de 54-58 HRC. Esta hoja est\u00e1 cubierta con una capa de acabado satinado (semimate) no reflectante que elimina el brillo. Hoja lisa (tipo liso), borde c\u00f3ncavo derivado (rectificado hueco). Se coloc\u00f3 una garra de doble cara en la base de la hoja para evitar que la mano se deslizara por la hoja.<\/p>\n<p>Asa &#8211; cierre de elast\u00f3mero negro trenzado en color negro. El mango de goma suave se adapta c\u00f3modamente a la mano, el cuchillo no se nos resbala de las manos. Un agarre fuerte y fiable permite movimientos precisos del cuchillo. En la parte posterior del mango hay una abertura para la cuerda.<\/p>\n<p>El estuche de color negro, que se cierra con un broche, permite llevar el cuchillo con seguridad. Confeccionado en piel natural con logo de la Empresa Muela grabado. Los bordes de la funda estaban cosidos con hilo decorativo. La funda tiene un cintur\u00f3n para llevar el cuchillo en posici\u00f3n vertical.<\/p>\n<p>Especificaciones t\u00e9cnicas:<br \/>\nN\u00famero de producto: SCORPION-26N<br \/>\nTipo de acero: 420H<br \/>\nLongitud de la hoja: 26 cm \/ 10,24\u201d<br \/>\nGrosor de la hoja: 0,45 cm \/ 0,18\u201d.<br \/>\nLongitud total: 38,3 cm\/15,08&#8243;<br \/>\nPeso: 391 g\/13,79 oz<br \/>\nTipo de borde: Liso<br \/>\nTipo de hoja: punta de lanza<br \/>\nTipo de corte: C\u00f3ncavo<br \/>\nMaterial del mango: Thermorun<br \/>\nVaina: Cuero<br \/>\nFabricante: Muela, Espa\u00f1a<\/p>\n<p>&nbsp;<\/p>\n","protected":false},"excerpt":{"rendered":"<p><strong>\u00a1El cuchillo m\u00e1s grande de la serie SCORPION de la empresa espa\u00f1ola Muela, que te enamorar\u00e1 a primera vista! La hoja larga y maciza se puede utilizar para todo tipo de trabajos, en todas las condiciones, sin sufrir da\u00f1os. Perfecto para viajes fuera de la ciudad, tambi\u00e9n te servir\u00e1 como cuchillo de supervivencia y cuchillo para cazadores, EDC.<\/strong><\/p>\n","protected":false},"featured_media":352573,"comment_status":"open","ping_status":"closed","template":"","meta":[],"pwb-brand":[3908],"product_brand":[],"product_cat":[3727,3726],"product_tag":[],"class_list":{"0":"post-352600","1":"product","2":"type-product","3":"status-publish","4":"has-post-thumbnail","6":"pwb-brand-ella-tenia-que","7":"product_cat-cuchillos-macizos","8":"product_cat-cuchillos","10":"first","11":"instock","12":"taxable","13":"shipping-taxable","14":"purchasable","15":"product-type-simple"},"brands":[{"id":3908,"name":"Ella ten\u00eda que","slug":"ella-tenia-que"}],"_links":{"self":[{"href":"https:\/\/www.moskito.cz\/es\/wp-json\/wp\/v2\/product\/352600","targetHints":{"allow":["GET"]}}],"collection":[{"href":"https:\/\/www.moskito.cz\/es\/wp-json\/wp\/v2\/product"}],"about":[{"href":"https:\/\/www.moskito.cz\/es\/wp-json\/wp\/v2\/types\/product"}],"replies":[{"embeddable":true,"href":"https:\/\/www.moskito.cz\/es\/wp-json\/wp\/v2\/comments?post=352600"}],"wp:featuredmedia":[{"embeddable":true,"href":"https:\/\/www.moskito.cz\/es\/wp-json\/wp\/v2\/media\/352573"}],"wp:attachment":[{"href":"https:\/\/www.moskito.cz\/es\/wp-json\/wp\/v2\/media?parent=352600"}],"wp:term":[{"taxonomy":"pwb-brand","embeddable":true,"href":"https:\/\/www.moskito.cz\/es\/wp-json\/wp\/v2\/pwb-brand?post=352600"},{"taxonomy":"product_brand","embeddable":true,"href":"https:\/\/www.moskito.cz\/es\/wp-json\/wp\/v2\/product_brand?post=352600"},{"taxonomy":"product_cat","embeddable":true,"href":"https:\/\/www.moskito.cz\/es\/wp-json\/wp\/v2\/product_cat?post=352600"},{"taxonomy":"product_tag","embeddable":true,"href":"https:\/\/www.moskito.cz\/es\/wp-json\/wp\/v2\/product_tag?post=352600"}],"curies":[{"name":"wp","href":"https:\/\/api.w.org\/{rel}","templated":true}]}}