{"id":352641,"date":"2024-07-15T13:20:39","date_gmt":"2024-07-15T12:27:04","guid":{"rendered":"https:\/\/www.moskito.cz\/produkt\/cuchillo-fijo-muela-bear-24r\/"},"modified":"2025-05-07T11:21:32","modified_gmt":"2025-05-07T10:21:32","slug":"cuchillo-fijo-muela-bear-24r","status":"publish","type":"product","link":"https:\/\/www.moskito.cz\/es\/produkt\/cuchillo-fijo-muela-bear-24r\/","title":{"rendered":"Cuchillo Fijo Muela BEAR-24R"},"content":{"rendered":"<p>Cuchillo Fijo <strong>Muela<\/strong> BEAR-24R.<\/p>\n<p>La empresa <strong>MUELA<\/strong> es reconocida mundialmente por la producci\u00f3n de cuchillos, navajas y navajas exclusivas desde 1950 en Espa\u00f1a y es un referente en el sector de la navaja porque sus productos est\u00e1n cuidadosamente elaborados con materiales especialmente seleccionados.<\/p>\n<p>Cada pieza es terminada por cortadores expertos que realizan los toques finales de forma artesanal y meticulosa, incluyendo afilado, pulido y un estricto control de calidad.<\/p>\n<p>El cuchillo deportivo Muela BEAR-24R tiene una hoja de ACERO INOXIDABLE en formato Spearhead, Dagger con una dureza de 57-58 HRC.<\/p>\n<p>El mango es de MADERA natural coral, adem\u00e1s viene con una funda de cuero con cierre tipo cintur\u00f3n, con hebilla.<\/p>\n<p>Se considera un cuchillo de muy alta calidad y EXTREMADAMENTE AFILADO y garantiza una gran experiencia para los usuarios que buscan una cuberter\u00eda de nivel profesional.<\/p>\n<p>\u00a1Puedes encontrar estos y otros modelos de Cuchillos Muela con la mejor relaci\u00f3n calidad-precio del mercado aqu\u00ed, en AR15 SPORT!<\/p>\n<p>ESPECIFICACIONES T\u00c9CNICAS:<\/p>\n<p>Marca: Muela<br \/>\nModelo: Oso-24R<br \/>\nMaterial de la hoja: Acero inoxidable<br \/>\nMaterial del mango: Madera de coral natural.<br \/>\nDureza de la hoja: 57-58 HRC<br \/>\nForma de la hoja: punta de lanza, daga.<br \/>\nFunda de piel con cierre de hebilla.<br \/>\nCuchillo deportivo extremadamente afilado<br \/>\nLongitud de la hoja: 24,2 cm<br \/>\nLongitud total: 38 cm<br \/>\nPeso total: 347 gramos<\/p>\n<p>&nbsp;<\/p>\n","protected":false},"excerpt":{"rendered":"<p><strong>La empresa MUELA es reconocida mundialmente por la producci\u00f3n de cuchillos, navajas y navajas exclusivas desde 1950 en Espa\u00f1a y es un referente en el sector de la navaja porque sus productos est\u00e1n cuidadosamente elaborados con materiales especialmente seleccionados.<\/strong><\/p>\n","protected":false},"featured_media":352615,"comment_status":"open","ping_status":"closed","template":"","meta":[],"pwb-brand":[3908],"product_brand":[],"product_cat":[3727,3726],"product_tag":[],"class_list":{"0":"post-352641","1":"product","2":"type-product","3":"status-publish","4":"has-post-thumbnail","6":"pwb-brand-ella-tenia-que","7":"product_cat-cuchillos-macizos","8":"product_cat-cuchillos","10":"first","11":"instock","12":"taxable","13":"shipping-taxable","14":"purchasable","15":"product-type-simple"},"brands":[{"id":3908,"name":"Ella ten\u00eda que","slug":"ella-tenia-que"}],"_links":{"self":[{"href":"https:\/\/www.moskito.cz\/es\/wp-json\/wp\/v2\/product\/352641","targetHints":{"allow":["GET"]}}],"collection":[{"href":"https:\/\/www.moskito.cz\/es\/wp-json\/wp\/v2\/product"}],"about":[{"href":"https:\/\/www.moskito.cz\/es\/wp-json\/wp\/v2\/types\/product"}],"replies":[{"embeddable":true,"href":"https:\/\/www.moskito.cz\/es\/wp-json\/wp\/v2\/comments?post=352641"}],"wp:featuredmedia":[{"embeddable":true,"href":"https:\/\/www.moskito.cz\/es\/wp-json\/wp\/v2\/media\/352615"}],"wp:attachment":[{"href":"https:\/\/www.moskito.cz\/es\/wp-json\/wp\/v2\/media?parent=352641"}],"wp:term":[{"taxonomy":"pwb-brand","embeddable":true,"href":"https:\/\/www.moskito.cz\/es\/wp-json\/wp\/v2\/pwb-brand?post=352641"},{"taxonomy":"product_brand","embeddable":true,"href":"https:\/\/www.moskito.cz\/es\/wp-json\/wp\/v2\/product_brand?post=352641"},{"taxonomy":"product_cat","embeddable":true,"href":"https:\/\/www.moskito.cz\/es\/wp-json\/wp\/v2\/product_cat?post=352641"},{"taxonomy":"product_tag","embeddable":true,"href":"https:\/\/www.moskito.cz\/es\/wp-json\/wp\/v2\/product_tag?post=352641"}],"curies":[{"name":"wp","href":"https:\/\/api.w.org\/{rel}","templated":true}]}}