{"id":352736,"date":"2024-07-16T09:48:57","date_gmt":"2024-07-16T08:50:42","guid":{"rendered":"https:\/\/www.moskito.cz\/produkt\/cuchillo-fijo-muela-scorpion-26w\/"},"modified":"2025-05-07T11:21:36","modified_gmt":"2025-05-07T10:21:36","slug":"cuchillo-fijo-muela-scorpion-26w","status":"publish","type":"product","link":"https:\/\/www.moskito.cz\/es\/produkt\/cuchillo-fijo-muela-scorpion-26w\/","title":{"rendered":"Cuchillo Fijo Muela SCORPION-26W"},"content":{"rendered":"<p>Cuchillo Fijo <strong>Muela<\/strong> SCORPION-26W.<\/p>\n<p><strong>Cuchillo deportivo Muela Scorpion-26W<\/strong><\/p>\n<p>El cuchillo deportivo Muela Scorpion-26W est\u00e1 recomendado para aquellos que busqu\u00e9is un buen cuchillo para vuestras actividades cineg\u00e9ticas, con doble filo duro. Con mango de goma de alta densidad de 115 mm (4 1\/2&#8243;), con hoja de acero con alto contenido de carbono 420H de 260 mm (10 1\/4&#8243;), buena resistencia al desgaste y f\u00e1cil de afilar.<\/p>\n<p>El cuchillo deportivo Muela Scorpion-26W es un cuchillo de la serie Dagas y Dagas, dise\u00f1ado y fabricado especialmente para los amantes de la cuchiller\u00eda con excelentes materiales como el caucho de alta densidad utilizado en el mango.<\/p>\n<p>Su hoja est\u00e1 fabricada en acero 420H, acero 420 con alto contenido de carbono, buena resistencia al desgaste y f\u00e1cil afilado, buena opci\u00f3n para diversos usos.<\/p>\n<p>Muela produce cuchillos, navajas y navajas exclusivas desde 1950 en Espa\u00f1a y es un referente en cuchiller\u00eda a nivel mundial. Gracias a materiales especialmente seleccionados como el acero martens\u00edtico utilizado en las hojas y las astas de ciervo utilizadas en algunos modelos, se moldean y acaban con un excelente trabajo que combina maquinaria moderna con un m\u00e9todo artesanal. Todos los productos pasan por cortadores experimentados, que elaboran y ajustan, afilan, pulen e inspeccionan con precisi\u00f3n cada pieza con un exigente control de calidad.<\/p>\n<p>Propiedades t\u00e9cnicas:<\/p>\n<p>C\u00f3digo: ESCORPI\u00d3N-26W<br \/>\nMarca: Muela<br \/>\nModelo: Dagas y Dagas &#8211; Scorpion-26w<br \/>\nMaterial del cable: Caucho<br \/>\nMaterial de la hoja: 420 H<br \/>\nLongitud de la hoja: 26 cm (10 1\/4&#8243;)<br \/>\nLongitud del cable: 11,5 cm (4 1\/2&#8243;)<br \/>\nDureza del acero: 56 &#8211; 58 HRC<br \/>\nPeso: 400 gramos<\/p>\n<p>&nbsp;<\/p>\n","protected":false},"excerpt":{"rendered":"<p><strong>El cuchillo deportivo Muela Scorpion-26W est\u00e1 recomendado para aquellos que busqu\u00e9is un buen cuchillo para vuestras actividades cineg\u00e9ticas, con doble filo duro.<\/strong><\/p>\n","protected":false},"featured_media":352714,"comment_status":"open","ping_status":"closed","template":"","meta":[],"pwb-brand":[3908],"product_brand":[],"product_cat":[3726,3727],"product_tag":[3756],"class_list":{"0":"post-352736","1":"product","2":"type-product","3":"status-publish","4":"has-post-thumbnail","6":"pwb-brand-ella-tenia-que","7":"product_cat-cuchillos","8":"product_cat-cuchillos-macizos","9":"product_tag-b2b-es","11":"first","12":"outofstock","13":"taxable","14":"shipping-taxable","15":"purchasable","16":"product-type-simple"},"brands":[{"id":3908,"name":"Ella ten\u00eda que","slug":"ella-tenia-que"}],"_links":{"self":[{"href":"https:\/\/www.moskito.cz\/es\/wp-json\/wp\/v2\/product\/352736","targetHints":{"allow":["GET"]}}],"collection":[{"href":"https:\/\/www.moskito.cz\/es\/wp-json\/wp\/v2\/product"}],"about":[{"href":"https:\/\/www.moskito.cz\/es\/wp-json\/wp\/v2\/types\/product"}],"replies":[{"embeddable":true,"href":"https:\/\/www.moskito.cz\/es\/wp-json\/wp\/v2\/comments?post=352736"}],"wp:featuredmedia":[{"embeddable":true,"href":"https:\/\/www.moskito.cz\/es\/wp-json\/wp\/v2\/media\/352714"}],"wp:attachment":[{"href":"https:\/\/www.moskito.cz\/es\/wp-json\/wp\/v2\/media?parent=352736"}],"wp:term":[{"taxonomy":"pwb-brand","embeddable":true,"href":"https:\/\/www.moskito.cz\/es\/wp-json\/wp\/v2\/pwb-brand?post=352736"},{"taxonomy":"product_brand","embeddable":true,"href":"https:\/\/www.moskito.cz\/es\/wp-json\/wp\/v2\/product_brand?post=352736"},{"taxonomy":"product_cat","embeddable":true,"href":"https:\/\/www.moskito.cz\/es\/wp-json\/wp\/v2\/product_cat?post=352736"},{"taxonomy":"product_tag","embeddable":true,"href":"https:\/\/www.moskito.cz\/es\/wp-json\/wp\/v2\/product_tag?post=352736"}],"curies":[{"name":"wp","href":"https:\/\/api.w.org\/{rel}","templated":true}]}}