{"id":352766,"date":"2024-07-16T10:06:47","date_gmt":"2024-07-16T09:07:43","guid":{"rendered":"https:\/\/www.moskito.cz\/produkt\/cuchillo-fijo-muela-ibex-8m\/"},"modified":"2025-05-07T11:21:37","modified_gmt":"2025-05-07T10:21:37","slug":"cuchillo-fijo-muela-ibex-8m","status":"publish","type":"product","link":"https:\/\/www.moskito.cz\/es\/produkt\/cuchillo-fijo-muela-ibex-8m\/","title":{"rendered":"Cuchillo Fijo Muela IBEX-8M"},"content":{"rendered":"<p>Cuchillo Fijo <strong>Muela<\/strong> IBEX-8M.<\/p>\n<p>Cuchillo compacto artesanal <strong>IBEX-8M<\/strong> de la manufactura espa\u00f1ola Muela. El objetivo era crear un cuchillo pr\u00e1ctico pero fiable y ligero para cualquier uso en exteriores. Vers\u00e1til, perfectamente equilibrado con un dise\u00f1o integral con una hoja fabricada en acero X50CrMoV15, ofrece un rendimiento de corte tremendo. Dirigido a amantes del bushcraft, la supervivencia y la caza.<\/p>\n<p>X50CrMoV15 (1.4116): acero inoxidable martens\u00edtico con alto contenido de carbono y molibdeno-vanadio, altamente resistente a la corrosi\u00f3n y al desgaste. Se utiliza en la fabricaci\u00f3n de cuchillos, cubiertos de \u00faltima generaci\u00f3n e instrumentos quir\u00fargicos. Se caracteriza por una dureza relativamente alta para los aceros inoxidables de 56-58 HRC. La composici\u00f3n qu\u00edmica del acero se enriqueci\u00f3 dopando con 15,0% de cromo, 0,80% de molibdeno y 0,20% de vanadio.<\/p>\n<p>Hoja: forma Drop Point extremadamente afilada, ideal para todo tipo de trabajos de caza. Hoja lisa satinada con fondo hueco para menor peso y excelente rendimiento de corte. Una gran proyecci\u00f3n para los dedos facilita la gu\u00eda del cuchillo para un trabajo preciso. Las puntas de los dedos y parte del dorso de la hoja se han ensanchado para un mejor agarre.<\/p>\n<p>Mango &#8211; de micarta gris-negra (lona prensada a presi\u00f3n con resina sint\u00e9tica). Los bordes biselados de las cubiertas eliminan los bordes afilados para un agarre c\u00f3modo. Las cubiertas se atornillaron directamente al yugo, lo que hizo que la estructura general fuera muy r\u00edgida y duradera.<\/p>\n<p>Funda: cosida a mano, de piel de vacuno negra de alta calidad con el logotipo del fabricante en relieve. Los bordes del estuche est\u00e1n cosidos con hilo decorativo. Cierre a presi\u00f3n tipo Prym. El accesorio para cintur\u00f3n permite transportar el cuchillo en posici\u00f3n vertical.<\/p>\n<p>Grupo Muela es hoy una de las empresas l\u00edderes en el sector de los cuchillos de caza artesanales en Espa\u00f1a y a nivel mundial, y sus cuchillos y navajas gozan de gran prestigio por su calidad superior en su elaboraci\u00f3n.<br \/>\nDatos t\u00e9cnicos:<\/p>\n<p>N\u00famero de producto: IBEX-8M<br \/>\nNombre del producto: Micarta negra Full Tang<\/p>\n<p>Longitud total: 16,5 cm\/6,5&#8243;<br \/>\nLongitud de la hoja: 7,5 cm\/2,95&#8243;<br \/>\nLongitud del mango: 9 cm\/3,46 pulgadas<br \/>\nGrosor de la hoja: 0,36 cm\/0,14&#8243;<br \/>\nGrosor del mango: na<br \/>\nPeso: 129,0 g\/4,55 oz<\/p>\n<p>Material de la hoja: X50CrMoV15<br \/>\nDureza de la hoja: n.d.<br \/>\nRectificado de cuchillas: hueca<br \/>\nTratamiento superficial de la hoja: satinado.<\/p>\n<p>Material mango: Micarta<br \/>\nColor del acabado del mango: negro \/ gris<\/p>\n<p>Vaina (funda): Cuero<br \/>\nOtros accesorios: nd<\/p>\n<p>Dise\u00f1ador: Muela<br \/>\nNombre de la marca: Muela<br \/>\nFabricante: Manufacturas Muela, SA<br \/>\nPa\u00eds de origen: Espa\u00f1a<\/p>\n<p>&nbsp;<\/p>\n","protected":false},"excerpt":{"rendered":"<p><strong>Cuchillo compacto artesanal IBEX-8M de la manufactura espa\u00f1ola Muela. El objetivo era crear un cuchillo pr\u00e1ctico pero fiable y ligero para cualquier uso en exteriores. Vers\u00e1til, perfectamente equilibrado con un dise\u00f1o integral con una hoja fabricada en acero X50CrMoV15, ofrece un rendimiento de corte tremendo. Dirigido a amantes del bushcraft, la supervivencia y la caza.<\/strong><\/p>\n","protected":false},"featured_media":352746,"comment_status":"open","ping_status":"closed","template":"","meta":[],"pwb-brand":[3908],"product_brand":[],"product_cat":[3727,3726],"product_tag":[3756],"class_list":{"0":"post-352766","1":"product","2":"type-product","3":"status-publish","4":"has-post-thumbnail","6":"pwb-brand-ella-tenia-que","7":"product_cat-cuchillos-macizos","8":"product_cat-cuchillos","9":"product_tag-b2b-es","11":"first","12":"instock","13":"taxable","14":"shipping-taxable","15":"purchasable","16":"product-type-simple"},"brands":[{"id":3908,"name":"Ella ten\u00eda que","slug":"ella-tenia-que"}],"_links":{"self":[{"href":"https:\/\/www.moskito.cz\/es\/wp-json\/wp\/v2\/product\/352766","targetHints":{"allow":["GET"]}}],"collection":[{"href":"https:\/\/www.moskito.cz\/es\/wp-json\/wp\/v2\/product"}],"about":[{"href":"https:\/\/www.moskito.cz\/es\/wp-json\/wp\/v2\/types\/product"}],"replies":[{"embeddable":true,"href":"https:\/\/www.moskito.cz\/es\/wp-json\/wp\/v2\/comments?post=352766"}],"wp:featuredmedia":[{"embeddable":true,"href":"https:\/\/www.moskito.cz\/es\/wp-json\/wp\/v2\/media\/352746"}],"wp:attachment":[{"href":"https:\/\/www.moskito.cz\/es\/wp-json\/wp\/v2\/media?parent=352766"}],"wp:term":[{"taxonomy":"pwb-brand","embeddable":true,"href":"https:\/\/www.moskito.cz\/es\/wp-json\/wp\/v2\/pwb-brand?post=352766"},{"taxonomy":"product_brand","embeddable":true,"href":"https:\/\/www.moskito.cz\/es\/wp-json\/wp\/v2\/product_brand?post=352766"},{"taxonomy":"product_cat","embeddable":true,"href":"https:\/\/www.moskito.cz\/es\/wp-json\/wp\/v2\/product_cat?post=352766"},{"taxonomy":"product_tag","embeddable":true,"href":"https:\/\/www.moskito.cz\/es\/wp-json\/wp\/v2\/product_tag?post=352766"}],"curies":[{"name":"wp","href":"https:\/\/api.w.org\/{rel}","templated":true}]}}