{"id":352788,"date":"2024-07-16T11:41:02","date_gmt":"2024-07-16T10:41:50","guid":{"rendered":"https:\/\/www.moskito.cz\/produkt\/cuchillo-macizo-muela-bison-9nl\/"},"modified":"2025-05-07T11:21:37","modified_gmt":"2025-05-07T10:21:37","slug":"cuchillo-macizo-muela-bison-9nl","status":"publish","type":"product","link":"https:\/\/www.moskito.cz\/es\/produkt\/cuchillo-macizo-muela-bison-9nl\/","title":{"rendered":"Cuchillo Macizo Muela BISON-9NL"},"content":{"rendered":"<p>Cuchillo Macizo <strong>Muela<\/strong> BISON-9NL.<\/p>\n<p><strong>El BISON-9NL<\/strong> es un cuchillo arrojadizo de caza compacto y art\u00edsticamente dise\u00f1ado con hoja fija y dise\u00f1o de espiga completa. Perfectamente equilibrado, dise\u00f1ado para cazadores, funciona como un cuchillo universal. Fabricado en acero molibdeno vanadio MoVa.<\/p>\n<p>1.4116 (X50CrMoV15): acero al molibdeno vanadio utilizado para cuchillos, cubiertos e instrumentos quir\u00fargicos de alta gama. Se caracteriza por una dureza relativamente alta como en los aceros inoxidables. Resistente a la corrosi\u00f3n en condiciones de cocina. Es una alternativa recomendada al material 1.4034 \/ X46Cr13 \/ 4H13. La composici\u00f3n qu\u00edmica se enriquece con el contenido de cromo, molibdeno y la adici\u00f3n de vanadio.<\/p>\n<p>Hoja: tipo Clip Point, espesor 3,6 mm con buenas propiedades mec\u00e1nicas y filo duradero. La hoja Lisa fue hecha con un corte c\u00f3ncavo (corte hueco). El acabado Satin Finish (semimate) elimina los reflejos. Una rampa moleteada para el pulgar (en la parte posterior de la hoja), un estrangulador para el dedo y un corte perfilado en el dedo \u00edndice entre el mango y la hoja aumentan la maniobrabilidad del cuchillo.<\/p>\n<p>El mango ergon\u00f3mico perfilado bajo la palma proporciona un agarre perfecto durante el trabajo. Los forros en color marr\u00f3n est\u00e1n hechos de ex\u00f3tico palo de rosa duro. Los remaches para la fijaci\u00f3n de la tapa son de acero. En la parte posterior del asa se coloc\u00f3 una correa de cuero entrelazada espaciada.<\/p>\n<p>Estuche &#8211; extendido, protege la cabeza con parte del mango. Confecci\u00f3n en piel marr\u00f3n con logo de la empresa grabado, cierre a presi\u00f3n. Los bordes de la funda estaban cosidos con hilo decorativo. El accesorio de cintur\u00f3n o engranaje permite transportar el cuchillo en posici\u00f3n vertical.<\/p>\n<p>Especificaciones t\u00e9cnicas:<br \/>\nN\u00famero de producto: BISON-9NL<\/p>\n<p>Longitud de la hoja: 9 cm\/3,54&#8243;<br \/>\nGrosor de la hoja: 0,36 cm\/0,14&#8243;<br \/>\nLongitud total: 18 cm\/7,08 pulgadas<br \/>\nPeso: 108 g\/3,81 oz<\/p>\n<p>Material de la hoja: X50CrMoV15<br \/>\nDureza de la hoja: 56-58 HRc<br \/>\nRectificado de cuchillas: hueca<br \/>\nTratamiento superficial de la hoja: satinado.<\/p>\n<p>Material del mango: Palisandro (Kingwood)<br \/>\nColor del acabado del mango: marr\u00f3n<\/p>\n<p>Vaina (funda): Cuero<br \/>\nOtros accesorios: Ninguno<\/p>\n<p>Dise\u00f1ador: Muela<br \/>\nNombre de la marca: Muela<br \/>\nFabricante: Manufacturas Muela, SA<br \/>\nPa\u00eds de origen: Espa\u00f1a<\/p>\n<p>&nbsp;<\/p>\n<p>&nbsp;<\/p>\n","protected":false},"excerpt":{"rendered":"<p><strong>El BISON-9NL es un cuchillo arrojadizo de caza compacto y art\u00edsticamente dise\u00f1ado con hoja fija y dise\u00f1o de espiga completa. Perfectamente equilibrado, dise\u00f1ado para cazadores, funciona como un cuchillo universal.<\/strong><\/p>\n","protected":false},"featured_media":352778,"comment_status":"open","ping_status":"closed","template":"","meta":[],"pwb-brand":[3908],"product_brand":[],"product_cat":[3726,3727],"product_tag":[3756],"class_list":{"0":"post-352788","1":"product","2":"type-product","3":"status-publish","4":"has-post-thumbnail","6":"pwb-brand-ella-tenia-que","7":"product_cat-cuchillos","8":"product_cat-cuchillos-macizos","9":"product_tag-b2b-es","11":"first","12":"instock","13":"taxable","14":"shipping-taxable","15":"purchasable","16":"product-type-simple"},"brands":[{"id":3908,"name":"Ella ten\u00eda que","slug":"ella-tenia-que"}],"_links":{"self":[{"href":"https:\/\/www.moskito.cz\/es\/wp-json\/wp\/v2\/product\/352788","targetHints":{"allow":["GET"]}}],"collection":[{"href":"https:\/\/www.moskito.cz\/es\/wp-json\/wp\/v2\/product"}],"about":[{"href":"https:\/\/www.moskito.cz\/es\/wp-json\/wp\/v2\/types\/product"}],"replies":[{"embeddable":true,"href":"https:\/\/www.moskito.cz\/es\/wp-json\/wp\/v2\/comments?post=352788"}],"wp:featuredmedia":[{"embeddable":true,"href":"https:\/\/www.moskito.cz\/es\/wp-json\/wp\/v2\/media\/352778"}],"wp:attachment":[{"href":"https:\/\/www.moskito.cz\/es\/wp-json\/wp\/v2\/media?parent=352788"}],"wp:term":[{"taxonomy":"pwb-brand","embeddable":true,"href":"https:\/\/www.moskito.cz\/es\/wp-json\/wp\/v2\/pwb-brand?post=352788"},{"taxonomy":"product_brand","embeddable":true,"href":"https:\/\/www.moskito.cz\/es\/wp-json\/wp\/v2\/product_brand?post=352788"},{"taxonomy":"product_cat","embeddable":true,"href":"https:\/\/www.moskito.cz\/es\/wp-json\/wp\/v2\/product_cat?post=352788"},{"taxonomy":"product_tag","embeddable":true,"href":"https:\/\/www.moskito.cz\/es\/wp-json\/wp\/v2\/product_tag?post=352788"}],"curies":[{"name":"wp","href":"https:\/\/api.w.org\/{rel}","templated":true}]}}