{"id":352844,"date":"2024-07-16T12:27:27","date_gmt":"2024-07-16T11:32:17","guid":{"rendered":"https:\/\/www.moskito.cz\/produkt\/cuchillo-fijo-muela-bwe-8-o\/"},"modified":"2025-05-07T11:21:39","modified_gmt":"2025-05-07T10:21:39","slug":"cuchillo-fijo-muela-bwe-8-o","status":"publish","type":"product","link":"https:\/\/www.moskito.cz\/es\/produkt\/cuchillo-fijo-muela-bwe-8-o\/","title":{"rendered":"Cuchillo Fijo Muela BWE-8.O"},"content":{"rendered":"<p>Cuchillo Fijo <strong>Muela<\/strong> BWE-8.O<\/p>\n<p><strong>Muela BWE-8.O<\/strong> Micarta Naranja, Satinada, Recta, Navaja Compacta. Hoja de acero inoxidable X50CrMoV15 con acabado satinado. C\u00f3modo mango de micarta de yute. Un excelente ayudante para la caza, actividades al aire libre o supervivencia.<\/p>\n<p>1.4116 (X50CrMoV15): acero inoxidable martens\u00edtico con alto contenido de carbono y molibdeno-vanadio, altamente resistente a la corrosi\u00f3n y al desgaste. Se utiliza en la fabricaci\u00f3n de cuchillos, cubiertos de \u00faltima generaci\u00f3n e instrumentos quir\u00fargicos. Se caracteriza por una dureza relativamente alta para los aceros inoxidables de 57-58 HRC. La composici\u00f3n qu\u00edmica del acero se enriquece con una mezcla de 15,0% de cromo, 0,80% de molibdeno y 0,20% de vanadio.<\/p>\n<p>Hoja: tipo Clip Point con un vientre de la hoja claramente marcado. La hoja plana se deriva de un afilado plano que proporciona excelentes propiedades de corte combinadas con una excelente durabilidad.<\/p>\n<p>Mango perfilado, cubierto con empu\u00f1aduras de micarta pulidas e impermeables. Proporciona un agarre c\u00f3modo y seguro. Los remaches que sujetan las cubiertas de los mangos est\u00e1n hechos de lat\u00f3n con alto contenido de n\u00edquel. En la parte posterior del mango se fija mediante un orificio para la cuerda.<\/p>\n<p>Vaina fabricada en piel de vacuno natural bien curtida en color negro. Logotipo del fabricante grabado en la superficie. La funda est\u00e1 cosida en los bordes con hilo decorativo. Montarlo en su cintur\u00f3n o en su equipo le permite llevar el cuchillo en posici\u00f3n vertical.<\/p>\n<p>Datos t\u00e9cnicos:<br \/>\nN\u00famero de producto: BWE-8.O<br \/>\nNombre del producto: Muela BWE-8.O Micarta Naranja, Satinada<\/p>\n<p>Longitud total: 16,3 cm\/6,42&#8243;<br \/>\nLongitud de la hoja: 8 cm\/3,15 pulgadas<br \/>\nGrosor de la hoja: n.d.<br \/>\nPeso: 74,0 g\/2,61 oz<\/p>\n<p>Material de la hoja: X50CrMoV15<br \/>\nDureza de la hoja: n.d.<br \/>\nRectificado de la hoja: Plano<br \/>\nTratamiento superficial de la hoja: satinado.<\/p>\n<p>Material mango: Micarta<br \/>\nColor del acabado del mango: naranja<\/p>\n<p>Vaina (funda): Cuero<br \/>\nOtros accesorios: Ninguno<\/p>\n<p>Dise\u00f1ador: Muela<br \/>\nNombre de la marca: Muela<br \/>\nFabricante: Manufacturas Muela, SA<br \/>\nPa\u00eds de origen: Espa\u00f1a<\/p>\n<p>&nbsp;<\/p>\n","protected":false},"excerpt":{"rendered":"<p><strong>Muela BWE-8.O Micarta Naranja, Satinada, Recta, Navaja Compacta. Hoja de acero inoxidable X50CrMoV15 con acabado satinado. C\u00f3modo mango de micarta de yute. Un excelente ayudante para la caza, actividades al aire libre o supervivencia.<\/strong><\/p>\n","protected":false},"featured_media":352803,"comment_status":"open","ping_status":"closed","template":"","meta":[],"pwb-brand":[3908],"product_brand":[],"product_cat":[3726,3727],"product_tag":[3756],"class_list":{"0":"post-352844","1":"product","2":"type-product","3":"status-publish","4":"has-post-thumbnail","6":"pwb-brand-ella-tenia-que","7":"product_cat-cuchillos","8":"product_cat-cuchillos-macizos","9":"product_tag-b2b-es","11":"first","12":"instock","13":"taxable","14":"shipping-taxable","15":"purchasable","16":"product-type-simple"},"brands":[{"id":3908,"name":"Ella ten\u00eda que","slug":"ella-tenia-que"}],"_links":{"self":[{"href":"https:\/\/www.moskito.cz\/es\/wp-json\/wp\/v2\/product\/352844","targetHints":{"allow":["GET"]}}],"collection":[{"href":"https:\/\/www.moskito.cz\/es\/wp-json\/wp\/v2\/product"}],"about":[{"href":"https:\/\/www.moskito.cz\/es\/wp-json\/wp\/v2\/types\/product"}],"replies":[{"embeddable":true,"href":"https:\/\/www.moskito.cz\/es\/wp-json\/wp\/v2\/comments?post=352844"}],"wp:featuredmedia":[{"embeddable":true,"href":"https:\/\/www.moskito.cz\/es\/wp-json\/wp\/v2\/media\/352803"}],"wp:attachment":[{"href":"https:\/\/www.moskito.cz\/es\/wp-json\/wp\/v2\/media?parent=352844"}],"wp:term":[{"taxonomy":"pwb-brand","embeddable":true,"href":"https:\/\/www.moskito.cz\/es\/wp-json\/wp\/v2\/pwb-brand?post=352844"},{"taxonomy":"product_brand","embeddable":true,"href":"https:\/\/www.moskito.cz\/es\/wp-json\/wp\/v2\/product_brand?post=352844"},{"taxonomy":"product_cat","embeddable":true,"href":"https:\/\/www.moskito.cz\/es\/wp-json\/wp\/v2\/product_cat?post=352844"},{"taxonomy":"product_tag","embeddable":true,"href":"https:\/\/www.moskito.cz\/es\/wp-json\/wp\/v2\/product_tag?post=352844"}],"curies":[{"name":"wp","href":"https:\/\/api.w.org\/{rel}","templated":true}]}}