{"id":352889,"date":"2024-07-16T14:25:55","date_gmt":"2024-07-16T13:27:10","guid":{"rendered":"https:\/\/www.moskito.cz\/produkt\/cuchillo-fijo-muela-ibex-8-ol\/"},"modified":"2025-05-07T11:21:41","modified_gmt":"2025-05-07T10:21:41","slug":"cuchillo-fijo-muela-ibex-8-ol","status":"publish","type":"product","link":"https:\/\/www.moskito.cz\/es\/produkt\/cuchillo-fijo-muela-ibex-8-ol\/","title":{"rendered":"Cuchillo Fijo Muela IBEX-8.OL"},"content":{"rendered":"<p>Cuchillo Fijo <strong>Muela<\/strong> IBEX-8.OL<\/p>\n<p><strong>IBEX-8.OL<\/strong> Cuchillo compacto artesanal de la manufactura espa\u00f1ola Muela. El objetivo era crear un cuchillo pr\u00e1ctico pero fiable y ligero para cualquier uso en exteriores. Vers\u00e1til, perfectamente equilibrado con un dise\u00f1o integral con una hoja fabricada en acero X50CrMoV15, ofrece un rendimiento de corte tremendo. Dirigido a amantes del bushcraft, la supervivencia y la caza.<\/p>\n<p>X50CrMoV15 (1.4116): acero inoxidable martens\u00edtico con alto contenido de carbono y molibdeno-vanadio, altamente resistente a la corrosi\u00f3n y al desgaste. Se utiliza en la fabricaci\u00f3n de cuchillos, cubiertos de \u00faltima generaci\u00f3n e instrumentos quir\u00fargicos. Se caracteriza por una dureza relativamente alta para los aceros inoxidables de 56-58 HRC. La composici\u00f3n qu\u00edmica del acero se enriqueci\u00f3 dopando con 15,0% de cromo, 0,80% de molibdeno y 0,20% de vanadio.<\/p>\n<p>Hoja &#8211; Tipo Drop Point, espesor 3,6 mm con buenas propiedades mec\u00e1nicas y filo duradero. La hoja lisa (tipo Plain) se hizo con un afilado c\u00f3ncavo (Hollow Grind). Acabado satinado (semimate) que elimina los reflejos. Un Finger Choil dentado y perfilado entre el mango y la hoja hace que el cuchillo sea m\u00e1s f\u00e1cil de controlar.<\/p>\n<p>Mango &#8211; revestido con paneles de madera de olivo con un dise\u00f1o \u00fanico. Perfilado bajo la mano proporciona un agarre perfecto al trabajar. El cintur\u00f3n espinal aumenta la comodidad y el agarre.<\/p>\n<p>Funda cosida a mano de piel de vacuno marr\u00f3n de alta calidad con el logotipo del fabricante grabado. Los bordes del estuche est\u00e1n cosidos con hilo decorativo. Cierre a presi\u00f3n tipo Prym. El accesorio para cintur\u00f3n permite transportar el cuchillo en posici\u00f3n vertical.<\/p>\n<p>Especificaciones t\u00e9cnicas:<br \/>\nN\u00famero de producto: IBEX-8OL<\/p>\n<p>Longitud total: 16,5 cm\/6,5&#8243;<br \/>\nLongitud de la hoja: 7,5 cm\/2,95&#8243;<br \/>\nGrosor de la hoja: 0,36 cm\/0,14&#8243;<br \/>\nPeso: 129,0 g\/4,55 oz<\/p>\n<p>Material de la hoja: X50CrMoV15<br \/>\nDureza de la hoja: 56-58 HRc<br \/>\nRectificado de cuchillas: hueca<br \/>\nTratamiento superficial de la hoja: satinado.<\/p>\n<p>Material del mango: Madera de olivo<br \/>\nColor del acabado del mango: Beige<\/p>\n<p>Vaina (funda): Cuero<br \/>\nOtros accesorios: Ninguno<\/p>\n<p>Dise\u00f1ador: Muela<br \/>\nNombre de la marca: Muela<br \/>\nFabricante: Manufacturas Muela, SA<br \/>\nPa\u00eds de origen: Espa\u00f1a<\/p>\n<p>&nbsp;<\/p>\n","protected":false},"excerpt":{"rendered":"<p><strong>IBEX-8.OL Cuchillo compacto artesanal de la manufactura espa\u00f1ola Muela. El objetivo era crear un cuchillo pr\u00e1ctico pero fiable y ligero para cualquier uso en exteriores. Vers\u00e1til, perfectamente equilibrado con un dise\u00f1o integral con una hoja fabricada en acero X50CrMoV15, ofrece un rendimiento de corte tremendo. Dirigido a amantes del bushcraft, la supervivencia y la caza.<\/strong><\/p>\n","protected":false},"featured_media":352860,"comment_status":"open","ping_status":"closed","template":"","meta":[],"pwb-brand":[3908],"product_brand":[],"product_cat":[3726,3727],"product_tag":[3756],"class_list":{"0":"post-352889","1":"product","2":"type-product","3":"status-publish","4":"has-post-thumbnail","6":"pwb-brand-ella-tenia-que","7":"product_cat-cuchillos","8":"product_cat-cuchillos-macizos","9":"product_tag-b2b-es","11":"first","12":"instock","13":"taxable","14":"shipping-taxable","15":"purchasable","16":"product-type-simple"},"brands":[{"id":3908,"name":"Ella ten\u00eda que","slug":"ella-tenia-que"}],"_links":{"self":[{"href":"https:\/\/www.moskito.cz\/es\/wp-json\/wp\/v2\/product\/352889","targetHints":{"allow":["GET"]}}],"collection":[{"href":"https:\/\/www.moskito.cz\/es\/wp-json\/wp\/v2\/product"}],"about":[{"href":"https:\/\/www.moskito.cz\/es\/wp-json\/wp\/v2\/types\/product"}],"replies":[{"embeddable":true,"href":"https:\/\/www.moskito.cz\/es\/wp-json\/wp\/v2\/comments?post=352889"}],"wp:featuredmedia":[{"embeddable":true,"href":"https:\/\/www.moskito.cz\/es\/wp-json\/wp\/v2\/media\/352860"}],"wp:attachment":[{"href":"https:\/\/www.moskito.cz\/es\/wp-json\/wp\/v2\/media?parent=352889"}],"wp:term":[{"taxonomy":"pwb-brand","embeddable":true,"href":"https:\/\/www.moskito.cz\/es\/wp-json\/wp\/v2\/pwb-brand?post=352889"},{"taxonomy":"product_brand","embeddable":true,"href":"https:\/\/www.moskito.cz\/es\/wp-json\/wp\/v2\/product_brand?post=352889"},{"taxonomy":"product_cat","embeddable":true,"href":"https:\/\/www.moskito.cz\/es\/wp-json\/wp\/v2\/product_cat?post=352889"},{"taxonomy":"product_tag","embeddable":true,"href":"https:\/\/www.moskito.cz\/es\/wp-json\/wp\/v2\/product_tag?post=352889"}],"curies":[{"name":"wp","href":"https:\/\/api.w.org\/{rel}","templated":true}]}}