{"id":353332,"date":"2024-07-18T08:42:19","date_gmt":"2024-07-18T07:42:19","guid":{"rendered":"https:\/\/www.moskito.cz\/produkt\/cuchillo-macizo-muela-lenador-25r\/"},"modified":"2025-05-07T11:21:53","modified_gmt":"2025-05-07T10:21:53","slug":"cuchillo-macizo-muela-lenador-25r","status":"publish","type":"product","link":"https:\/\/www.moskito.cz\/es\/produkt\/cuchillo-macizo-muela-lenador-25r\/","title":{"rendered":"Cuchillo Macizo Muela LE\u00d1ADOR-25R"},"content":{"rendered":"<p>Cuchillo Macizo <strong>Muela<\/strong> LE\u00d1ADOR-25R.<\/p>\n<p>Un cuchillo de grandes dimensiones de la empresa espa\u00f1ola Muela, que hace honor a su nombre, Le\u0148ador en traducci\u00f3n significa le\u00f1ador, y no cabe duda de que no supone ning\u00fan problema talar cualquier \u00e1rbol con este cuchillo. Se utiliza mejor cuando se hace senderismo y se pasa tiempo en la naturaleza, donde no s\u00f3lo ser\u00e1 una herramienta de trabajo sin concesiones, sino tambi\u00e9n un accesorio elegante. Tambi\u00e9n es una pieza maravillosa para el coleccionista de cuchillos.<\/p>\n<p>Nuevo Cuchillo o machete de caza Muela, hoja de acero Mova 1.4116 pulido espejo mecanizada en el dorso, todo en una sola pieza, casquillo de lat\u00f3n con mango de secuoya, remachada con remaches de lat\u00f3n, con funda de piel de alta calidad y caja de presentaci\u00f3n.<\/p>\n<p>Cuchillo Muela de hoja entera fabricado en acero inoxidable molibdeno-vanadio con superficie pulido espejo.<\/p>\n<p>Mango con tapa de lat\u00f3n.<\/p>\n<p>Mango de madera de palorrojo con remaches de lat\u00f3n.<\/p>\n<p>Orificio para cuerda de seguridad.<\/p>\n<p>Incluye estuche de cuero marr\u00f3n premium + caja<\/p>\n<p>Longitud de la hoja: 25 cm<\/p>\n<p>Longitud total: 38,5 cm.<\/p>\n<p>&nbsp;<\/p>\n<p>&nbsp;<\/p>\n<p>&nbsp;<\/p>\n","protected":false},"excerpt":{"rendered":"<p><strong>Nuevo Cuchillo o machete de caza Muela, hoja de acero Mova 1.4116 pulido espejo mecanizada en el dorso, todo en una sola pieza, casquillo de lat\u00f3n con mango de secuoya, remachada con remaches de lat\u00f3n, con funda de piel de alta calidad y caja de presentaci\u00f3n.<\/strong><\/p>\n<p><strong>Transporte gratuito.<\/strong><\/p>\n","protected":false},"featured_media":353308,"comment_status":"open","ping_status":"closed","template":"","meta":[],"pwb-brand":[3908],"product_brand":[],"product_cat":[3727,3726],"product_tag":[3756],"class_list":{"0":"post-353332","1":"product","2":"type-product","3":"status-publish","4":"has-post-thumbnail","6":"pwb-brand-ella-tenia-que","7":"product_cat-cuchillos-macizos","8":"product_cat-cuchillos","9":"product_tag-b2b-es","11":"first","12":"instock","13":"taxable","14":"shipping-taxable","15":"purchasable","16":"product-type-simple"},"brands":[{"id":3908,"name":"Ella ten\u00eda que","slug":"ella-tenia-que"}],"_links":{"self":[{"href":"https:\/\/www.moskito.cz\/es\/wp-json\/wp\/v2\/product\/353332","targetHints":{"allow":["GET"]}}],"collection":[{"href":"https:\/\/www.moskito.cz\/es\/wp-json\/wp\/v2\/product"}],"about":[{"href":"https:\/\/www.moskito.cz\/es\/wp-json\/wp\/v2\/types\/product"}],"replies":[{"embeddable":true,"href":"https:\/\/www.moskito.cz\/es\/wp-json\/wp\/v2\/comments?post=353332"}],"wp:featuredmedia":[{"embeddable":true,"href":"https:\/\/www.moskito.cz\/es\/wp-json\/wp\/v2\/media\/353308"}],"wp:attachment":[{"href":"https:\/\/www.moskito.cz\/es\/wp-json\/wp\/v2\/media?parent=353332"}],"wp:term":[{"taxonomy":"pwb-brand","embeddable":true,"href":"https:\/\/www.moskito.cz\/es\/wp-json\/wp\/v2\/pwb-brand?post=353332"},{"taxonomy":"product_brand","embeddable":true,"href":"https:\/\/www.moskito.cz\/es\/wp-json\/wp\/v2\/product_brand?post=353332"},{"taxonomy":"product_cat","embeddable":true,"href":"https:\/\/www.moskito.cz\/es\/wp-json\/wp\/v2\/product_cat?post=353332"},{"taxonomy":"product_tag","embeddable":true,"href":"https:\/\/www.moskito.cz\/es\/wp-json\/wp\/v2\/product_tag?post=353332"}],"curies":[{"name":"wp","href":"https:\/\/api.w.org\/{rel}","templated":true}]}}