{"id":353552,"date":"2024-07-18T10:05:24","date_gmt":"2024-07-18T09:05:24","guid":{"rendered":"https:\/\/www.moskito.cz\/produkt\/cuchillo-macizo-muela-sarrio-19s\/"},"modified":"2025-05-07T11:21:57","modified_gmt":"2025-05-07T10:21:57","slug":"cuchillo-macizo-muela-sarrio-19s","status":"publish","type":"product","link":"https:\/\/www.moskito.cz\/es\/produkt\/cuchillo-macizo-muela-sarrio-19s\/","title":{"rendered":"Cuchillo Macizo Muela SARRIO-19S"},"content":{"rendered":"<p>Cuchillo Macizo <strong>Muela<\/strong> SARRIO-19S.<\/p>\n<p>Cuchillo de caza de la empresa espa\u00f1ola <strong>Muela<\/strong> con un dise\u00f1o sencillo y elegante. Es universalmente aplicable para muchas ocasiones diferentes. Gracias a su forma y textura rugosa, el mango de asta se sujeta muy bien y de forma segura.<\/p>\n<p>La hoja tiene un corte en cu\u00f1a y est\u00e1 fabricada en acero inoxidable Krupp 1.4116 de alta calidad con una dureza de aprox. Para mayor seguridad en el trabajo, el cuchillo est\u00e1 equipado con una protecci\u00f3n met\u00e1lica de doble cara. El mango est\u00e1 fabricado en asta de ciervo y est\u00e1 rematado con un roset\u00f3n. El cuchillo viene con una funda de cuero marr\u00f3n.<\/p>\n<p>El modelo <strong>Muela Sarrio 19S<\/strong> es un cuchillo dise\u00f1ado para cazadores, tiene el mango de asta de ciervo y una hoja fabricada en aleaci\u00f3n de molibdeno-vanadio.<br \/>\nEl protector est\u00e1 hecho de lat\u00f3n para mayor elegancia y seguridad en el uso, y el mango tiene un elegante acabado con una base de asta de ciervo.<br \/>\nPropiedades:<br \/>\nLongitud de la hoja: 19 cm;<br \/>\nMaterial de la hoja: molibdeno vanadio;<br \/>\nMaterial del mango: cuerno de ciervo;<br \/>\nLongitud del mango: 13,5 cm;<br \/>\nPeso del cuchillo: 300 g;<br \/>\nHecho en Espa\u00f1a;<\/p>\n<p>Icono de comunidad verificada<\/p>\n","protected":false},"excerpt":{"rendered":"<p><strong>El modelo Muela Sarrio 19S es un cuchillo destinado al cazador, tiene el mango de asta de ciervo.<\/strong><\/p>\n","protected":false},"featured_media":353509,"comment_status":"open","ping_status":"closed","template":"","meta":[],"pwb-brand":[3908],"product_brand":[],"product_cat":[3727,3726],"product_tag":[3756],"class_list":{"0":"post-353552","1":"product","2":"type-product","3":"status-publish","4":"has-post-thumbnail","6":"pwb-brand-ella-tenia-que","7":"product_cat-cuchillos-macizos","8":"product_cat-cuchillos","9":"product_tag-b2b-es","11":"first","12":"outofstock","13":"taxable","14":"shipping-taxable","15":"purchasable","16":"product-type-simple"},"brands":[{"id":3908,"name":"Ella ten\u00eda que","slug":"ella-tenia-que"}],"_links":{"self":[{"href":"https:\/\/www.moskito.cz\/es\/wp-json\/wp\/v2\/product\/353552","targetHints":{"allow":["GET"]}}],"collection":[{"href":"https:\/\/www.moskito.cz\/es\/wp-json\/wp\/v2\/product"}],"about":[{"href":"https:\/\/www.moskito.cz\/es\/wp-json\/wp\/v2\/types\/product"}],"replies":[{"embeddable":true,"href":"https:\/\/www.moskito.cz\/es\/wp-json\/wp\/v2\/comments?post=353552"}],"wp:featuredmedia":[{"embeddable":true,"href":"https:\/\/www.moskito.cz\/es\/wp-json\/wp\/v2\/media\/353509"}],"wp:attachment":[{"href":"https:\/\/www.moskito.cz\/es\/wp-json\/wp\/v2\/media?parent=353552"}],"wp:term":[{"taxonomy":"pwb-brand","embeddable":true,"href":"https:\/\/www.moskito.cz\/es\/wp-json\/wp\/v2\/pwb-brand?post=353552"},{"taxonomy":"product_brand","embeddable":true,"href":"https:\/\/www.moskito.cz\/es\/wp-json\/wp\/v2\/product_brand?post=353552"},{"taxonomy":"product_cat","embeddable":true,"href":"https:\/\/www.moskito.cz\/es\/wp-json\/wp\/v2\/product_cat?post=353552"},{"taxonomy":"product_tag","embeddable":true,"href":"https:\/\/www.moskito.cz\/es\/wp-json\/wp\/v2\/product_tag?post=353552"}],"curies":[{"name":"wp","href":"https:\/\/api.w.org\/{rel}","templated":true}]}}