{"id":353638,"date":"2023-07-17T13:53:31","date_gmt":"2024-07-19T08:36:24","guid":{"rendered":"https:\/\/www.moskito.cz\/produkt\/cuchillo-fijo-muela-mirage-18\/"},"modified":"2025-05-07T11:22:02","modified_gmt":"2025-05-07T10:22:02","slug":"cuchillo-fijo-muela-mirage-18","status":"publish","type":"product","link":"https:\/\/www.moskito.cz\/es\/produkt\/cuchillo-fijo-muela-mirage-18\/","title":{"rendered":"Cuchillo Fijo Muela MIRAGE-18"},"content":{"rendered":"<p>Cuchillo Fijo <strong>Muela<\/strong> MIRAGE-18<\/p>\n<p>Navaja universal <strong>MIRAGE-18<\/strong> con hoja fija, que te gustar\u00e1 desde el primer vistazo. La serie MIRAGE es uno de los cuchillos m\u00e1s famosos de la empresa espa\u00f1ola Muela. Extremadamente vers\u00e1til con una hoja enorme, puede realizar cualquier trabajo en todas las condiciones sin prejuicios. Un excelente cuchillo de supervivencia, funcionar\u00e1 como cuchillo t\u00e1ctico y de caza para acampar.<\/p>\n<p>Hoja &#8211; con perfil Clip Point, espesor 4,6 mm. Hecho de acero inoxidable 420H duradero y resistente a la corrosi\u00f3n con mayor contenido de carbono y alta resistencia al impacto, endurecido en el rango de 54-58 HRC. La hoja est\u00e1 cubierta con una capa antirreflectante Satin Finish (semimate), que elimina los reflejos. La hoja plana, fabricada con un afilado hueco, garantiza buenas propiedades de corte. Una protecci\u00f3n transversal de doble cara en la base de la hoja evita que la mano se deslice sobre la hoja.<\/p>\n<p>&nbsp;<\/p>\n<p>Mango recubierto con una funda flexible de elast\u00f3mero moleteado en color negro. El mango de goma suave garantiza un muy buen agarre, el cuchillo no se desliza de la mano y el agarre firme y firme permite movimientos precisos con el cuchillo. En la parte posterior del mango hay un orificio ampliado para la cuerda.<\/p>\n<p>&nbsp;<\/p>\n<p>Caso &#8211; negro. Fabricado en cuero natural, fijado sobre un pestillo para un transporte seguro del cuchillo. Los bordes de la funda estaban cosidos con hilo decorativo. El logo del fabricante est\u00e1 estampado en la parte delantera. La funda va sujeta a un cintur\u00f3n o accesorio que permite llevar el cuchillo en posici\u00f3n vertical.<\/p>\n<p>Datos t\u00e9cnicos:<br \/>\nN\u00famero de producto: MIRAGE-18<br \/>\nTipo de acero: 420H<br \/>\nLongitud de la hoja: 18 cm<br \/>\nGrosor de la hoja: 0,46 cm.<br \/>\nLongitud total: 30,3 cm.<br \/>\nPeso: 353 g\/12,45 oz<br \/>\nHoja: Com\u00fan<br \/>\nTipo de hoja: Punta de clip<br \/>\nTipo de corte: C\u00f3ncavo<br \/>\nTipo de mango: Thermorun<br \/>\nVaina: Cuero<br \/>\nFabricante: Muela, Espa\u00f1a<\/p>\n<p>&nbsp;<\/p>\n","protected":false},"excerpt":{"rendered":"<p><strong>Navaja universal MIRAGE-18 con hoja fija, que te gustar\u00e1 desde el primer vistazo. La serie MIRAGE es uno de los cuchillos m\u00e1s famosos de la empresa espa\u00f1ola Muela.<\/strong><\/p>\n","protected":false},"featured_media":353640,"comment_status":"open","ping_status":"closed","template":"","meta":[],"pwb-brand":[3908],"product_brand":[],"product_cat":[3727,3726],"product_tag":[3756],"class_list":{"0":"post-353638","1":"product","2":"type-product","3":"status-publish","4":"has-post-thumbnail","6":"pwb-brand-ella-tenia-que","7":"product_cat-cuchillos-macizos","8":"product_cat-cuchillos","9":"product_tag-b2b-es","11":"first","12":"outofstock","13":"taxable","14":"shipping-taxable","15":"purchasable","16":"product-type-simple"},"brands":[{"id":3908,"name":"Ella ten\u00eda que","slug":"ella-tenia-que"}],"_links":{"self":[{"href":"https:\/\/www.moskito.cz\/es\/wp-json\/wp\/v2\/product\/353638","targetHints":{"allow":["GET"]}}],"collection":[{"href":"https:\/\/www.moskito.cz\/es\/wp-json\/wp\/v2\/product"}],"about":[{"href":"https:\/\/www.moskito.cz\/es\/wp-json\/wp\/v2\/types\/product"}],"replies":[{"embeddable":true,"href":"https:\/\/www.moskito.cz\/es\/wp-json\/wp\/v2\/comments?post=353638"}],"wp:featuredmedia":[{"embeddable":true,"href":"https:\/\/www.moskito.cz\/es\/wp-json\/wp\/v2\/media\/353640"}],"wp:attachment":[{"href":"https:\/\/www.moskito.cz\/es\/wp-json\/wp\/v2\/media?parent=353638"}],"wp:term":[{"taxonomy":"pwb-brand","embeddable":true,"href":"https:\/\/www.moskito.cz\/es\/wp-json\/wp\/v2\/pwb-brand?post=353638"},{"taxonomy":"product_brand","embeddable":true,"href":"https:\/\/www.moskito.cz\/es\/wp-json\/wp\/v2\/product_brand?post=353638"},{"taxonomy":"product_cat","embeddable":true,"href":"https:\/\/www.moskito.cz\/es\/wp-json\/wp\/v2\/product_cat?post=353638"},{"taxonomy":"product_tag","embeddable":true,"href":"https:\/\/www.moskito.cz\/es\/wp-json\/wp\/v2\/product_tag?post=353638"}],"curies":[{"name":"wp","href":"https:\/\/api.w.org\/{rel}","templated":true}]}}