{"id":353986,"date":"2024-08-05T21:44:28","date_gmt":"2024-08-05T20:45:20","guid":{"rendered":"https:\/\/www.moskito.cz\/produkt\/cuchillo-de-tiro-microtech-ludt-gen-iii-lavado-a-la-piedra-1136-10bl\/"},"modified":"2025-05-07T11:22:08","modified_gmt":"2025-05-07T10:22:08","slug":"cuchillo-de-tiro-microtech-ludt-gen-iii-lavado-a-la-piedra-1136-10bl","status":"publish","type":"product","link":"https:\/\/www.moskito.cz\/es\/produkt\/cuchillo-de-tiro-microtech-ludt-gen-iii-lavado-a-la-piedra-1136-10bl\/","title":{"rendered":"Cuchillo de tiro Microtech LUDT Gen III lavado a la piedra 1136-10BL"},"content":{"rendered":"<p>Cuchillo de tiro <strong>Microtech<\/strong> LUDT Gen III lavado a la piedra 1136-10BL. El <strong>LUDT<\/strong> actualizado conserva la est\u00e9tica ic\u00f3nica de su predecesor y al mismo tiempo aporta varias mejoras notables. La carrocer\u00eda redise\u00f1ada cuenta con cinta de tracci\u00f3n 3M integrada y funciona con cojinetes para una conducci\u00f3n a\u00fan m\u00e1s suave. En particular, el nuevo dise\u00f1o elimina el hardware propietario, lo que permite a los usuarios realizar f\u00e1cilmente el mantenimiento con llaves Torx normales. La hoja conserva su longitud de 3,5&#8243;, lo que garantiza que siga siendo tan c\u00f3modamente port\u00e1til como su predecesora. Largo total: 20,3 cm Largo cerrado: 11,4 cm Largo de la hoja: 8,9 cm Acabado de la hoja: Lavado a la piedra Estilo de la hoja: Tanto Estilo del filo: Liso Material del mango: Aluminio azul Clip de bolsillo Ref. fabricante #: 1136-10BL Pa\u00eds de origen: EE. UU. https:\/\/youtu.be\/xE9TeOFYEjg  &nbsp;<\/p>\n","protected":false},"excerpt":{"rendered":"<p><strong>A lo largo de los a\u00f1os, Microtech\u00ae Knives ha llenado los cuchillos con pasi\u00f3n y habilidad para crear casi obras de arte que son el pin\u00e1culo de la funcionalidad. Todas las piezas se fabrican en los EE. UU.<\/strong><br \/>\n<strong>Todos los cuchillos Microtech vienen con una garant\u00eda de por vida.<\/strong><\/p>\n<p><strong>Transporte gratuito.<\/strong><\/p>\n","protected":false},"featured_media":353953,"comment_status":"open","ping_status":"closed","template":"","meta":[],"pwb-brand":[3752],"product_brand":[],"product_cat":[3726,3729],"product_tag":[3756],"class_list":{"0":"post-353986","1":"product","2":"type-product","3":"status-publish","4":"has-post-thumbnail","6":"pwb-brand-microtecnologia","7":"product_cat-cuchillos","8":"product_cat-cuchillos-de-tiro","9":"product_tag-b2b-es","11":"first","12":"outofstock","13":"taxable","14":"shipping-taxable","15":"purchasable","16":"product-type-simple"},"brands":[{"id":3752,"name":"microtecnolog\u00eda","slug":"microtecnologia"}],"_links":{"self":[{"href":"https:\/\/www.moskito.cz\/es\/wp-json\/wp\/v2\/product\/353986","targetHints":{"allow":["GET"]}}],"collection":[{"href":"https:\/\/www.moskito.cz\/es\/wp-json\/wp\/v2\/product"}],"about":[{"href":"https:\/\/www.moskito.cz\/es\/wp-json\/wp\/v2\/types\/product"}],"replies":[{"embeddable":true,"href":"https:\/\/www.moskito.cz\/es\/wp-json\/wp\/v2\/comments?post=353986"}],"wp:featuredmedia":[{"embeddable":true,"href":"https:\/\/www.moskito.cz\/es\/wp-json\/wp\/v2\/media\/353953"}],"wp:attachment":[{"href":"https:\/\/www.moskito.cz\/es\/wp-json\/wp\/v2\/media?parent=353986"}],"wp:term":[{"taxonomy":"pwb-brand","embeddable":true,"href":"https:\/\/www.moskito.cz\/es\/wp-json\/wp\/v2\/pwb-brand?post=353986"},{"taxonomy":"product_brand","embeddable":true,"href":"https:\/\/www.moskito.cz\/es\/wp-json\/wp\/v2\/product_brand?post=353986"},{"taxonomy":"product_cat","embeddable":true,"href":"https:\/\/www.moskito.cz\/es\/wp-json\/wp\/v2\/product_cat?post=353986"},{"taxonomy":"product_tag","embeddable":true,"href":"https:\/\/www.moskito.cz\/es\/wp-json\/wp\/v2\/product_tag?post=353986"}],"curies":[{"name":"wp","href":"https:\/\/api.w.org\/{rel}","templated":true}]}}