{"id":354345,"date":"2020-07-28T07:53:33","date_gmt":"2024-08-07T02:43:55","guid":{"rendered":"https:\/\/www.moskito.cz\/produkt\/cuchillo-de-tiro-microtech-stitch-borka-cuchillas-169-10\/"},"modified":"2025-07-11T07:51:44","modified_gmt":"2025-07-11T06:51:44","slug":"cuchillo-de-tiro-microtech-stitch-borka-cuchillas-169-10","status":"publish","type":"product","link":"https:\/\/www.moskito.cz\/es\/produkt\/cuchillo-de-tiro-microtech-stitch-borka-cuchillas-169-10\/","title":{"rendered":"Cuchillo de Tiro Microtech Stitch Borka Cuchillas 169-10"},"content":{"rendered":"<p>Cuchillo de tiro <strong>Microtech<\/strong> Stitch Hojas Borka 169-10. Este Stitch autom\u00e1tico es una hermosa colaboraci\u00f3n t\u00e1ctica entre Tony Marfione y Sebastijan Berenji, tambi\u00e9n conocido como Borka. El incre\u00edble dise\u00f1o de Sebastijan Stitch con el incre\u00edble mecanismo de apertura autom\u00e1tica de Tony lo convierte en una de las mejores colaboraciones de producci\u00f3n de 2017. La hoja de 8,5 cm presenta una superficie plana y apocal\u00edptica. El mango es de aluminio altamente fresado con un acabado anodizado negro Mil-Spec Hardcoat y un espaciador posterior de aluminio. La hoja se dispara como un cohete y se bloquea s\u00f3lidamente, lo cual es una haza\u00f1a impresionante considerando que es AUTOM\u00c1TICO. Este es un modelo de producci\u00f3n muy esperado de la famosa costumbre, por lo que tienes la oportunidad de tener un cuchillo Borka a una fracci\u00f3n del precio. Borka Design Hardware Espaciador de aluminio texturizado Torx Especificaciones Longitud de la hoja: 8,5 cm Longitud del mango: 12,5 cm Longitud total: 21 cm Acero: M390 Estilo de la hoja: Punta de lanza Afilado de la hoja: Plano Acabado de la hoja: Lavado a la piedra Material del mango: Aluminio molido, con revestimiento duro Mil-Spec, Anodizado Mecanismo de bloqueo: Bot\u00f3n Cierre de bolsillo: Acero inoxidable (plegable, derecho) Peso: 6,3 oz. Dise\u00f1adores: Sebastijan Berenji y Tony Marfione Hecho en EE. UU.&nbsp; Esta puntada autom\u00e1tica es una hermosa colaboraci\u00f3n t\u00e1ctica entre Tony Marfione y Sebastijan Berenji, tambi\u00e9n conocido como Borka. Toma el incre\u00edble dise\u00f1o de Stitch de Sebastijan y lo combina con el incre\u00edble mecanismo de apertura autom\u00e1tica de Tony para crear una de las colaboraciones de producci\u00f3n m\u00e1s geniales de 2017. La hoja con punta de lanza de 3.625&#8243; presenta un rectificado plano, un acabado apocal\u00edptico y un puente en la rampa para los dedos y el pulgar para una excelente sujeci\u00f3n durante las tareas de corte m\u00e1s finas. El mango es de aluminio muy fresado con un acabado anodizado negro Mil-Spec Hardcoat y un espaciador trasero de aluminio con puente Se dispara como un cohete y se bloquea herm\u00e9ticamente, lo que, considerando que se trata de un AUTO, es una haza\u00f1a impresionante. Este es el modelo de producci\u00f3n tan esperado de la famosa costumbre, por lo que es tu oportunidad de tener un cuchillo Borka por una fracci\u00f3n de precio. Caracter\u00edsticas Borka Design Torx Hardware Espaciador de aluminio texturizado Especificaciones Longitud de la hoja: 3.625&#8243; Filo de corte: 3.05&#8243; Longitud del mango: 5.0&#8243; Longitud total: 8.50&#8243; Tenga en cuenta que el acero de la hoja no se puede especificar ya que puede cambiar seg\u00fan la disponibilidad (informaci\u00f3n de. Microtech) Grosor de la hoja: 0.190&#8243; Estilo de la hoja: Punta de lanza Afilado de la hoja: Plano Acabado de la hoja: Lavado a la piedra Material del mango: Aluminio fresado, anodizado con capa dura Mil-Spec Grosor del mango: 0.62&#8243; Mecanismo de bloqueo: Bot\u00f3n Clip de bolsillo: Acero inoxidable (punta arriba , transporte derecho) Peso: 6,3 oz. Dise\u00f1adores: Sebastijan Berenji y Tony Marfione Hecho en EE. UU.  &nbsp;<\/p>\n<p>&nbsp;<\/p>\n","protected":false},"excerpt":{"rendered":"<p><strong>A lo largo de los a\u00f1os, Microtech\u00ae Knives ha llenado los cuchillos con pasi\u00f3n y habilidad para crear casi obras de arte que son el pin\u00e1culo de la funcionalidad. Todas las piezas se fabrican en los EE. UU.<\/strong><br \/>\n<strong>Todos los cuchillos Microtech vienen con una garant\u00eda de por vida.<\/strong><\/p>\n<p><strong>Transporte gratuito.<\/strong><\/p>\n","protected":false},"featured_media":177460,"comment_status":"open","ping_status":"closed","template":"","meta":[],"pwb-brand":[3752],"product_brand":[],"product_cat":[3726,3729],"product_tag":[],"class_list":{"0":"post-354345","1":"product","2":"type-product","3":"status-publish","4":"has-post-thumbnail","6":"pwb-brand-microtecnologia","7":"product_cat-cuchillos","8":"product_cat-cuchillos-de-tiro","10":"first","11":"instock","12":"taxable","13":"shipping-taxable","14":"purchasable","15":"product-type-simple"},"brands":[{"id":3752,"name":"microtecnolog\u00eda","slug":"microtecnologia"}],"_links":{"self":[{"href":"https:\/\/www.moskito.cz\/es\/wp-json\/wp\/v2\/product\/354345","targetHints":{"allow":["GET"]}}],"collection":[{"href":"https:\/\/www.moskito.cz\/es\/wp-json\/wp\/v2\/product"}],"about":[{"href":"https:\/\/www.moskito.cz\/es\/wp-json\/wp\/v2\/types\/product"}],"replies":[{"embeddable":true,"href":"https:\/\/www.moskito.cz\/es\/wp-json\/wp\/v2\/comments?post=354345"}],"wp:featuredmedia":[{"embeddable":true,"href":"https:\/\/www.moskito.cz\/es\/wp-json\/wp\/v2\/media\/177460"}],"wp:attachment":[{"href":"https:\/\/www.moskito.cz\/es\/wp-json\/wp\/v2\/media?parent=354345"}],"wp:term":[{"taxonomy":"pwb-brand","embeddable":true,"href":"https:\/\/www.moskito.cz\/es\/wp-json\/wp\/v2\/pwb-brand?post=354345"},{"taxonomy":"product_brand","embeddable":true,"href":"https:\/\/www.moskito.cz\/es\/wp-json\/wp\/v2\/product_brand?post=354345"},{"taxonomy":"product_cat","embeddable":true,"href":"https:\/\/www.moskito.cz\/es\/wp-json\/wp\/v2\/product_cat?post=354345"},{"taxonomy":"product_tag","embeddable":true,"href":"https:\/\/www.moskito.cz\/es\/wp-json\/wp\/v2\/product_tag?post=354345"}],"curies":[{"name":"wp","href":"https:\/\/api.w.org\/{rel}","templated":true}]}}