{"id":354411,"date":"2024-08-07T04:05:12","date_gmt":"2024-08-07T03:05:48","guid":{"rendered":"https:\/\/www.moskito.cz\/produkt\/cuchillo-de-cierre-microtech-stitch-stonewashed-169rl-11flgtbk\/"},"modified":"2025-05-07T11:22:19","modified_gmt":"2025-05-07T10:22:19","slug":"cuchillo-de-cierre-microtech-stitch-stonewashed-169rl-11flgtbk","status":"publish","type":"product","link":"https:\/\/www.moskito.cz\/es\/produkt\/cuchillo-de-cierre-microtech-stitch-stonewashed-169rl-11flgtbk\/","title":{"rendered":"Cuchillo de cierre Microtech Stitch Stonewashed 169RL-11FLGTBK"},"content":{"rendered":"<p>Cuchillo de cierre <strong>Microtech<\/strong> Stitch Stonewashed 169RL-11FLGTBK. Lanzado en 2023, <strong>Stitch<\/strong> RAM-LOK debut\u00f3 con MSI (edici\u00f3n <strong>Microtech<\/strong> Standard) como el primer <strong>Microtech<\/strong> en presentar la fant\u00e1stica tecnolog\u00eda RAM-LOK. Esta cerradura de espejo de popa de aspecto resistente presenta el patr\u00f3n de pasos caracter\u00edstico <strong>de Microtech<\/strong> que se hizo famoso por la serie de interruptores de control <strong>Ultratech<\/strong> . El gran corte de la hoja proporciona mucho espacio para un movimiento hacia atr\u00e1s con el dedo medio, as\u00ed como para una apertura lenta est\u00e1ndar del pulgar con o sin guantes. Si no se siente c\u00f3modo con ninguno de estos, simplemente tire del RAM-LOK y la hoja se abrir\u00e1 con un simple movimiento de mu\u00f1eca. Los pu\u00f1os G10 son suaves y ligeramente pegajosos y proporcionan un gran potencial de agarre tanto en pu\u00f1os est\u00e1ndar como inversos. Resistente, duradero y fabricado en los EE. UU.; Sabemos que MSI se convertir\u00e1 r\u00e1pidamente en un favorito de los fan\u00e1ticos entre todos los miembros de la comunidad de cuchillos. <strong>Microtech Stitch<\/strong> es una hermosa colaboraci\u00f3n t\u00e1ctica entre Tony Marfione y Sebastijan Berenji, tambi\u00e9n conocido como Borka. Toma el incre\u00edble dise\u00f1o de Stitch de Sebastijan y lo combina con la incre\u00edble mec\u00e1nica de apertura de Tony para crear una de las colaboraciones de producci\u00f3n m\u00e1s sorprendentes de todos los tiempos. La hoja con punta de lanza de 3.625&#8243; presenta una base plana y una ranura para los dedos y el pulgar para una sujeci\u00f3n superior en tareas de corte m\u00e1s finas. Especificaciones: Longitud de la hoja: 9 cm Longitud cerrada: 12,5 cm Longitud total: 21 cm Acero de la hoja: Acero inoxidable Bohler M390MK Estilo de la hoja: Punta de lanza Afilado de la hoja: Plano Acabado de la hoja: Lavado a la piedra Material del mango: G10 ranurado negro Material del inserto: Acero inoxidable Mecanismo de bloqueo: RAM -LOK Clip de bolsillo: Acero inoxidable (desplegable, para uso en la mano derecha) Peso: 5,22 oz. Dise\u00f1ador: Sebastijan Berenji y Tony Marfione Hecho en EE. UU. https:\/\/youtu.be\/xE9TeOFYEjg  &nbsp;<\/p>\n","protected":false},"excerpt":{"rendered":"<p><strong>A lo largo de los a\u00f1os, Microtech\u00ae Knives ha llenado los cuchillos con pasi\u00f3n y habilidad para crear casi obras de arte que son el pin\u00e1culo de la funcionalidad. Todas las piezas se fabrican en los EE. UU.<\/strong><br \/>\n<strong>Todos los cuchillos Microtech vienen con una garant\u00eda de por vida.<\/strong><\/p>\n<p><strong>Transporte gratuito.<\/strong><\/p>\n","protected":false},"featured_media":354366,"comment_status":"open","ping_status":"closed","template":"","meta":[],"pwb-brand":[3752],"product_brand":[],"product_cat":[3730,3726],"product_tag":[3756],"class_list":{"0":"post-354411","1":"product","2":"type-product","3":"status-publish","4":"has-post-thumbnail","6":"pwb-brand-microtecnologia","7":"product_cat-cuchillas-de-cierre","8":"product_cat-cuchillos","9":"product_tag-b2b-es","11":"first","12":"outofstock","13":"taxable","14":"shipping-taxable","15":"purchasable","16":"product-type-simple"},"brands":[{"id":3752,"name":"microtecnolog\u00eda","slug":"microtecnologia"}],"_links":{"self":[{"href":"https:\/\/www.moskito.cz\/es\/wp-json\/wp\/v2\/product\/354411","targetHints":{"allow":["GET"]}}],"collection":[{"href":"https:\/\/www.moskito.cz\/es\/wp-json\/wp\/v2\/product"}],"about":[{"href":"https:\/\/www.moskito.cz\/es\/wp-json\/wp\/v2\/types\/product"}],"replies":[{"embeddable":true,"href":"https:\/\/www.moskito.cz\/es\/wp-json\/wp\/v2\/comments?post=354411"}],"wp:featuredmedia":[{"embeddable":true,"href":"https:\/\/www.moskito.cz\/es\/wp-json\/wp\/v2\/media\/354366"}],"wp:attachment":[{"href":"https:\/\/www.moskito.cz\/es\/wp-json\/wp\/v2\/media?parent=354411"}],"wp:term":[{"taxonomy":"pwb-brand","embeddable":true,"href":"https:\/\/www.moskito.cz\/es\/wp-json\/wp\/v2\/pwb-brand?post=354411"},{"taxonomy":"product_brand","embeddable":true,"href":"https:\/\/www.moskito.cz\/es\/wp-json\/wp\/v2\/product_brand?post=354411"},{"taxonomy":"product_cat","embeddable":true,"href":"https:\/\/www.moskito.cz\/es\/wp-json\/wp\/v2\/product_cat?post=354411"},{"taxonomy":"product_tag","embeddable":true,"href":"https:\/\/www.moskito.cz\/es\/wp-json\/wp\/v2\/product_tag?post=354411"}],"curies":[{"name":"wp","href":"https:\/\/api.w.org\/{rel}","templated":true}]}}