{"id":354493,"date":"2024-08-07T04:37:13","date_gmt":"2024-08-07T03:38:01","guid":{"rendered":"https:\/\/www.moskito.cz\/produkt\/cuchillo-de-tiro-microtech-borka-stitch-apocalyptic-169-11ap\/"},"modified":"2025-05-07T11:22:21","modified_gmt":"2025-05-07T10:22:21","slug":"cuchillo-de-tiro-microtech-borka-stitch-apocalyptic-169-11ap","status":"publish","type":"product","link":"https:\/\/www.moskito.cz\/es\/produkt\/cuchillo-de-tiro-microtech-borka-stitch-apocalyptic-169-11ap\/","title":{"rendered":"Cuchillo de tiro Microtech\/Borka Stitch Apocalyptic 169-11AP"},"content":{"rendered":"<p>Cuchillo de tiro <strong>Microtech<\/strong> \/ Borka Stitch Apocalyptic 169-11AP. Automatic <strong>Stitch<\/strong> es una hermosa colaboraci\u00f3n t\u00e1ctica entre Tony Marfione y Sebastijan Berenji, tambi\u00e9n conocido como Borka. Toma el incre\u00edble dise\u00f1o de Stitch de Sebastijan y lo combina con la incre\u00edble apertura autom\u00e1tica de Tony para crear una de las colaboraciones de producci\u00f3n m\u00e1s sorprendentes de 2017. La hoja de punta de lanza tiene un acabado apocal\u00edptico de piedra oscura y suelo plano y una rampa para sujetar los dedos y el pulgar para una excelente sujeci\u00f3n en operaciones de corte m\u00e1s finas. El mango es de aluminio fresado pesado con un acabado anodizado negro Mil-Spec Hardcoat y se dispara como un cohete y se cierra herm\u00e9ticamente, lo que Parece que se trata de una haza\u00f1a AUTO impresionante. Este es el modelo de producci\u00f3n tan esperado de la famosa costumbre, gracias al cual tienes la oportunidad de poseer un cuchillo Borka por una fracci\u00f3n del precio. Especificaciones: Longitud de la hoja: 8,5 cm Longitud del mango: 12,5 cm Longitud total: 21 cm Acero: M390 Estilo de la hoja: Punta de lanza Afilado de la hoja: Plana Acabado de la hoja: Apocal\u00edptico Material del mango: Aluminio fresado, revestimiento anodizado duro Mil-Spec Mecanismo de bloqueo: Bolsillo con botones clip: Acero inoxidable (desplegable, uso en la mano derecha) Peso: 6,3 oz. Dise\u00f1adores: Sebastijan Berenji y Tony Marfione Hecho en EE. UU. https:\/\/youtu.be\/xE9TeOFYEjg  &nbsp;<\/p>\n","protected":false},"excerpt":{"rendered":"<p><strong>A lo largo de los a\u00f1os, Microtech\u00ae Knives ha llenado los cuchillos con pasi\u00f3n y habilidad para crear casi obras de arte que son el pin\u00e1culo de la funcionalidad. Todas las piezas se fabrican en los EE. UU.<\/strong><br \/>\n<strong>Todos los cuchillos Microtech vienen con una garant\u00eda de por vida.<\/strong><\/p>\n<p><strong>Transporte gratuito.<\/strong><\/p>\n","protected":false},"featured_media":354452,"comment_status":"open","ping_status":"closed","template":"","meta":[],"pwb-brand":[3752],"product_brand":[],"product_cat":[3726,3729],"product_tag":[3756],"class_list":{"0":"post-354493","1":"product","2":"type-product","3":"status-publish","4":"has-post-thumbnail","6":"pwb-brand-microtecnologia","7":"product_cat-cuchillos","8":"product_cat-cuchillos-de-tiro","9":"product_tag-b2b-es","11":"first","12":"instock","13":"taxable","14":"shipping-taxable","15":"purchasable","16":"product-type-simple"},"brands":[{"id":3752,"name":"microtecnolog\u00eda","slug":"microtecnologia"}],"_links":{"self":[{"href":"https:\/\/www.moskito.cz\/es\/wp-json\/wp\/v2\/product\/354493","targetHints":{"allow":["GET"]}}],"collection":[{"href":"https:\/\/www.moskito.cz\/es\/wp-json\/wp\/v2\/product"}],"about":[{"href":"https:\/\/www.moskito.cz\/es\/wp-json\/wp\/v2\/types\/product"}],"replies":[{"embeddable":true,"href":"https:\/\/www.moskito.cz\/es\/wp-json\/wp\/v2\/comments?post=354493"}],"wp:featuredmedia":[{"embeddable":true,"href":"https:\/\/www.moskito.cz\/es\/wp-json\/wp\/v2\/media\/354452"}],"wp:attachment":[{"href":"https:\/\/www.moskito.cz\/es\/wp-json\/wp\/v2\/media?parent=354493"}],"wp:term":[{"taxonomy":"pwb-brand","embeddable":true,"href":"https:\/\/www.moskito.cz\/es\/wp-json\/wp\/v2\/pwb-brand?post=354493"},{"taxonomy":"product_brand","embeddable":true,"href":"https:\/\/www.moskito.cz\/es\/wp-json\/wp\/v2\/product_brand?post=354493"},{"taxonomy":"product_cat","embeddable":true,"href":"https:\/\/www.moskito.cz\/es\/wp-json\/wp\/v2\/product_cat?post=354493"},{"taxonomy":"product_tag","embeddable":true,"href":"https:\/\/www.moskito.cz\/es\/wp-json\/wp\/v2\/product_tag?post=354493"}],"curies":[{"name":"wp","href":"https:\/\/api.w.org\/{rel}","templated":true}]}}