{"id":355243,"date":"2024-08-08T22:57:49","date_gmt":"2024-08-08T22:25:42","guid":{"rendered":"https:\/\/www.moskito.cz\/produkt\/cuchillo-de-tiro-microtech-hera-ii-mini-apocaliptico-1705m-10ap\/"},"modified":"2025-05-07T11:22:39","modified_gmt":"2025-05-07T10:22:39","slug":"cuchillo-de-tiro-microtech-hera-ii-mini-apocaliptico-1705m-10ap","status":"publish","type":"product","link":"https:\/\/www.moskito.cz\/es\/produkt\/cuchillo-de-tiro-microtech-hera-ii-mini-apocaliptico-1705m-10ap\/","title":{"rendered":"Cuchillo de Tiro Microtech Hera II Mini Apocal\u00edptico 1705M-10AP"},"content":{"rendered":"<p>Navaja de Tiro <strong>Microtech<\/strong> Hera II Mini Apocalyptic 1705M-10AP. <strong>La Mini Hera<\/strong> es una cautivadora navaja autom\u00e1tica frontal de doble acci\u00f3n que se inspira en el ic\u00f3nico modelo <strong>Troodon<\/strong> . Con un dise\u00f1o de marco que recuerda a su predecesor, <strong>el Mini Hera<\/strong> destaca por su est\u00e9tica refinada y su ergonom\u00eda mejorada. Los parches de los extremos cuidadosamente elaborados ofrecen un mejor agarre y aumentan tanto la practicidad como el atractivo visual. Al igual que su predecesor, <strong>el Mini Hera<\/strong> cuenta con un mango decorado con intrincados grabados profundos que presentan una parte posterior sin hardware, salvo por un discreto tornillo ubicado cerca del extremo posterior, cerca del clip de bolsillo ambidiestro para comodidad de los zurdos. Esta atenci\u00f3n al detalle a\u00f1ade un toque art\u00edstico al dise\u00f1o funcional y garantiza una experiencia t\u00e1ctil inigualable. Esta obra maestra en miniatura combina sin esfuerzo sofisticaci\u00f3n con funcionalidad, consolidando su posici\u00f3n como una de las navajas autom\u00e1ticas OTF l\u00edderes en un mercado altamente competitivo que a menudo se enfrenta a otras OTF Microtech. Dise\u00f1ado para estar preparado para el combate, pero lo suficientemente delgado para el uso diario, el Mini Hera ofrece el equilibrio perfecto entre estilo y practicidad. La ingenier\u00eda de precisi\u00f3n y los detalles art\u00edsticos convergen en este cuchillo, lo que lo convierte en una excelente opci\u00f3n para quienes buscan una fusi\u00f3n de forma y funci\u00f3n en sus herramientas cotidianas. Especificaciones: Longitud de la hoja: 7,5 cm Longitud cerrada: 10 cm Longitud total: 17,5 cm Acero de la hoja: acero inoxidable Bohler M390MK Estilo de la hoja: Recurvo Afilado de la hoja: Plano Acabado de la hoja: Apocal\u00edptico Material del mango: Aluminio aeron\u00e1utico negro con grabado profundo Mecanismo de bloqueo: Deslizador para el pulgar Clip de bolsillo: Titanio (plegable, uso derecho\/izquierdo) Peso: 2.01 oz Dise\u00f1adores: Tony y Sean Marfione Hecho en los EE. UU. https:\/\/youtu.be\/xE9TeOFYEjg  &nbsp;<\/p>\n","protected":false},"excerpt":{"rendered":"<p><strong>A lo largo de los a\u00f1os, Microtech\u00ae Knives ha llenado los cuchillos con pasi\u00f3n y habilidad para crear casi obras de arte que son el pin\u00e1culo de la funcionalidad. Todas las piezas se fabrican en los EE. UU.<\/strong><br \/>\n<strong>Todos los cuchillos Microtech vienen con una garant\u00eda de por vida.<\/strong><\/p>\n<p><strong>Transporte gratuito.<\/strong><\/p>\n","protected":false},"featured_media":355151,"comment_status":"open","ping_status":"closed","template":"","meta":[],"pwb-brand":[3752],"product_brand":[],"product_cat":[3726,3729],"product_tag":[3756],"class_list":{"0":"post-355243","1":"product","2":"type-product","3":"status-publish","4":"has-post-thumbnail","6":"pwb-brand-microtecnologia","7":"product_cat-cuchillos","8":"product_cat-cuchillos-de-tiro","9":"product_tag-b2b-es","11":"first","12":"outofstock","13":"taxable","14":"shipping-taxable","15":"purchasable","16":"product-type-simple"},"brands":[{"id":3752,"name":"microtecnolog\u00eda","slug":"microtecnologia"}],"_links":{"self":[{"href":"https:\/\/www.moskito.cz\/es\/wp-json\/wp\/v2\/product\/355243","targetHints":{"allow":["GET"]}}],"collection":[{"href":"https:\/\/www.moskito.cz\/es\/wp-json\/wp\/v2\/product"}],"about":[{"href":"https:\/\/www.moskito.cz\/es\/wp-json\/wp\/v2\/types\/product"}],"replies":[{"embeddable":true,"href":"https:\/\/www.moskito.cz\/es\/wp-json\/wp\/v2\/comments?post=355243"}],"wp:featuredmedia":[{"embeddable":true,"href":"https:\/\/www.moskito.cz\/es\/wp-json\/wp\/v2\/media\/355151"}],"wp:attachment":[{"href":"https:\/\/www.moskito.cz\/es\/wp-json\/wp\/v2\/media?parent=355243"}],"wp:term":[{"taxonomy":"pwb-brand","embeddable":true,"href":"https:\/\/www.moskito.cz\/es\/wp-json\/wp\/v2\/pwb-brand?post=355243"},{"taxonomy":"product_brand","embeddable":true,"href":"https:\/\/www.moskito.cz\/es\/wp-json\/wp\/v2\/product_brand?post=355243"},{"taxonomy":"product_cat","embeddable":true,"href":"https:\/\/www.moskito.cz\/es\/wp-json\/wp\/v2\/product_cat?post=355243"},{"taxonomy":"product_tag","embeddable":true,"href":"https:\/\/www.moskito.cz\/es\/wp-json\/wp\/v2\/product_tag?post=355243"}],"curies":[{"name":"wp","href":"https:\/\/api.w.org\/{rel}","templated":true}]}}