{"id":355252,"date":"2024-08-08T23:18:47","date_gmt":"2024-08-08T22:26:20","guid":{"rendered":"https:\/\/www.moskito.cz\/produkt\/cuchilla-de-cierre-microtech-matrix-165c-4cfti\/"},"modified":"2025-05-07T11:22:41","modified_gmt":"2025-05-07T10:22:41","slug":"cuchilla-de-cierre-microtech-matrix-165c-4cfti","status":"publish","type":"product","link":"https:\/\/www.moskito.cz\/es\/produkt\/cuchilla-de-cierre-microtech-matrix-165c-4cfti\/","title":{"rendered":"Cuchilla de cierre Microtech Matrix 165C-4CFTI"},"content":{"rendered":"<p>Cuchillo de cierre <strong>Microtech<\/strong> Matrix 165C-4CFTI. <strong>Matrix<\/strong> es otra obra maestra conjunta de <strong>Microtech Knives<\/strong> y Rike Knife Co., una aleta de mano excepcional con una acci\u00f3n impecablemente suave. Al igual que el lujo asequible que representa el Socom Bravo Mini, este cuchillo de tama\u00f1o completo pesa exactamente seis onzas y mide 9,35&#8243; de largo, incluido el rompevidrios de tungsteno. El mango est\u00e1 fabricado con precisi\u00f3n y combina a la perfecci\u00f3n titanio y fibra de carbono para una ergonom\u00eda \u00f3ptima, brindando una herramienta de corte con capacidades inigualables. El clip de bola de carburo de silicio de doble cara garantiza la integridad del bolsillo. Act\u00fae r\u00e1pido y no pierda la oportunidad de poseer esta edici\u00f3n limitada. Longitud total: 23,37 cm Material de la hoja: Acero inoxidable Bohler M390 Estilo de la hoja: Pata de oveja modificada Afilado de la hoja: Plano Acabado de la hoja: Sat\u00e9n frotado a mano Material del mango: Titanio 6Al4V reforzado con fibra de carbono Mecanismo de bloqueo de escala: Conjunto de pasador de bloqueo del marco: Clip de bolsillo del rodamiento: Titanio (plegable, desgaste derecho\/izquierdo) Peso: 6.00 oz. Dise\u00f1ador: Tony Marfione https:\/\/youtu.be\/xE9TeOFYEjg        &nbsp;<\/p>\n","protected":false},"excerpt":{"rendered":"<p><strong>A lo largo de los a\u00f1os, Microtech\u00ae Knives ha llenado los cuchillos con pasi\u00f3n y habilidad para crear casi obras de arte que son el pin\u00e1culo de la funcionalidad. Todas las piezas se fabrican en los EE. UU.<\/strong><br \/>\n<strong>Todos los cuchillos Microtech vienen con una garant\u00eda de por vida.<\/strong><\/p>\n<p><strong>Transporte gratuito.<\/strong><\/p>\n","protected":false},"featured_media":355200,"comment_status":"open","ping_status":"closed","template":"","meta":[],"pwb-brand":[3752],"product_brand":[],"product_cat":[3730,3726],"product_tag":[3756],"class_list":{"0":"post-355252","1":"product","2":"type-product","3":"status-publish","4":"has-post-thumbnail","6":"pwb-brand-microtecnologia","7":"product_cat-cuchillas-de-cierre","8":"product_cat-cuchillos","9":"product_tag-b2b-es","11":"first","12":"instock","13":"taxable","14":"shipping-taxable","15":"purchasable","16":"product-type-simple"},"brands":[{"id":3752,"name":"microtecnolog\u00eda","slug":"microtecnologia"}],"_links":{"self":[{"href":"https:\/\/www.moskito.cz\/es\/wp-json\/wp\/v2\/product\/355252","targetHints":{"allow":["GET"]}}],"collection":[{"href":"https:\/\/www.moskito.cz\/es\/wp-json\/wp\/v2\/product"}],"about":[{"href":"https:\/\/www.moskito.cz\/es\/wp-json\/wp\/v2\/types\/product"}],"replies":[{"embeddable":true,"href":"https:\/\/www.moskito.cz\/es\/wp-json\/wp\/v2\/comments?post=355252"}],"wp:featuredmedia":[{"embeddable":true,"href":"https:\/\/www.moskito.cz\/es\/wp-json\/wp\/v2\/media\/355200"}],"wp:attachment":[{"href":"https:\/\/www.moskito.cz\/es\/wp-json\/wp\/v2\/media?parent=355252"}],"wp:term":[{"taxonomy":"pwb-brand","embeddable":true,"href":"https:\/\/www.moskito.cz\/es\/wp-json\/wp\/v2\/pwb-brand?post=355252"},{"taxonomy":"product_brand","embeddable":true,"href":"https:\/\/www.moskito.cz\/es\/wp-json\/wp\/v2\/product_brand?post=355252"},{"taxonomy":"product_cat","embeddable":true,"href":"https:\/\/www.moskito.cz\/es\/wp-json\/wp\/v2\/product_cat?post=355252"},{"taxonomy":"product_tag","embeddable":true,"href":"https:\/\/www.moskito.cz\/es\/wp-json\/wp\/v2\/product_tag?post=355252"}],"curies":[{"name":"wp","href":"https:\/\/api.w.org\/{rel}","templated":true}]}}