{"id":355344,"date":"2024-08-09T09:33:11","date_gmt":"2024-08-09T08:36:32","guid":{"rendered":"https:\/\/www.moskito.cz\/produkt\/cuchillo-de-tiro-beltrame-stiletto-cuerno-de-ciervo-bayoneta-33-cm\/"},"modified":"2025-05-07T11:22:44","modified_gmt":"2025-05-07T10:22:44","slug":"cuchillo-de-tiro-beltrame-stiletto-cuerno-de-ciervo-bayoneta-33-cm","status":"publish","type":"product","link":"https:\/\/www.moskito.cz\/es\/produkt\/cuchillo-de-tiro-beltrame-stiletto-cuerno-de-ciervo-bayoneta-33-cm\/","title":{"rendered":"Cuchillo de tiro Beltrame Stiletto Cuerno de Ciervo Bayoneta 33 cm"},"content":{"rendered":"<p>Cuchillo de tiro <strong>Beltrame<\/strong> Stiletto Cuerno de Ciervo Bayoneta 33 cm. Navaja de tiro lateral con seguro en la culata. El mango est\u00e1 hecho de asta aut\u00e9ntica, la hoja es de acero 420 (dureza de 54 a 56 HRC). Longitud en estado abierto 33 cm. La longitud de la hoja es de 14 cm. Daga Stiletto de Asta Italiana Cl\u00e1sica de 33cm, Cuchillo de Primavera Tradicional Italiano.  Los cuchillos Frank Beltrame Stiletto hechos a mano seg\u00fan los principios de la artesan\u00eda italiana se han hecho famosos en todo el mundo por su extrema ligereza y durabilidad. Por sus caracter\u00edsticas, la daga italiana es apta para su uso en cualquier entorno, desde la caza hasta el camping. La construcci\u00f3n s\u00f3lida y duradera y el fuerte resorte de apertura de la hoja son el sello distintivo de los cinturones de resorte cl\u00e1sicos italianos Frank Beltrame. Mango: hecho de asta de ciervo (cuerno de ciervo) en color natural, le da un aspecto exclusivo. Con un acabado en n\u00edquel pulido, proporciona un agarre c\u00f3modo y seguro. La seguridad de uso se ve reforzada por la forma ergon\u00f3mica del mango, que evita que la mano se resbale durante el trabajo. Remaches de lat\u00f3n. Hoja: hoja extremadamente afilada y precisa con perfil Daga, espesor 3,5 mm, fabricada en acero inoxidable AISI 420 MA5M, f\u00e1cil de afilar, caracterizada por una alta resistencia a la corrosi\u00f3n. Acero endurecido 56 HRC. Un tipo de hoja com\u00fan derivado del rectificado plano proporciona buenas propiedades de corte y penetraci\u00f3n. Bloqueo: evita el plegado o apertura accidental de la hoja. La apertura de la navaja autom\u00e1tica se realiza mediante un bot\u00f3n fijo situado en el mango. Muelle: se presta especial atenci\u00f3n al dise\u00f1o del muelle (acero inoxidable): la hoja debe abrirse en unas pocas cent\u00e9simas de segundo (caracter\u00edstica de los cuchillos Stiletto). El componente Beltrame emite un sonido caracter\u00edstico (clic) al abrir la hoja, lo que lo distingue de otros cuchillos con resorte.  &nbsp;  Los cuchillos Beltrame se fabrican en Italia desde 1953. La empresa fue fundada por Frank Beltram. El secreto de la elaboraci\u00f3n de estos cuchillos Stiletto forma parte de la historia de Maniago, que se ha transmitido de padres a hijos. Cuando era peque\u00f1o, Frank ayud\u00f3 en la f\u00e1brica de su padre, donde m\u00e1s tarde comenz\u00f3 a trabajar como aprendiz de su padre. Adem\u00e1s, asisti\u00f3 a una escuela de cuchiller\u00eda tradicional, donde aprendi\u00f3 todo sobre diferentes materiales, las \u00faltimas tecnolog\u00edas de procesamiento y diferentes estilos de dise\u00f1o. En 1958, Frank y su familia empezaron a fabricar cuchillos autom\u00e1ticos. Un a\u00f1o despu\u00e9s de que el padre de Frank muriera de un ataque card\u00edaco mientras trabajaba en la f\u00e1brica, Frank fund\u00f3 la empresa Beltrame. En los a\u00f1os siguientes continu\u00f3 estudiando e investigando cuchillos, materiales adecuados y dise\u00f1o. Al poco tiempo, aparecieron en el mercado imitaciones baratas de Taiw\u00e1n, los tradicionales cuchillos Stiletto italianos. Entonces Frank tuvo que enfrentarse a un nuevo problema. Afortunadamente, la calidad de estos cuchillos baratos habla por s\u00ed sola: todo coleccionista sabe que no hay forma de compararlos con una aut\u00e9ntica daga Beltrame. Los cuchillos Beltrame se han ganado el reconocimiento de los clientes m\u00e1s exigentes del mundo gracias a la pasi\u00f3n de Frank por estos cuchillos. A la hora de fabricar cuchillos aprovecha sus muchos a\u00f1os de experiencia, que adquiri\u00f3 desde muy joven. En 2005, los cuchillos Beltrame recibieron el certificado de calidad Maniago, con el que superaron los est\u00e1ndares de calidad europeos. Esto significa que estos cuchillos se someten a pruebas de calidad del material cada a\u00f1o.<\/p>\n","protected":false},"excerpt":{"rendered":"<p><strong>Los cuchillos Beltrame se fabrican en Italia desde 1953. La empresa fue fundada por Frank Beltram. El secreto de la elaboraci\u00f3n de estos cuchillos Stiletto forma parte de la historia de Maniago, que se ha transmitido de padres a hijos.<\/strong><br \/>\n<strong>Hecho en Italia.<\/strong><\/p>\n<p>&nbsp;<\/p>\n","protected":false},"featured_media":355337,"comment_status":"open","ping_status":"closed","template":"","meta":[],"pwb-brand":[3781],"product_brand":[],"product_cat":[3726,3729],"product_tag":[3756],"class_list":{"0":"post-355344","1":"product","2":"type-product","3":"status-publish","4":"has-post-thumbnail","6":"pwb-brand-beltrame-es","7":"product_cat-cuchillos","8":"product_cat-cuchillos-de-tiro","9":"product_tag-b2b-es","11":"first","12":"outofstock","13":"taxable","14":"shipping-taxable","15":"purchasable","16":"product-type-simple"},"brands":[{"id":3781,"name":"Beltram\u00e9","slug":"beltrame-es"}],"_links":{"self":[{"href":"https:\/\/www.moskito.cz\/es\/wp-json\/wp\/v2\/product\/355344","targetHints":{"allow":["GET"]}}],"collection":[{"href":"https:\/\/www.moskito.cz\/es\/wp-json\/wp\/v2\/product"}],"about":[{"href":"https:\/\/www.moskito.cz\/es\/wp-json\/wp\/v2\/types\/product"}],"replies":[{"embeddable":true,"href":"https:\/\/www.moskito.cz\/es\/wp-json\/wp\/v2\/comments?post=355344"}],"wp:featuredmedia":[{"embeddable":true,"href":"https:\/\/www.moskito.cz\/es\/wp-json\/wp\/v2\/media\/355337"}],"wp:attachment":[{"href":"https:\/\/www.moskito.cz\/es\/wp-json\/wp\/v2\/media?parent=355344"}],"wp:term":[{"taxonomy":"pwb-brand","embeddable":true,"href":"https:\/\/www.moskito.cz\/es\/wp-json\/wp\/v2\/pwb-brand?post=355344"},{"taxonomy":"product_brand","embeddable":true,"href":"https:\/\/www.moskito.cz\/es\/wp-json\/wp\/v2\/product_brand?post=355344"},{"taxonomy":"product_cat","embeddable":true,"href":"https:\/\/www.moskito.cz\/es\/wp-json\/wp\/v2\/product_cat?post=355344"},{"taxonomy":"product_tag","embeddable":true,"href":"https:\/\/www.moskito.cz\/es\/wp-json\/wp\/v2\/product_tag?post=355344"}],"curies":[{"name":"wp","href":"https:\/\/api.w.org\/{rel}","templated":true}]}}