{"id":355754,"date":"2024-08-09T15:35:48","date_gmt":"2024-08-09T19:17:45","guid":{"rendered":"https:\/\/www.moskito.cz\/produkt\/cuchillo-de-tiro-frank-beltrame-bayoneta-cuerno-de-bufalo-33cm\/"},"modified":"2025-05-07T11:22:46","modified_gmt":"2025-05-07T10:22:46","slug":"cuchillo-de-tiro-frank-beltrame-bayoneta-cuerno-de-bufalo-33cm","status":"publish","type":"product","link":"https:\/\/www.moskito.cz\/es\/produkt\/cuchillo-de-tiro-frank-beltrame-bayoneta-cuerno-de-bufalo-33cm\/","title":{"rendered":"Cuchillo de tiro Frank Beltrame Bayoneta Cuerno de B\u00fafalo 33cm"},"content":{"rendered":"<p>Cuchillo de tiro <strong>Frank Beltrame<\/strong> Bayoneta Cuerno de B\u00fafalo 33cm. Cl\u00e1sico italiano <strong>Stiletto Buffalo<\/strong> Horn, bayoneta 28 cm, cuchillo tradicional italiano con resorte, la apertura de la hoja debe realizarse en unas pocas cent\u00e9simas de segundo (caracter\u00edstica de los cuchillos Stiletto).  Los cuchillos Frank Beltrame Stiletto, completamente hechos a mano seg\u00fan los principios de la artesan\u00eda italiana, son famosos en todo el mundo por su extrema ligereza y durabilidad. Por sus caracter\u00edsticas, la daga italiana es apta para su uso en cualquier entorno, desde la caza hasta el camping. La construcci\u00f3n s\u00f3lida y duradera y el fuerte resorte de apertura de la hoja son el sello distintivo de los cinturones de resorte cl\u00e1sicos italianos <strong>Frank Beltrame<\/strong> . El mango revestido con cuerno de b\u00fafalo realza su aspecto exclusivo. Con un acabado en n\u00edquel pulido, proporciona un agarre c\u00f3modo y seguro. La seguridad de uso se ve reforzada por la forma ergon\u00f3mica del mango, que evita que la mano se resbale durante el trabajo. Remaches de lat\u00f3n. Hoja: una hoja extremadamente afilada y precisa con un perfil de punta de lanza (bayoneta) de 3,5 mm de espesor, que aumenta las propiedades perforantes de la hoja falsa. Fabricado en acero inoxidable AISI 420 MA5M, f\u00e1cil de rectificar, caracterizado por una alta resistencia a la corrosi\u00f3n.  Acero endurecido 56 HRC. Un tipo de hoja com\u00fan derivado del rectificado plano proporciona buenas propiedades de corte y penetraci\u00f3n. La protecci\u00f3n de acero protege la mano de resbalones no deseados y permite que la hoja se pliegue al presionarla. Bloqueo: evita el plegado o apertura accidental de la hoja. La apertura de la navaja autom\u00e1tica se realiza mediante un bot\u00f3n fijo situado en el mango. Muelle: se presta especial atenci\u00f3n al dise\u00f1o del muelle (acero inoxidable): la hoja debe abrirse en unas pocas cent\u00e9simas de segundo (caracter\u00edstica de los cuchillos Stiletto). El cuchillo Beltrame emite un sonido caracter\u00edstico (clic) al abrir la hoja, lo que lo distingue de otros cuchillos con resorte. Datos t\u00e9cnicos: N\u00famero de producto: FB 33\/ 58B Nombre: Classic Italian Stiletto Buffalo Horn, bayoneta 33 Tipo de acero: AISI 420 MA5M Dureza Rockwell de la hoja: 56 HRC Longitud de la hoja: 14 cm Grosor de la hoja: 0,35 cm Longitud total: 33 cm Hoja : Liso Tipo de hoja: Punta de lanza (bayoneta) Bloqueo de cuchillo: S\u00ed Tipo de mango: Cuerno de toro Fabricante: F.LLI Beltrame, Italia   &nbsp;<\/p>\n","protected":false},"excerpt":{"rendered":"<p><strong>Los cuchillos Beltrame se fabrican en Italia desde 1953. La empresa fue fundada por Frank Beltram. El secreto de la elaboraci\u00f3n de estos cuchillos Stiletto forma parte de la historia de Maniago, que se ha transmitido de padres a hijos.<\/strong><br \/>\n<strong>Hecho en Italia.<\/strong><\/p>\n","protected":false},"featured_media":355378,"comment_status":"open","ping_status":"closed","template":"","meta":[],"pwb-brand":[3781],"product_brand":[],"product_cat":[3726,3729],"product_tag":[3756],"class_list":{"0":"post-355754","1":"product","2":"type-product","3":"status-publish","4":"has-post-thumbnail","6":"pwb-brand-beltrame-es","7":"product_cat-cuchillos","8":"product_cat-cuchillos-de-tiro","9":"product_tag-b2b-es","11":"first","12":"outofstock","13":"taxable","14":"shipping-taxable","15":"purchasable","16":"product-type-simple"},"brands":[{"id":3781,"name":"Beltram\u00e9","slug":"beltrame-es"}],"_links":{"self":[{"href":"https:\/\/www.moskito.cz\/es\/wp-json\/wp\/v2\/product\/355754","targetHints":{"allow":["GET"]}}],"collection":[{"href":"https:\/\/www.moskito.cz\/es\/wp-json\/wp\/v2\/product"}],"about":[{"href":"https:\/\/www.moskito.cz\/es\/wp-json\/wp\/v2\/types\/product"}],"replies":[{"embeddable":true,"href":"https:\/\/www.moskito.cz\/es\/wp-json\/wp\/v2\/comments?post=355754"}],"wp:featuredmedia":[{"embeddable":true,"href":"https:\/\/www.moskito.cz\/es\/wp-json\/wp\/v2\/media\/355378"}],"wp:attachment":[{"href":"https:\/\/www.moskito.cz\/es\/wp-json\/wp\/v2\/media?parent=355754"}],"wp:term":[{"taxonomy":"pwb-brand","embeddable":true,"href":"https:\/\/www.moskito.cz\/es\/wp-json\/wp\/v2\/pwb-brand?post=355754"},{"taxonomy":"product_brand","embeddable":true,"href":"https:\/\/www.moskito.cz\/es\/wp-json\/wp\/v2\/product_brand?post=355754"},{"taxonomy":"product_cat","embeddable":true,"href":"https:\/\/www.moskito.cz\/es\/wp-json\/wp\/v2\/product_cat?post=355754"},{"taxonomy":"product_tag","embeddable":true,"href":"https:\/\/www.moskito.cz\/es\/wp-json\/wp\/v2\/product_tag?post=355754"}],"curies":[{"name":"wp","href":"https:\/\/api.w.org\/{rel}","templated":true}]}}