{"id":355813,"date":"2024-08-09T20:41:12","date_gmt":"2024-08-09T19:42:25","guid":{"rendered":"https:\/\/www.moskito.cz\/produkt\/cuchillo-de-tiro-microtech-hera-ii-lavado-a-la-piedra-1705-10ta\/"},"modified":"2025-05-07T11:22:48","modified_gmt":"2025-05-07T10:22:48","slug":"cuchillo-de-tiro-microtech-hera-ii-lavado-a-la-piedra-1705-10ta","status":"publish","type":"product","link":"https:\/\/www.moskito.cz\/es\/produkt\/cuchillo-de-tiro-microtech-hera-ii-lavado-a-la-piedra-1705-10ta\/","title":{"rendered":"Cuchillo de tiro Microtech Hera II lavado a la piedra 1705-10TA"},"content":{"rendered":"<p>Cuchillo de tiro <strong>Microtech<\/strong> Hera II lavado a la piedra 1705-10TA. <strong>La Hera II<\/strong> es una llamativa navaja autom\u00e1tica frontal de doble acci\u00f3n con un dise\u00f1o de marco ligeramente inspirado en el ic\u00f3nico modelo Troodon. El Hera presenta una ergonom\u00eda mejorada y parches en los extremos mecanizados para un mejor agarre y una est\u00e9tica refinada que aumenta su atractivo general. En particular, el mango est\u00e1 cuidadosamente grabado y no contiene hardware, lo que a\u00f1ade un toque de arte y una sensaci\u00f3n incre\u00edble al dise\u00f1o funcional. El \u00fanico tornillo visible que lo mantiene unido est\u00e1 en la parte posterior, cerca del clip de bolsillo, que es ambidiestro para zurdos. Este exquisito dise\u00f1o encarna sin esfuerzo sofisticaci\u00f3n y funcionalidad, lo que hace <strong>que Hera<\/strong> se destaque como uno de los mejores cuchillos OTF autom\u00e1ticos y polivalentes en un mercado altamente competitivo. Aunque, honestamente, compite principalmente con otros OTF <strong>de Microtech<\/strong> . Su tama\u00f1o es ideal para el combate pero lo suficientemente delgado para el uso diario, su forma est\u00e1 cuidadosamente dise\u00f1ada para lograr el equilibrio ideal entre practicidad y estilo. Hera es un testimonio de la ingenier\u00eda de precisi\u00f3n y los detalles art\u00edsticos, lo que lo convierte en una excelente opci\u00f3n para quienes valoran la combinaci\u00f3n de forma y funci\u00f3n en sus herramientas cotidianas. Especificaciones: Longitud de la hoja: 10 cm Longitud total: 24 cm Acero de la hoja: Acero inoxidable Bohler M390MK Estilo de la hoja: Recurvo Afilado de la hoja: Plano Acabado de la hoja: Lavado a la piedra Material del mango: Aluminio aeron\u00e1utico con grabado profundo Mecanismo de bloqueo: Clip de bolsillo deslizante para el pulgar: Titanio (plegable, derecho \/desgaste izquierdo) Peso: 4,94 oz. Dise\u00f1adores: Tony y Sean Marfione Hecho en EE. UU. https:\/\/youtu.be\/xE9TeOFYEjg  &nbsp;<\/p>\n","protected":false},"excerpt":{"rendered":"<p><strong>A lo largo de los a\u00f1os, Microtech\u00ae Knives ha puesto pasi\u00f3n y habilidad en la creaci\u00f3n de obras de arte que son el pin\u00e1culo de la funci\u00f3n y la forma. Seguimos superando los l\u00edmites y mejorando lo que ya sabemos que funciona. Microtech\u00ae Knives se ha convertido en una marca l\u00edder de cuchillos que evoluciona y avanza constantemente utilizando la \u00faltima tecnolog\u00eda, principios de cuchillas antiguos y m\u00e1ximas pruebas de campo para garantizar que entreguemos el mejor producto posible.<\/strong><\/p>\n<p><strong>Transporte gratuito.<\/strong><\/p>\n","protected":false},"featured_media":355769,"comment_status":"open","ping_status":"closed","template":"","meta":[],"pwb-brand":[3752],"product_brand":[],"product_cat":[3726,3729],"product_tag":[3756],"class_list":{"0":"post-355813","1":"product","2":"type-product","3":"status-publish","4":"has-post-thumbnail","6":"pwb-brand-microtecnologia","7":"product_cat-cuchillos","8":"product_cat-cuchillos-de-tiro","9":"product_tag-b2b-es","11":"first","12":"instock","13":"taxable","14":"shipping-taxable","15":"purchasable","16":"product-type-simple"},"brands":[{"id":3752,"name":"microtecnolog\u00eda","slug":"microtecnologia"}],"_links":{"self":[{"href":"https:\/\/www.moskito.cz\/es\/wp-json\/wp\/v2\/product\/355813","targetHints":{"allow":["GET"]}}],"collection":[{"href":"https:\/\/www.moskito.cz\/es\/wp-json\/wp\/v2\/product"}],"about":[{"href":"https:\/\/www.moskito.cz\/es\/wp-json\/wp\/v2\/types\/product"}],"replies":[{"embeddable":true,"href":"https:\/\/www.moskito.cz\/es\/wp-json\/wp\/v2\/comments?post=355813"}],"wp:featuredmedia":[{"embeddable":true,"href":"https:\/\/www.moskito.cz\/es\/wp-json\/wp\/v2\/media\/355769"}],"wp:attachment":[{"href":"https:\/\/www.moskito.cz\/es\/wp-json\/wp\/v2\/media?parent=355813"}],"wp:term":[{"taxonomy":"pwb-brand","embeddable":true,"href":"https:\/\/www.moskito.cz\/es\/wp-json\/wp\/v2\/pwb-brand?post=355813"},{"taxonomy":"product_brand","embeddable":true,"href":"https:\/\/www.moskito.cz\/es\/wp-json\/wp\/v2\/product_brand?post=355813"},{"taxonomy":"product_cat","embeddable":true,"href":"https:\/\/www.moskito.cz\/es\/wp-json\/wp\/v2\/product_cat?post=355813"},{"taxonomy":"product_tag","embeddable":true,"href":"https:\/\/www.moskito.cz\/es\/wp-json\/wp\/v2\/product_tag?post=355813"}],"curies":[{"name":"wp","href":"https:\/\/api.w.org\/{rel}","templated":true}]}}