{"id":355870,"date":"2024-08-09T21:03:02","date_gmt":"2024-08-09T20:03:02","guid":{"rendered":"https:\/\/www.moskito.cz\/produkt\/cuchillo-de-tiro-microtech-scarab-ii-gen-iii-apocalyptic-1278-10apnc\/"},"modified":"2025-05-07T11:22:50","modified_gmt":"2025-05-07T10:22:50","slug":"cuchillo-de-tiro-microtech-scarab-ii-gen-iii-apocalyptic-1278-10apnc","status":"publish","type":"product","link":"https:\/\/www.moskito.cz\/es\/produkt\/cuchillo-de-tiro-microtech-scarab-ii-gen-iii-apocalyptic-1278-10apnc\/","title":{"rendered":"Cuchillo de tiro Microtech Scarab II Gen III Apocalyptic 1278-10APNC"},"content":{"rendered":"<p>Cuchillo de tiro <strong>Microtech<\/strong> Scarab II Gen III Apocalyptic 1278-10APNC. <strong>El Microtech Scarab II<\/strong> es un cuchillo frontal t\u00e1ctico de alta calidad, basado en el dise\u00f1o original <strong>de Microtech Ultratech<\/strong> . Construido para resistir extremos, <strong>el Scarab II<\/strong> sobresale en operaciones encubiertas de alta intensidad. El Scarab II est\u00e1 dise\u00f1ado para una amplia gama de aplicaciones de utilidad y de combate cuerpo a cuerpo para uso de agencias policiales, militares y gubernamentales calificadas.  El Scarab II est\u00e1 fabricado con los m\u00e1s altos est\u00e1ndares posibles para garantizar la confiabilidad y seguridad en el uso. El Scarab presenta un dise\u00f1o frontal de doble acci\u00f3n (OTF) que se abre y cierra con una sola mano y una hoja de casi cuatro pulgadas, y est\u00e1 fabricado con un mango grande y de f\u00e1cil agarre que incluye un agarre antideslizante. Inserciones en ambos lados. El int\u00e9rprete OTF m\u00e1s popular de Microtech, el Scarab II, est\u00e1 de regreso con actualizaciones innovadoras. El Scarab II 2023 actualizado conserva las caracter\u00edsticas de su predecesor tanto en tama\u00f1o como en estilo, al tiempo que establece un nuevo est\u00e1ndar para la tecnolog\u00eda OTF. Externamente, el Scarab II 2023 se parece a la generaci\u00f3n anterior. La est\u00e9tica cl\u00e1sica de las almohadillas de tracci\u00f3n y el dise\u00f1o de los tornillos Torx en el chasis, as\u00ed como el familiar rompecristales y el clip de bolsillo, aportan uno de nuestros estilos OTF favoritos. El interior, sin embargo, sit\u00faa al Scarab II 2023 en una clase propia. El revolucionario sistema de accionamiento de combustible dual de Microtech no solo permite un f\u00e1cil despliegue, sino que el dise\u00f1o de doble resorte impulsa la hoja hacia adelante con fuerza suficiente para que desplegar el cuchillo bajo el agua no ralentice la acci\u00f3n. El dise\u00f1o actualizado del bolsillo con botones reduce la fricci\u00f3n y facilita el movimiento de la suciedad, lo que reduce la necesidad de mantenimiento y limpieza frecuentes. La \u00faltima innovaci\u00f3n combinada con el aspecto atemporal de Microtech establece un nuevo est\u00e1ndar para cuchillos OTF resistentes y dimensionales. Este Natural Clear OTF est\u00e1 anodizado de una manera que le da a los materiales un hermoso aspecto natural. El proceso de anodizado tambi\u00e9n proporciona una capa protectora fuerte, por lo que esta pieza est\u00e1 lista para un uso intensivo. Caracter\u00edsticas: Clip de bolsillo reversible Dispositivo para romper vidrio integrado en la parte posterior del mango Tornillos Torx Accesorio para cord\u00f3n Bot\u00f3n gatillo grande para colocar guantes Especificaciones: Longitud de la hoja: 9,67 cm Longitud cerrada: 14,37 cm Longitud total: 24 cm Acero de la hoja: Acero inoxidable Bohler Hoja M390MK Estilo: Punta de ca\u00edda Afilado de la hoja: Hoja plana Acabado: Mango apocal\u00edptico Material: Aluminio transparente natural con inserciones de cinta de tracci\u00f3n 3M Mecanismo de bloqueo: Clip de bolsillo deslizante: Acero inoxidable (giratorio, transporte hacia la derecha\/izquierda) Peso: 5,78 oz. Dise\u00f1ador: Tony Marfione Construcci\u00f3n con ranura sangu\u00ednea Torx\/tornillo completo Hecho en EE. UU. https:\/\/youtu.be\/xE9TeOFYEjg  &nbsp;<\/p>\n","protected":false},"excerpt":{"rendered":"<p><strong>A lo largo de los a\u00f1os, Microtech\u00ae Knives ha llenado los cuchillos con pasi\u00f3n y habilidad para crear casi obras de arte que son el pin\u00e1culo de la funcionalidad. Todas las piezas se fabrican en los EE. UU.<\/strong><br \/>\n<strong>Todos los cuchillos Microtech vienen con una garant\u00eda de por vida.<\/strong><\/p>\n<p><strong>Transporte gratuito.<\/strong><\/p>\n","protected":false},"featured_media":355825,"comment_status":"open","ping_status":"closed","template":"","meta":[],"pwb-brand":[3752],"product_brand":[],"product_cat":[3729,3726],"product_tag":[3756],"class_list":{"0":"post-355870","1":"product","2":"type-product","3":"status-publish","4":"has-post-thumbnail","6":"pwb-brand-microtecnologia","7":"product_cat-cuchillos-de-tiro","8":"product_cat-cuchillos","9":"product_tag-b2b-es","11":"first","12":"instock","13":"taxable","14":"shipping-taxable","15":"purchasable","16":"product-type-simple"},"brands":[{"id":3752,"name":"microtecnolog\u00eda","slug":"microtecnologia"}],"_links":{"self":[{"href":"https:\/\/www.moskito.cz\/es\/wp-json\/wp\/v2\/product\/355870","targetHints":{"allow":["GET"]}}],"collection":[{"href":"https:\/\/www.moskito.cz\/es\/wp-json\/wp\/v2\/product"}],"about":[{"href":"https:\/\/www.moskito.cz\/es\/wp-json\/wp\/v2\/types\/product"}],"replies":[{"embeddable":true,"href":"https:\/\/www.moskito.cz\/es\/wp-json\/wp\/v2\/comments?post=355870"}],"wp:featuredmedia":[{"embeddable":true,"href":"https:\/\/www.moskito.cz\/es\/wp-json\/wp\/v2\/media\/355825"}],"wp:attachment":[{"href":"https:\/\/www.moskito.cz\/es\/wp-json\/wp\/v2\/media?parent=355870"}],"wp:term":[{"taxonomy":"pwb-brand","embeddable":true,"href":"https:\/\/www.moskito.cz\/es\/wp-json\/wp\/v2\/pwb-brand?post=355870"},{"taxonomy":"product_brand","embeddable":true,"href":"https:\/\/www.moskito.cz\/es\/wp-json\/wp\/v2\/product_brand?post=355870"},{"taxonomy":"product_cat","embeddable":true,"href":"https:\/\/www.moskito.cz\/es\/wp-json\/wp\/v2\/product_cat?post=355870"},{"taxonomy":"product_tag","embeddable":true,"href":"https:\/\/www.moskito.cz\/es\/wp-json\/wp\/v2\/product_tag?post=355870"}],"curies":[{"name":"wp","href":"https:\/\/api.w.org\/{rel}","templated":true}]}}