{"id":356027,"date":"2019-09-01T13:04:44","date_gmt":"2024-08-12T20:17:28","guid":{"rendered":"https:\/\/www.moskito.cz\/?post_type=product&p=356027"},"modified":"2025-07-11T07:49:46","modified_gmt":"2025-07-11T06:49:46","slug":"cuchillo-de-tiro-microtech-dirac-225-10","status":"publish","type":"product","link":"https:\/\/www.moskito.cz\/es\/produkt\/cuchillo-de-tiro-microtech-dirac-225-10\/","title":{"rendered":"Cuchillo de Tiro Microtech DIRAC 225-10"},"content":{"rendered":"<p>Cuchillo de tiro <strong>Microtech DIRAC<\/strong> 225-10. Cuchillo de tiro M <strong>icrotech DIRAC<\/strong> 225-10 &#8211; Dirac es el primer cuchillo de doble acci\u00f3n de Microtech con mango dise\u00f1ado con l\u00edneas curvas ergon\u00f3micas similares a HALO para una sensaci\u00f3n ligeramente diferente en comparaci\u00f3n con otros mangos. Despu\u00e9s de investigar este dise\u00f1o OTF en particular, Microtech aplic\u00f3 su exclusivo mecanismo interno innovador y rompevidrios de extremadamente alta calidad. Con una longitud total de 18,2 cm, el nuevo Dirac es adecuado para el uso diario. Longitud de la hoja: <span id=\"cwos\" class=\"qv3Wpe\">7,37<\/span> cm Longitud total: <span id=\"cwos\" class=\"qv3Wpe\">18,12<\/span> cm Acero: M390 Estilo de la hoja: Daga de doble filo Afilado de la hoja: Plano Acabado de la hoja: Lavado a la piedra Material del mango: Aluminio 6061-T6, revestimiento duro anodizado negro Mil-Spec Mecanismo de bloqueo: Cubierta deslizante Cierre de bolsillo: Acero inoxidable 301 (plegable) Peso: 2,2 oz. Dise\u00f1ador: Tony Marfione Hecho en EE. UU. https:\/\/youtu.be\/xE9TeOFYEjg?si=_cD7H1ukVfrw59MV       &nbsp;<\/p>\n<p>&nbsp;<\/p>\n","protected":false},"excerpt":{"rendered":"<p>A lo largo de los a\u00f1os, Microtech\u00ae Knives ha llenado los cuchillos con pasi\u00f3n y habilidad para crear casi obras de arte que son el pin\u00e1culo de la funcionalidad. Todas las piezas se fabrican en los EE. UU. Todos los cuchillos Microtech vienen con una garant\u00eda de por vida. Transporte gratuito.<\/p>\n","protected":false},"featured_media":199984,"comment_status":"open","ping_status":"closed","template":"","meta":[],"pwb-brand":[3752],"product_brand":[],"product_cat":[3729,3726],"product_tag":[3756],"class_list":{"0":"post-356027","1":"product","2":"type-product","3":"status-publish","4":"has-post-thumbnail","6":"pwb-brand-microtecnologia","7":"product_cat-cuchillos-de-tiro","8":"product_cat-cuchillos","9":"product_tag-b2b-es","11":"first","12":"instock","13":"sale","14":"taxable","15":"shipping-taxable","16":"purchasable","17":"product-type-simple"},"brands":[{"id":3752,"name":"microtecnolog\u00eda","slug":"microtecnologia"}],"_links":{"self":[{"href":"https:\/\/www.moskito.cz\/es\/wp-json\/wp\/v2\/product\/356027","targetHints":{"allow":["GET"]}}],"collection":[{"href":"https:\/\/www.moskito.cz\/es\/wp-json\/wp\/v2\/product"}],"about":[{"href":"https:\/\/www.moskito.cz\/es\/wp-json\/wp\/v2\/types\/product"}],"replies":[{"embeddable":true,"href":"https:\/\/www.moskito.cz\/es\/wp-json\/wp\/v2\/comments?post=356027"}],"wp:featuredmedia":[{"embeddable":true,"href":"https:\/\/www.moskito.cz\/es\/wp-json\/wp\/v2\/media\/199984"}],"wp:attachment":[{"href":"https:\/\/www.moskito.cz\/es\/wp-json\/wp\/v2\/media?parent=356027"}],"wp:term":[{"taxonomy":"pwb-brand","embeddable":true,"href":"https:\/\/www.moskito.cz\/es\/wp-json\/wp\/v2\/pwb-brand?post=356027"},{"taxonomy":"product_brand","embeddable":true,"href":"https:\/\/www.moskito.cz\/es\/wp-json\/wp\/v2\/product_brand?post=356027"},{"taxonomy":"product_cat","embeddable":true,"href":"https:\/\/www.moskito.cz\/es\/wp-json\/wp\/v2\/product_cat?post=356027"},{"taxonomy":"product_tag","embeddable":true,"href":"https:\/\/www.moskito.cz\/es\/wp-json\/wp\/v2\/product_tag?post=356027"}],"curies":[{"name":"wp","href":"https:\/\/api.w.org\/{rel}","templated":true}]}}