{"id":356108,"date":"2023-07-17T15:11:55","date_gmt":"2024-08-13T12:42:26","guid":{"rendered":"https:\/\/www.moskito.cz\/produkt\/cuchillo-fijo-muela-95-191\/"},"modified":"2025-05-07T11:22:57","modified_gmt":"2025-05-07T10:22:57","slug":"cuchillo-fijo-muela-95-191","status":"publish","type":"product","link":"https:\/\/www.moskito.cz\/es\/produkt\/cuchillo-fijo-muela-95-191\/","title":{"rendered":"Cuchillo Fijo Muela 95-191"},"content":{"rendered":"<p>Cuchillo Fijo <strong>Muela<\/strong> 95-191 Si eres amante de las aventuras al aire libre y buscas un cuchillo de calidad, el cuchillo Muela 95-191 es la opci\u00f3n ideal para ti. Este cuchillo de aventuras es un producto del prestigioso fabricante Muela, que lleva m\u00e1s de 60 a\u00f1os produciendo herramientas de corte de alta calidad. La hoja del cuchillo 95-191 est\u00e1 hecha de acero premium 420H, lo que le confiere una alta dureza de 57-58 HRC, lo que significa que es capaz de mantener su filo durante mucho tiempo. Adem\u00e1s, la hoja tiene un tama\u00f1o de 19 cm, lo que la hace ideal para una amplia gama de usos. El mango del cuchillo Muela 95-191 est\u00e1 fabricado en goma de color negro, lo que proporciona un agarre firme y seguro incluso en condiciones dif\u00edciles. Esta caracter\u00edstica es especialmente \u00fatil para actividades al aire libre donde el cuchillo puede mojarse o ensuciarse. El agarre tambi\u00e9n es muy c\u00f3modo y se adapta perfectamente a la mano del usuario, reduciendo la fatiga durante el uso prolongado. El cuchillo tambi\u00e9n viene con una funda de cuero para asegurar y proteger la hoja cuando no est\u00e9 en uso. La funda es muy resistente, duradera y ha sido dise\u00f1ada espec\u00edficamente para este cuchillo, lo que significa que se ajusta bien para evitar resbalones y mantenerlo protegido en todo momento. El cuchillo Muela 95-191 tiene un tama\u00f1o total de 31,5 cm y un peso de 390 gramos, lo que lo hace f\u00e1cil de transportar y manipular en cualquier situaci\u00f3n. Si buscas un cuchillo de calidad, duradero y fiable para tus aventuras al aire libre, el cuchillo Muela 95-191 es una excelente elecci\u00f3n. \u00a1Consigue el tuyo y disfruta de una experiencia de corte \u00fanica! Hoja de acero 420H de alta calidad y dureza 57-58 HRC Mango de goma negra para un agarre firme y c\u00f3modo Funda de cuero resistente y duradera Tama\u00f1o total 31,5 cm y peso 390 gramos              &nbsp;<\/p>\n","protected":false},"excerpt":{"rendered":"<p><strong>Si eres amante de las aventuras al aire libre y buscas un cuchillo de calidad, el cuchillo Muela 95-191 es la elecci\u00f3n perfecta para ti.<\/strong><\/p>\n","protected":false},"featured_media":356113,"comment_status":"open","ping_status":"closed","template":"","meta":[],"pwb-brand":[3908],"product_brand":[],"product_cat":[3726,3727],"product_tag":[3756],"class_list":{"0":"post-356108","1":"product","2":"type-product","3":"status-publish","4":"has-post-thumbnail","6":"pwb-brand-ella-tenia-que","7":"product_cat-cuchillos","8":"product_cat-cuchillos-macizos","9":"product_tag-b2b-es","11":"first","12":"instock","13":"taxable","14":"shipping-taxable","15":"purchasable","16":"product-type-simple"},"brands":[{"id":3908,"name":"Ella ten\u00eda que","slug":"ella-tenia-que"}],"_links":{"self":[{"href":"https:\/\/www.moskito.cz\/es\/wp-json\/wp\/v2\/product\/356108","targetHints":{"allow":["GET"]}}],"collection":[{"href":"https:\/\/www.moskito.cz\/es\/wp-json\/wp\/v2\/product"}],"about":[{"href":"https:\/\/www.moskito.cz\/es\/wp-json\/wp\/v2\/types\/product"}],"replies":[{"embeddable":true,"href":"https:\/\/www.moskito.cz\/es\/wp-json\/wp\/v2\/comments?post=356108"}],"wp:featuredmedia":[{"embeddable":true,"href":"https:\/\/www.moskito.cz\/es\/wp-json\/wp\/v2\/media\/356113"}],"wp:attachment":[{"href":"https:\/\/www.moskito.cz\/es\/wp-json\/wp\/v2\/media?parent=356108"}],"wp:term":[{"taxonomy":"pwb-brand","embeddable":true,"href":"https:\/\/www.moskito.cz\/es\/wp-json\/wp\/v2\/pwb-brand?post=356108"},{"taxonomy":"product_brand","embeddable":true,"href":"https:\/\/www.moskito.cz\/es\/wp-json\/wp\/v2\/product_brand?post=356108"},{"taxonomy":"product_cat","embeddable":true,"href":"https:\/\/www.moskito.cz\/es\/wp-json\/wp\/v2\/product_cat?post=356108"},{"taxonomy":"product_tag","embeddable":true,"href":"https:\/\/www.moskito.cz\/es\/wp-json\/wp\/v2\/product_tag?post=356108"}],"curies":[{"name":"wp","href":"https:\/\/api.w.org\/{rel}","templated":true}]}}