{"id":356136,"date":"2024-08-13T13:38:49","date_gmt":"2024-08-13T12:42:41","guid":{"rendered":"https:\/\/www.moskito.cz\/produkt\/cuchillo-fijo-muela-scorpion-19w\/"},"modified":"2025-05-07T11:22:58","modified_gmt":"2025-05-07T10:22:58","slug":"cuchillo-fijo-muela-scorpion-19w","status":"publish","type":"product","link":"https:\/\/www.moskito.cz\/es\/produkt\/cuchillo-fijo-muela-scorpion-19w\/","title":{"rendered":"Cuchillo Fijo Muela SCORPION-19W"},"content":{"rendered":"<p>Cuchillo Fijo <strong>Muela<\/strong> SCORPION-19W. El cuchillo t\u00e1ctico Muela tiene un mango de goma y una protecci\u00f3n de doble cara. El mango est\u00e1 rugoso con estr\u00edas por todas partes, el extremo del mango tiene un orificio con un remache hueco de lat\u00f3n para pasar un cord\u00f3n de mu\u00f1eca. Cuchillo de combate Muela Scorpion 19W indicado para fines de combate, autodefensa, supervivencia o amantes de los cuchillos militares. Tiene una hoja de Daga s\u00f3lida con un borde liso de acero molibdeno vanadio con acabado satinado. Con protector de doble cara de metal negro para proteger la mano. El mango es de goma negra, con una superficie texturizada para evitar resbalones en la mano. Longitud total: 31 cm Longitud de la hoja: 19 cm Peso: 441 g Material de la hoja: X50CrMoV15 Material del mango: caucho Funda: Cuero negro       <\/p>\n","protected":false},"excerpt":{"rendered":"<p><strong>El cuchillo t\u00e1ctico Muela tiene un mango de goma y una protecci\u00f3n de doble cara. El mango est\u00e1 rugoso con estr\u00edas por todas partes, el extremo del mango tiene un orificio con un remache hueco de lat\u00f3n para pasar un cord\u00f3n de mu\u00f1eca. <\/strong><\/p>\n","protected":false},"featured_media":356074,"comment_status":"open","ping_status":"closed","template":"","meta":[],"pwb-brand":[3908],"product_brand":[],"product_cat":[3727,3726],"product_tag":[3756],"class_list":{"0":"post-356136","1":"product","2":"type-product","3":"status-publish","4":"has-post-thumbnail","6":"pwb-brand-ella-tenia-que","7":"product_cat-cuchillos-macizos","8":"product_cat-cuchillos","9":"product_tag-b2b-es","11":"first","12":"outofstock","13":"taxable","14":"shipping-taxable","15":"purchasable","16":"product-type-simple"},"brands":[{"id":3908,"name":"Ella ten\u00eda que","slug":"ella-tenia-que"}],"_links":{"self":[{"href":"https:\/\/www.moskito.cz\/es\/wp-json\/wp\/v2\/product\/356136","targetHints":{"allow":["GET"]}}],"collection":[{"href":"https:\/\/www.moskito.cz\/es\/wp-json\/wp\/v2\/product"}],"about":[{"href":"https:\/\/www.moskito.cz\/es\/wp-json\/wp\/v2\/types\/product"}],"replies":[{"embeddable":true,"href":"https:\/\/www.moskito.cz\/es\/wp-json\/wp\/v2\/comments?post=356136"}],"wp:featuredmedia":[{"embeddable":true,"href":"https:\/\/www.moskito.cz\/es\/wp-json\/wp\/v2\/media\/356074"}],"wp:attachment":[{"href":"https:\/\/www.moskito.cz\/es\/wp-json\/wp\/v2\/media?parent=356136"}],"wp:term":[{"taxonomy":"pwb-brand","embeddable":true,"href":"https:\/\/www.moskito.cz\/es\/wp-json\/wp\/v2\/pwb-brand?post=356136"},{"taxonomy":"product_brand","embeddable":true,"href":"https:\/\/www.moskito.cz\/es\/wp-json\/wp\/v2\/product_brand?post=356136"},{"taxonomy":"product_cat","embeddable":true,"href":"https:\/\/www.moskito.cz\/es\/wp-json\/wp\/v2\/product_cat?post=356136"},{"taxonomy":"product_tag","embeddable":true,"href":"https:\/\/www.moskito.cz\/es\/wp-json\/wp\/v2\/product_tag?post=356136"}],"curies":[{"name":"wp","href":"https:\/\/api.w.org\/{rel}","templated":true}]}}