{"id":356228,"date":"2024-08-13T13:55:06","date_gmt":"2024-08-13T20:03:31","guid":{"rendered":"https:\/\/www.moskito.cz\/produkt\/cuchillo-fijo-muela-tanto-19w\/"},"modified":"2025-05-07T11:23:00","modified_gmt":"2025-05-07T10:23:00","slug":"cuchillo-fijo-muela-tanto-19w","status":"publish","type":"product","link":"https:\/\/www.moskito.cz\/es\/produkt\/cuchillo-fijo-muela-tanto-19w\/","title":{"rendered":"Cuchillo Fijo Muela TANTO-19W"},"content":{"rendered":"<p>Cuchillo Fijo <strong>Muela<\/strong> TANTO-19W. Cuchillo <strong>Muela TANTO-19W<\/strong> de hoja fija de la empresa espa\u00f1ola Muela, construcci\u00f3n de espiga completa. Fabricado en acero molibdeno vanadio MoVa. Extremadamente duradero con una hoja enorme, puede soportar cualquier trabajo en cualquier condici\u00f3n sin sufrir da\u00f1os. Ideal para acampar como cuchillo t\u00e1ctico, cuchillo de supervivencia, cuchillo de caza, cuchillo EDC. La hoja es maciza con perfil Tanto, espesor de 5,4 mm, endurecida en el rango de 57-58 HRC. Fabricado en acero inoxidable X50CrMoV15, resistente, con buen filo, acero al molibdeno vanadio. La hoja est\u00e1 cubierta con una superficie satinada no reflectante (semimate), que elimina el deslumbramiento. Un disco liso, tipo plano, con rectificado hueco, proporciona buenas propiedades de corte. El mango est\u00e1 recubierto de caucho sint\u00e9tico endurecido en color negro, garantiza un muy buen agarre. El cuchillo no se le escapar\u00e1 de la mano y el agarre fuerte y seguro le permitir\u00e1 realizar movimientos precisos con el cuchillo.          En la parte posterior del mango hay un orificio ampliado para la cuerda. La funda est\u00e1 hecha de cuero negro y se cierra con un pestillo que permite transferir el cuchillo de forma segura. Fabricada en piel y nailon impermeable. Los bordes de la funda estaban cosidos con hilo decorativo. CUCHILLOS T\u00c1CTICOS MUELA inscripci\u00f3n en el cuero. La funda tiene un cintur\u00f3n o equipo que permite llevar el cuchillo en posici\u00f3n vertical. Acero: X50CrMoV15 Longitud de la hoja: 19 cm Grosor de la hoja: 0,54 cm Longitud total: 3,23 cm Peso: 330 g Tipo de hoja: Tanto Material del mango: Goma Funda: Piel y nylon Fabricante: Muela, Espa\u00f1a     <\/p>\n","protected":false},"excerpt":{"rendered":"<p><strong>Cuchillo macizo de la empresa espa\u00f1ola Muela con hoja tanto de uso universal.<\/strong><\/p>\n","protected":false},"featured_media":356151,"comment_status":"open","ping_status":"closed","template":"","meta":[],"pwb-brand":[3908],"product_brand":[],"product_cat":[3726,3727],"product_tag":[3756],"class_list":{"0":"post-356228","1":"product","2":"type-product","3":"status-publish","4":"has-post-thumbnail","6":"pwb-brand-ella-tenia-que","7":"product_cat-cuchillos","8":"product_cat-cuchillos-macizos","9":"product_tag-b2b-es","11":"first","12":"instock","13":"taxable","14":"shipping-taxable","15":"purchasable","16":"product-type-simple"},"brands":[{"id":3908,"name":"Ella ten\u00eda que","slug":"ella-tenia-que"}],"_links":{"self":[{"href":"https:\/\/www.moskito.cz\/es\/wp-json\/wp\/v2\/product\/356228","targetHints":{"allow":["GET"]}}],"collection":[{"href":"https:\/\/www.moskito.cz\/es\/wp-json\/wp\/v2\/product"}],"about":[{"href":"https:\/\/www.moskito.cz\/es\/wp-json\/wp\/v2\/types\/product"}],"replies":[{"embeddable":true,"href":"https:\/\/www.moskito.cz\/es\/wp-json\/wp\/v2\/comments?post=356228"}],"wp:featuredmedia":[{"embeddable":true,"href":"https:\/\/www.moskito.cz\/es\/wp-json\/wp\/v2\/media\/356151"}],"wp:attachment":[{"href":"https:\/\/www.moskito.cz\/es\/wp-json\/wp\/v2\/media?parent=356228"}],"wp:term":[{"taxonomy":"pwb-brand","embeddable":true,"href":"https:\/\/www.moskito.cz\/es\/wp-json\/wp\/v2\/pwb-brand?post=356228"},{"taxonomy":"product_brand","embeddable":true,"href":"https:\/\/www.moskito.cz\/es\/wp-json\/wp\/v2\/product_brand?post=356228"},{"taxonomy":"product_cat","embeddable":true,"href":"https:\/\/www.moskito.cz\/es\/wp-json\/wp\/v2\/product_cat?post=356228"},{"taxonomy":"product_tag","embeddable":true,"href":"https:\/\/www.moskito.cz\/es\/wp-json\/wp\/v2\/product_tag?post=356228"}],"curies":[{"name":"wp","href":"https:\/\/api.w.org\/{rel}","templated":true}]}}