{"id":356281,"date":"2024-08-14T09:20:16","date_gmt":"2024-08-14T08:20:43","guid":{"rendered":"https:\/\/www.moskito.cz\/produkt\/cuchillo-fijo-muela-jabali-17m\/"},"modified":"2025-05-07T11:23:04","modified_gmt":"2025-05-07T10:23:04","slug":"cuchillo-fijo-muela-jabali-17m","status":"publish","type":"product","link":"https:\/\/www.moskito.cz\/es\/produkt\/cuchillo-fijo-muela-jabali-17m\/","title":{"rendered":"Cuchillo Fijo Muela JABALI-17M"},"content":{"rendered":"<p>Cuchillo Fijo <strong>Muela<\/strong> JABALI-17M Jabali Micarta Negra, cuchillo de caza satinado de hoja fija de Muela con perfil Drop Point. Alta calidad, detalles minuciosos, cuchillo para coleccionistas, amantes de la caza. Mango de micarta, antideslizante. Estuche de cuero. 1.4116, X50CrMoV15: acero al molibdeno vanadio utilizado para cuchillos, cubiertos e instrumentos quir\u00fargicos de alta gama. Se caracteriza por una dureza relativamente alta como en los aceros inoxidables. Resistente a la corrosi\u00f3n en condiciones de cocina. Es una alternativa recomendada al material 1.4034 \/ X46Cr13 \/ 4H13. La composici\u00f3n qu\u00edmica se enriquece con el contenido de cromo, molibdeno y la adici\u00f3n de vanadio. Hoja: extremadamente afilada con forma Drop Point, ideal para supervivencia y caza. La hoja Plain se deriva de Hollow Grind, que proporciona una excelente geometr\u00eda de hoja y un rendimiento de corte extremo. Una hoja falsa en la parte posterior de la hoja aumenta la capacidad de corte del cuchillo. Toda la pala est\u00e1 rematada con un elegante acabado satinado. El gran ricasso inferior protege la mano contra el deslizamiento sobre la hoja. El ricasso de longitud completa le permite apoyar el dedo delante del mango, lo que se traduce en una gu\u00eda de la hoja mucho m\u00e1s precisa. Mango &#8211; hecho de Micarta, lona prensada a presi\u00f3n con resina sint\u00e9tica. Superficie de revestimiento texturizada para un agarre c\u00f3modo. El mango estaba atornillado directamente al estribo, lo que hac\u00eda que toda la estructura fuera muy r\u00edgida y duradera. Funda: cuero marr\u00f3n natural cosido a mano con el logotipo del fabricante en relieve. Adjuntarlo a un cintur\u00f3n o armadura permite transportar el cuchillo en posici\u00f3n vertical. Grupo Muela es actualmente una de las empresas l\u00edderes en el sector de los cuchillos de caza artesanales, tanto en Espa\u00f1a como a nivel mundial, y sus cuchillos y navajas gozan de gran prestigio por su superior calidad de elaboraci\u00f3n. Especificaciones: N\u00famero de producto: JABALI-17M Nombre del producto: Jabali Black Micarta, Satin Longitud total: 30 cm\/11,8&#8243; Longitud de la hoja: 17 cm\/6,69&#8243; Longitud del mango: 13 cm\/5,12&#8243; Grosor de la hoja: 0,45 cm\/0,18&#8243; Grosor del mango: nd Peso : 371,0 g \/ 13,1 oz Material de la hoja: X50CrMoV15 Dureza de la hoja: nd Afilado de la hoja: Hueco Acabado de la hoja: Sat\u00e9n Material del mango: Micarta Color del acabado del mango: Negro Funda (estuche): Cuero Otros accesorios: Ninguno Dise\u00f1ador: Muela Marca: Muela Fabricante: Manufacturas Muela, SA, Espa\u00f1a Pa\u00eds de origen: Espa\u00f1a  &nbsp;<\/p>\n","protected":false},"excerpt":{"rendered":"<p><strong>Jabali Black Micarta, cuchillo de caza satinado de hoja fija de Muel con perfil Drop Point. Alta calidad, detalles minuciosos, cuchillo para coleccionistas, amantes de la caza.<\/strong><\/p>\n","protected":false},"featured_media":356250,"comment_status":"open","ping_status":"closed","template":"","meta":[],"pwb-brand":[3908],"product_brand":[],"product_cat":[3726,3727],"product_tag":[3756],"class_list":{"0":"post-356281","1":"product","2":"type-product","3":"status-publish","4":"has-post-thumbnail","6":"pwb-brand-ella-tenia-que","7":"product_cat-cuchillos","8":"product_cat-cuchillos-macizos","9":"product_tag-b2b-es","11":"first","12":"outofstock","13":"taxable","14":"shipping-taxable","15":"purchasable","16":"product-type-simple"},"brands":[{"id":3908,"name":"Ella ten\u00eda que","slug":"ella-tenia-que"}],"_links":{"self":[{"href":"https:\/\/www.moskito.cz\/es\/wp-json\/wp\/v2\/product\/356281","targetHints":{"allow":["GET"]}}],"collection":[{"href":"https:\/\/www.moskito.cz\/es\/wp-json\/wp\/v2\/product"}],"about":[{"href":"https:\/\/www.moskito.cz\/es\/wp-json\/wp\/v2\/types\/product"}],"replies":[{"embeddable":true,"href":"https:\/\/www.moskito.cz\/es\/wp-json\/wp\/v2\/comments?post=356281"}],"wp:featuredmedia":[{"embeddable":true,"href":"https:\/\/www.moskito.cz\/es\/wp-json\/wp\/v2\/media\/356250"}],"wp:attachment":[{"href":"https:\/\/www.moskito.cz\/es\/wp-json\/wp\/v2\/media?parent=356281"}],"wp:term":[{"taxonomy":"pwb-brand","embeddable":true,"href":"https:\/\/www.moskito.cz\/es\/wp-json\/wp\/v2\/pwb-brand?post=356281"},{"taxonomy":"product_brand","embeddable":true,"href":"https:\/\/www.moskito.cz\/es\/wp-json\/wp\/v2\/product_brand?post=356281"},{"taxonomy":"product_cat","embeddable":true,"href":"https:\/\/www.moskito.cz\/es\/wp-json\/wp\/v2\/product_cat?post=356281"},{"taxonomy":"product_tag","embeddable":true,"href":"https:\/\/www.moskito.cz\/es\/wp-json\/wp\/v2\/product_tag?post=356281"}],"curies":[{"name":"wp","href":"https:\/\/api.w.org\/{rel}","templated":true}]}}