{"id":356297,"date":"2023-07-17T16:27:08","date_gmt":"2023-07-17T15:27:08","guid":{"rendered":"https:\/\/www.moskito.cz\/produkt\/cuchillo-fijo-muela-bufalo-17m\/"},"modified":"2025-11-24T17:22:02","modified_gmt":"2025-11-24T16:22:02","slug":"cuchillo-fijo-muela-bufalo-17m","status":"publish","type":"product","link":"https:\/\/www.moskito.cz\/es\/produkt\/cuchillo-fijo-muela-bufalo-17m\/","title":{"rendered":"Cuchillo Fijo Muela BUFALO-17M"},"content":{"rendered":"<p>Cuchillo fijo <strong>Muela<\/strong> BUFALO-17M<\/p>\n<p> Cuchillo de caza y exterior grande y robusto con un tama\u00f1o total de 290 mm y un peso de 320 gramos, fabricado en Espa\u00f1a.<br \/>\n Hoja de acero inoxidable, forma especial CIP, muy afilada, longitud 170 mm, f\u00e1cil de afilar, inscripciones Muela que confirman la originalidad de los cuchillos.<br \/>\n Mango grande y robusto de madera gris y n\u00edquel, protecci\u00f3n s\u00f3lida, ranuras para los dedos para un buen agarre, tama\u00f1o 120 mm.<br \/>\n Funda de cuero negro de alta calidad, cierre a presi\u00f3n, ofrece protecci\u00f3n para el cuchillo.<\/p>\n<p> Material de la hoja: MoVa<br \/>\n Material del mango: Pakka<br \/>\n Material de la caja: Cuero<br \/>\n Longitud de la hoja: 17 cm<br \/>\n Longitud total: 29 cm<br \/>\n Longitud del mango: 12,5 cm<br \/>\n Altura de la hoja: 16 cm<br \/>\n Peso: 320g<\/p>\n<p>&nbsp;<\/p>\n","protected":false},"excerpt":{"rendered":"<p><strong>Un cuchillo de caza y outdoor grande y robusto con un tama\u00f1o total de 290 mm y un peso de 320 gramos, fabricado en Espa\u00f1a.<\/strong><\/p>\n","protected":false},"featured_media":356298,"comment_status":"open","ping_status":"closed","template":"","meta":[],"pwb-brand":[3908],"product_brand":[],"product_cat":[3727,3726],"product_tag":[3756],"class_list":{"0":"post-356297","1":"product","2":"type-product","3":"status-publish","4":"has-post-thumbnail","6":"pwb-brand-ella-tenia-que","7":"product_cat-cuchillos-macizos","8":"product_cat-cuchillos","9":"product_tag-b2b-es","11":"first","12":"outofstock","13":"taxable","14":"shipping-taxable","15":"purchasable","16":"product-type-simple"},"brands":[{"id":3908,"name":"Ella ten\u00eda que","slug":"ella-tenia-que"}],"_links":{"self":[{"href":"https:\/\/www.moskito.cz\/es\/wp-json\/wp\/v2\/product\/356297","targetHints":{"allow":["GET"]}}],"collection":[{"href":"https:\/\/www.moskito.cz\/es\/wp-json\/wp\/v2\/product"}],"about":[{"href":"https:\/\/www.moskito.cz\/es\/wp-json\/wp\/v2\/types\/product"}],"replies":[{"embeddable":true,"href":"https:\/\/www.moskito.cz\/es\/wp-json\/wp\/v2\/comments?post=356297"}],"wp:featuredmedia":[{"embeddable":true,"href":"https:\/\/www.moskito.cz\/es\/wp-json\/wp\/v2\/media\/356298"}],"wp:attachment":[{"href":"https:\/\/www.moskito.cz\/es\/wp-json\/wp\/v2\/media?parent=356297"}],"wp:term":[{"taxonomy":"pwb-brand","embeddable":true,"href":"https:\/\/www.moskito.cz\/es\/wp-json\/wp\/v2\/pwb-brand?post=356297"},{"taxonomy":"product_brand","embeddable":true,"href":"https:\/\/www.moskito.cz\/es\/wp-json\/wp\/v2\/product_brand?post=356297"},{"taxonomy":"product_cat","embeddable":true,"href":"https:\/\/www.moskito.cz\/es\/wp-json\/wp\/v2\/product_cat?post=356297"},{"taxonomy":"product_tag","embeddable":true,"href":"https:\/\/www.moskito.cz\/es\/wp-json\/wp\/v2\/product_tag?post=356297"}],"curies":[{"name":"wp","href":"https:\/\/api.w.org\/{rel}","templated":true}]}}