{"id":356315,"date":"2023-07-17T15:55:37","date_gmt":"2024-08-14T08:31:28","guid":{"rendered":"https:\/\/www.moskito.cz\/produkt\/cuchillo-macizo-muela-caribu-ol\/"},"modified":"2025-05-07T11:23:06","modified_gmt":"2025-05-07T10:23:06","slug":"cuchillo-macizo-muela-caribu-ol","status":"publish","type":"product","link":"https:\/\/www.moskito.cz\/es\/produkt\/cuchillo-macizo-muela-caribu-ol\/","title":{"rendered":"Cuchillo Macizo Muela CARIBU.OL"},"content":{"rendered":"<p>Cuchillo Fijo <strong>Muela<\/strong> CARIBU.OL Cuchillo de caza y deportivo fabricado por la empresa espa\u00f1ola Muela modelo CARIBU.OL, indicado especialmente para trabajos de acabado y caza. Hoja enteriza fabricada en acero MoVa (1.4116). Mango de madera de olivo. Guarda y pomo de lat\u00f3n. Funda de piel marr\u00f3n. Caribu.G, cuchillo Remate original de la empresa espa\u00f1ola <strong>Muela<\/strong> . Alta calidad de los materiales utilizados y procesamiento preciso. Un cuchillo ideal para coleccionistas, amantes de la caza y personas que aprecian un estilo de vida activo. REMATE: en la tradici\u00f3n cineg\u00e9tica de Espa\u00f1a, Portugal y el sur de Francia, un cuchillo que usan los cazadores cuando cazan jabal\u00edes con perros. REMATE significa literalmente \u00abcompletar\u00bb. Esta palabra se refiere a todos los cuchillos de doble filo cuya longitud de hoja supera los 17 cm; en Francia, incluyen los cuchillos de bayoneta.           1.4116, X50CrMoV15: acero al molibdeno vanadio utilizado para cuchillos, cubiertos e instrumentos quir\u00fargicos de alta gama. Se caracteriza por una dureza relativamente alta como en los aceros inoxidables. Resistente a la corrosi\u00f3n en condiciones de cocina. Es una alternativa recomendada al material 1.4034 \/ X46Cr13 \/ 4H13. La composici\u00f3n qu\u00edmica se enriquece con el contenido de cromo, molibdeno y la adici\u00f3n de vanadio. Hoja: extremadamente afilada con forma de daga, que recuerda a la punta de una lanza. Excelente para aplicaciones de supervivencia y caza. La hoja lisa en ambos lados se obtuvo de un rectificado c\u00f3ncavo (Hollow Grind), que proporciona una excelente geometr\u00eda de la hoja y un rendimiento de corte extremo. Todo est\u00e1 acabado con un elegante acabado satinado. Una gran empu\u00f1adura superior e inferior protege la mano contra resbalones sobre la hoja. El mango est\u00e1 hecho de madera de olivo, lo que proporciona un agarre seguro en todas las condiciones y una excelente absorci\u00f3n de vibraciones.      Superficie de revestimiento texturizada para un agarre c\u00f3modo. El mango se asienta directamente sobre el mandril, lo que hace que toda la estructura sea muy r\u00edgida y duradera. Funda: cuero marr\u00f3n natural cosido a mano con el logotipo del fabricante en relieve. Adjuntarlo a un cintur\u00f3n o armadura permite transportar el cuchillo en posici\u00f3n vertical. Grupo Muela es actualmente una de las empresas l\u00edderes en el sector de los cuchillos de caza artesanales, tanto en Espa\u00f1a como a nivel mundial, y sus cuchillos y navajas gozan de gran prestigio por su superior calidad de elaboraci\u00f3n.  &nbsp;  Largo total: 33.0 cm Largo de la hoja: 20.5 cm Grosor de la hoja: &#8211; Tipo de acero: MoVa (1.4116) Dureza del acero: 57-61 HRC Estilo de hoja: daga Tipo de ahuecamiento: Plano Acabado de la hoja: satinado Tipo de filo: Liso Longitud mangos: 12.5 cm Mango Material: Oliva y lat\u00f3n Color mango: Marr\u00f3n Peso: 390 gramos Funda de piel Pa\u00eds de origen: Espa\u00f1a  &nbsp;<\/p>\n<p>&nbsp;<\/p>\n<p>&nbsp;<\/p>\n","protected":false},"excerpt":{"rendered":"<p><strong>Caribu.G, el cuchillo Remate original de la empresa espa\u00f1ola Muela. Alta calidad de los materiales utilizados y procesamiento preciso. Un cuchillo ideal para coleccionistas, amantes de la caza y personas que aprecian un estilo de vida activo.  <\/strong><\/p>\n","protected":false},"featured_media":356316,"comment_status":"open","ping_status":"closed","template":"","meta":[],"pwb-brand":[3908],"product_brand":[],"product_cat":[3726,3727],"product_tag":[3756],"class_list":{"0":"post-356315","1":"product","2":"type-product","3":"status-publish","4":"has-post-thumbnail","6":"pwb-brand-ella-tenia-que","7":"product_cat-cuchillos","8":"product_cat-cuchillos-macizos","9":"product_tag-b2b-es","11":"first","12":"instock","13":"taxable","14":"shipping-taxable","15":"purchasable","16":"product-type-simple"},"brands":[{"id":3908,"name":"Ella ten\u00eda que","slug":"ella-tenia-que"}],"_links":{"self":[{"href":"https:\/\/www.moskito.cz\/es\/wp-json\/wp\/v2\/product\/356315","targetHints":{"allow":["GET"]}}],"collection":[{"href":"https:\/\/www.moskito.cz\/es\/wp-json\/wp\/v2\/product"}],"about":[{"href":"https:\/\/www.moskito.cz\/es\/wp-json\/wp\/v2\/types\/product"}],"replies":[{"embeddable":true,"href":"https:\/\/www.moskito.cz\/es\/wp-json\/wp\/v2\/comments?post=356315"}],"wp:featuredmedia":[{"embeddable":true,"href":"https:\/\/www.moskito.cz\/es\/wp-json\/wp\/v2\/media\/356316"}],"wp:attachment":[{"href":"https:\/\/www.moskito.cz\/es\/wp-json\/wp\/v2\/media?parent=356315"}],"wp:term":[{"taxonomy":"pwb-brand","embeddable":true,"href":"https:\/\/www.moskito.cz\/es\/wp-json\/wp\/v2\/pwb-brand?post=356315"},{"taxonomy":"product_brand","embeddable":true,"href":"https:\/\/www.moskito.cz\/es\/wp-json\/wp\/v2\/product_brand?post=356315"},{"taxonomy":"product_cat","embeddable":true,"href":"https:\/\/www.moskito.cz\/es\/wp-json\/wp\/v2\/product_cat?post=356315"},{"taxonomy":"product_tag","embeddable":true,"href":"https:\/\/www.moskito.cz\/es\/wp-json\/wp\/v2\/product_tag?post=356315"}],"curies":[{"name":"wp","href":"https:\/\/api.w.org\/{rel}","templated":true}]}}