{"id":356356,"date":"2024-08-14T09:42:07","date_gmt":"2024-08-14T08:43:03","guid":{"rendered":"https:\/\/www.moskito.cz\/produkt\/cuchillo-fijo-muela-jabali-17r\/"},"modified":"2025-05-07T11:23:06","modified_gmt":"2025-05-07T10:23:06","slug":"cuchillo-fijo-muela-jabali-17r","status":"publish","type":"product","link":"https:\/\/www.moskito.cz\/es\/produkt\/cuchillo-fijo-muela-jabali-17r\/","title":{"rendered":"Cuchillo Fijo Muela JABALI-17R"},"content":{"rendered":"<p>Cuchillo Fijo <strong>Muela<\/strong> JABALI-17R. <strong>El JABALI-17R<\/strong> es una versi\u00f3n compacta del cuchillo JABALI-21R de tama\u00f1o completo de Muel. Perfectamente equilibrado y duradero, un compa\u00f1ero de ensue\u00f1o durante las misiones de supervivencia o fuera de la ciudad. Un cuchillo cl\u00e1sico con hoja fija y espiga completa, fabricado con excelente acero MoVa molibdeno-vanadio. Hoja: afilada y maciza, de 4,5 mm de grosor, con perfil Bowie y ranura para sangre en ambos lados. Hecho de acero inoxidable duradero de molibdeno-vanadio X50CrMoV15 endurecido 57-58 HRC. Recubierto con una capa antirreflectante de acabado satinado (semimate). La hoja lisa (tipo Plaint) fue fabricada con un afilado c\u00f3ncavo (Hollow Grind) que permite un corte preciso tanto con la superficie de corte como con la punta ultrafina. El mango, perfilado y recubierto con una chapa de madera de pakka lacada en color marr\u00f3n, garantiza un aspecto exclusivo y un agarre seguro. El mango est\u00e1 acabado con una cabeza decorativa de lat\u00f3n pulido. Estuche de cuero marr\u00f3n natural. Funda con logo del fabricante en relieve. Cierre a presi\u00f3n Prym con escudo de la empresa en relieve. La funda estaba cosida con hilo decorativo. La fijaci\u00f3n a un cintur\u00f3n o accesorio permite que el cuchillo se mueva en posici\u00f3n vertical. Especificaci\u00f3n t\u00e9cnica: N\u00famero de producto: JABALI-17R Tipo de acero: X50CrMoV15 Longitud de la hoja: 170,0 mm\/6,69&#8243; Grosor de la hoja: 4,5 mm\/0,16&#8243; Longitud total: 300,0 mm\/11,81&#8243; Peso: 433,0 g\/15,27 oz Tipo de hoja: Tipo de hoja lisa : Tipo de corte Bowie: C\u00f3ncavo Forro del mango: Madera de pakka (Coral pakkawood) Vaina: Cuero Fabricante: Muela, Espa\u00f1a  &nbsp;<\/p>\n","protected":false},"excerpt":{"rendered":"<p><strong>Perfectamente equilibrado y duradero, un compa\u00f1ero de ensue\u00f1o durante las misiones de supervivencia o fuera de la ciudad. Cuchillo cl\u00e1sico con hoja fija y construcci\u00f3n de espiga completa, fabricado en excelente acero MoVa molibdeno-vanadio.<\/strong><\/p>\n","protected":false},"featured_media":356331,"comment_status":"open","ping_status":"closed","template":"","meta":[],"pwb-brand":[3908],"product_brand":[],"product_cat":[3726,3727],"product_tag":[3756],"class_list":{"0":"post-356356","1":"product","2":"type-product","3":"status-publish","4":"has-post-thumbnail","6":"pwb-brand-ella-tenia-que","7":"product_cat-cuchillos","8":"product_cat-cuchillos-macizos","9":"product_tag-b2b-es","11":"first","12":"instock","13":"taxable","14":"shipping-taxable","15":"purchasable","16":"product-type-simple"},"brands":[{"id":3908,"name":"Ella ten\u00eda que","slug":"ella-tenia-que"}],"_links":{"self":[{"href":"https:\/\/www.moskito.cz\/es\/wp-json\/wp\/v2\/product\/356356","targetHints":{"allow":["GET"]}}],"collection":[{"href":"https:\/\/www.moskito.cz\/es\/wp-json\/wp\/v2\/product"}],"about":[{"href":"https:\/\/www.moskito.cz\/es\/wp-json\/wp\/v2\/types\/product"}],"replies":[{"embeddable":true,"href":"https:\/\/www.moskito.cz\/es\/wp-json\/wp\/v2\/comments?post=356356"}],"wp:featuredmedia":[{"embeddable":true,"href":"https:\/\/www.moskito.cz\/es\/wp-json\/wp\/v2\/media\/356331"}],"wp:attachment":[{"href":"https:\/\/www.moskito.cz\/es\/wp-json\/wp\/v2\/media?parent=356356"}],"wp:term":[{"taxonomy":"pwb-brand","embeddable":true,"href":"https:\/\/www.moskito.cz\/es\/wp-json\/wp\/v2\/pwb-brand?post=356356"},{"taxonomy":"product_brand","embeddable":true,"href":"https:\/\/www.moskito.cz\/es\/wp-json\/wp\/v2\/product_brand?post=356356"},{"taxonomy":"product_cat","embeddable":true,"href":"https:\/\/www.moskito.cz\/es\/wp-json\/wp\/v2\/product_cat?post=356356"},{"taxonomy":"product_tag","embeddable":true,"href":"https:\/\/www.moskito.cz\/es\/wp-json\/wp\/v2\/product_tag?post=356356"}],"curies":[{"name":"wp","href":"https:\/\/api.w.org\/{rel}","templated":true}]}}